{"id":308271,"date":"2026-01-16T07:04:12","date_gmt":"2026-01-16T04:04:12","guid":{"rendered":"https:\/\/baldumarket.lt\/product\/kuchnia-karmen-260-cm\/"},"modified":"2026-03-23T13:00:26","modified_gmt":"2026-03-23T10:00:26","slug":"kuchnia-karmen-260-cm","status":"publish","type":"product","link":"https:\/\/baldumarket.lt\/lt\/product\/kuchnia-karmen-260-cm\/","title":{"rendered":"Karmen virtuv\u0117 260 cm"},"content":{"rendered":"<h5><span style=\"color: #54859b\">Apsilankykite m\u016bs\u0173 virtualioje Stolarz-Lempert prek\u0117s \u017eenklo parduotuv\u0117je<\/span><\/h5>\n<p> <a href=\"http:\/\/spacer.lempert.pl\/\" target=\"_blank\" rel=\"noopener\"><span style=\"color: #e47025\">http:\/\/spacer.lempert.pl\/<\/span><\/a><\/p>\n<p>\u201eKarmen 260 cm\u201c blizgi virtuv\u0117 \u2013 tai modernus virtuv\u0117s bald\u0173 komplektas, pasi\u017eymintis paprastomis formomis, lengvu dizainu ir blizgiais PVC fasadais. Komplektas puikiai tinka bet kuriai moderniu stiliumi dekoruotai virtuvei. Virtuv\u0117s ypatyb\u0117s:<br \/>\nAuk\u0161tos kokyb\u0117s vir\u0161utiniai fasadai pagaminti i\u0161 blizgios PVC technologijos, atspar\u016bs nepalankioms virtuv\u0117s s\u0105lygoms<br \/>\nErdvios spintel\u0117s<br \/>\nMetalin\u0117s rankenos<br \/>\n2,8 cm storio stalvir\u0161is, pagamintas naudojant pokalimo technologij\u0105, su ergonomi\u0161kai u\u017eapvalinta travertino spalvos priekine dalimi.<br \/>\nVirtuv\u0117s spalvos:<br \/>\nFasadai: MDF, kremin\u0117, poliruota \/ PVC, kremin\u0117, poliruota<br \/>\nKorpusas: pilkas<br \/>\n\u012e rinkin\u012f \u012feina:<br \/>\nVir\u0161utin\u0117s spintel\u0117s:<br \/>\n80 GU-72 2F (2 vnt.)<br \/>\n60 GU-72 2F<br \/>\n40 G-72 F<br \/>\nApatin\u0117s spintel\u0117s:<br \/>\n80 ZL 2F BB<br \/>\n80 D2F BB<br \/>\n60 D 1F BB<br \/>\n40 D 4S BB<br \/>\nSpintel\u0117s be stalvir\u0161i\u0173<br \/>\nPapildomos parinktys:<br \/>\nGalimyb\u0117 u\u017esisakyti papildomas spinteles arba papildom\u0173 spinteli\u0173 komplekt\u0105 (taip pat yra ir kampini\u0173 spinteli\u0173 \u2013 kaip nurodyta antroje nuotraukoje)<br \/>\nSpinteli\u0173 priekin\u0117s dalys galimos \u0161iomis spalvomis: blizgi raudona \u2013 ro\u017ein\u0117 virtuv\u0117, blizgi balta \u2013 Bianka virtuv\u0117 ir blizgi pilka \u2013 pilka virtuv\u0117<\/p>","protected":false},"excerpt":{"rendered":"<p>Gylis su stalvir\u0161iu [cm]: 60<br \/>\nGylis [cm]: 31 vir\u0161uje<br \/>\nGylis be vir\u0161utinio sluoksnio [cm]: 52<br \/>\nGylis su stalvir\u0161iu [cm]: 60<br \/>\nPlotis [cm]: 260<br \/>\nAuk\u0161tis be vir\u0161utinio sluoksnio [cm]: 82<\/p>","protected":false},"featured_media":308272,"comment_status":"open","ping_status":"open","template":"","meta":[],"product_brand":[],"product_cat":[9234,1932],"product_tag":[],"class_list":{"0":"post-308271","1":"product","2":"type-product","3":"status-publish","4":"has-post-thumbnail","6":"product_cat-stolarz-lempert","7":"product_cat-kitchen-sets","9":"first","10":"instock","11":"purchasable","12":"product-type-simple"},"_links":{"self":[{"href":"https:\/\/baldumarket.lt\/lt\/wp-json\/wp\/v2\/product\/308271","targetHints":{"allow":["GET"]}}],"collection":[{"href":"https:\/\/baldumarket.lt\/lt\/wp-json\/wp\/v2\/product"}],"about":[{"href":"https:\/\/baldumarket.lt\/lt\/wp-json\/wp\/v2\/types\/product"}],"replies":[{"embeddable":true,"href":"https:\/\/baldumarket.lt\/lt\/wp-json\/wp\/v2\/comments?post=308271"}],"wp:featuredmedia":[{"embeddable":true,"href":"https:\/\/baldumarket.lt\/lt\/wp-json\/wp\/v2\/media\/308272"}],"wp:attachment":[{"href":"https:\/\/baldumarket.lt\/lt\/wp-json\/wp\/v2\/media?parent=308271"}],"wp:term":[{"taxonomy":"product_brand","embeddable":true,"href":"https:\/\/baldumarket.lt\/lt\/wp-json\/wp\/v2\/product_brand?post=308271"},{"taxonomy":"product_cat","embeddable":true,"href":"https:\/\/baldumarket.lt\/lt\/wp-json\/wp\/v2\/product_cat?post=308271"},{"taxonomy":"product_tag","embeddable":true,"href":"https:\/\/baldumarket.lt\/lt\/wp-json\/wp\/v2\/product_tag?post=308271"}],"curies":[{"name":"wp","href":"https:\/\/api.w.org\/{rel}","templated":true}]}}