{"id":308028,"date":"2026-01-16T07:01:03","date_gmt":"2026-01-16T04:01:03","guid":{"rendered":"https:\/\/baldumarket.lt\/product\/kuchnia-omega-240-cm-z-blatami\/"},"modified":"2026-03-23T13:00:26","modified_gmt":"2026-03-23T10:00:26","slug":"kuchnia-omega-240-cm-z-blatami","status":"publish","type":"product","link":"https:\/\/baldumarket.lt\/lt\/product\/kuchnia-omega-240-cm-z-blatami\/","title":{"rendered":"Omega virtuv\u0117 240 cm su stalvir\u0161iais"},"content":{"rendered":"<h5><span style=\"color: #54859b\">Apsilankykite m\u016bs\u0173 virtualioje Stolarz-Lempert prek\u0117s \u017eenklo parduotuv\u0117je<\/span><\/h5>\n<p> <a href=\"http:\/\/spacer.lempert.pl\/\" target=\"_blank\" rel=\"noopener\"><span style=\"color: #e47025\">http:\/\/spacer.lempert.pl\/<\/span><\/a><\/p>\n<p>\u201eOmega Kitchen\u201c 240 cm virtuv\u0117s bald\u0173 komplektas, galima \u012fsigyti su stalvir\u0161iais, netgi kriaukl\u0117s spintelei, vir\u0161utin\u0117s spintel\u0117s auk\u0161tis 60 cm. Komplekt\u0105 sudaro:<br \/>\nauk\u0161tos kokyb\u0117s fasadai i\u0161 laminuotos plok\u0161t\u0117s<br \/>\nerdvios spintel\u0117s<br \/>\nplastikin\u0117s rankenos<br \/>\n2,8 cm storio stalvir\u0161is, pagamintas naudojant postformavimo technologij\u0105, su ergonomi\u0161kai u\u017eapvalinta priekine dalimi<br \/>\nmetaliniai vyriai ir stal\u010diai<br \/>\n\u00a0<br \/>\nVirtuv\u0117s spalvos:<br \/>\nVir\u0161utin\u0117 priekin\u0117 dalis: balta \/ 2 mm PVC kra\u0161tas<br \/>\nApatin\u0117 priekin\u0117 dalis: juoda \/ 2 mm PVC kra\u0161tas<br \/>\nKorpusas: baltas<br \/>\nRankena: 128 mm \u2013 plastikin\u0117<br \/>\nStalvir\u0161is: 28 mm baltas<br \/>\n\u00a0<br \/>\n\u012e rinkin\u012f \u012feina:<br \/>\nvir\u0161utin\u0117s spintel\u0117s:<br \/>\n80 GS-60<br \/>\n40 G-60<br \/>\n60 Gerai-40<br \/>\n60 G-60<br \/>\napatin\u0117s spintel\u0117s:<br \/>\n80 ZL 2F ZB<br \/>\n40 D 1S 1F ZB<br \/>\n60 DG ZB<br \/>\n60 D 2F ZB<br \/>\napatin\u0117s spintel\u0117s: visos su atskirtais stalvir\u0161iais<br \/>\n\u00a0<br \/>\nLikusios laisvos virtuv\u0117s bald\u0173 sistemos spintel\u0117s, kurias galima prid\u0117ti prie komplekto, parodytos papildomoje nuotraukoje.<\/p>","protected":false},"excerpt":{"rendered":"<p>Komplekto plotis [cm]: 240<br \/>\nPriekin\u0117s dalies tipas: laminuota plok\u0161t\u0117 \/ MDF \/ lakuota laminuota plok\u0161t\u0117<br \/>\nPriekin\u0117s dalies tipas: laminuota plok\u0161t\u0117 \/ MDF \/ lakuota laminuota plok\u0161t\u0117<\/p>","protected":false},"featured_media":308029,"comment_status":"open","ping_status":"open","template":"","meta":[],"product_brand":[],"product_cat":[9234,1932],"product_tag":[],"class_list":{"0":"post-308028","1":"product","2":"type-product","3":"status-publish","4":"has-post-thumbnail","6":"product_cat-stolarz-lempert","7":"product_cat-kitchen-sets","9":"first","10":"instock","11":"purchasable","12":"product-type-simple"},"_links":{"self":[{"href":"https:\/\/baldumarket.lt\/lt\/wp-json\/wp\/v2\/product\/308028","targetHints":{"allow":["GET"]}}],"collection":[{"href":"https:\/\/baldumarket.lt\/lt\/wp-json\/wp\/v2\/product"}],"about":[{"href":"https:\/\/baldumarket.lt\/lt\/wp-json\/wp\/v2\/types\/product"}],"replies":[{"embeddable":true,"href":"https:\/\/baldumarket.lt\/lt\/wp-json\/wp\/v2\/comments?post=308028"}],"wp:featuredmedia":[{"embeddable":true,"href":"https:\/\/baldumarket.lt\/lt\/wp-json\/wp\/v2\/media\/308029"}],"wp:attachment":[{"href":"https:\/\/baldumarket.lt\/lt\/wp-json\/wp\/v2\/media?parent=308028"}],"wp:term":[{"taxonomy":"product_brand","embeddable":true,"href":"https:\/\/baldumarket.lt\/lt\/wp-json\/wp\/v2\/product_brand?post=308028"},{"taxonomy":"product_cat","embeddable":true,"href":"https:\/\/baldumarket.lt\/lt\/wp-json\/wp\/v2\/product_cat?post=308028"},{"taxonomy":"product_tag","embeddable":true,"href":"https:\/\/baldumarket.lt\/lt\/wp-json\/wp\/v2\/product_tag?post=308028"}],"curies":[{"name":"wp","href":"https:\/\/api.w.org\/{rel}","templated":true}]}}