{"id":307757,"date":"2026-01-16T06:57:31","date_gmt":"2026-01-16T03:57:31","guid":{"rendered":"https:\/\/baldumarket.lt\/product\/szafka-dolna-narozna-eko-white-89x89-dn-1f-bb\/"},"modified":"2026-04-23T19:08:05","modified_gmt":"2026-04-23T16:08:05","slug":"szafka-dolna-narozna-eko-white-89x89-dn-1f-bb","status":"publish","type":"product","link":"https:\/\/baldumarket.lt\/lt\/product\/szafka-dolna-narozna-eko-white-89x89-dn-1f-bb\/","title":{"rendered":"Apatin\u0117 kampin\u0117 spintel\u0117 Eko White 89\u00d789 DN 1F BB"},"content":{"rendered":"<h5><span style=\"color: #54859b\">Apsilankykite m\u016bs\u0173 virtualioje Stolarz-Lempert prek\u0117s \u017eenklo parduotuv\u0117je<\/span><\/h5>\n<p> <a href=\"http:\/\/spacer.lempert.pl\/\" target=\"_blank\" rel=\"noopener\"><span style=\"color: #e47025\">http:\/\/spacer.lempert.pl\/<\/span><\/a><\/p>\n<p>\u201eEco White\u201c virtuv\u0117 \u2013 tai itin prakti\u0161k\u0173 ir patraukli\u0173 bald\u0173 komplektas, kuris tiks bet kokiam interjerui. Stiklin\u0117 vitrina suteikia kambariui dekoratyv\u0173 akcent\u0105, subtil\u0173 ir \u012fdom\u0173 vaizd\u0105. Tvirtos rankenos suteikia charakterio ir palengvina prieig\u0105 prie viduje laikom\u0173 produkt\u0173.<br \/>\nPaprastos formos \u2013 puikus pasirinkimas moderniai virtuvei. Komplekt\u0105 sudaro:<br \/>\nauk\u0161tos kokyb\u0117s fasadai i\u0161 laminuotos plok\u0161t\u0117s<br \/>\nerdvios spintel\u0117s<br \/>\nplastikin\u0117s rankenos<br \/>\n2,8 cm arba 3,8 cm storio stalvir\u0161iai, pagaminti naudojant postformavimo technologij\u0105, su ergonomi\u0161kai u\u017eapvalinta priekine dalimi<br \/>\nmetaliniai vyriai ir stal\u010diai<br \/>\nVirtuv\u0117s spalvos:<br \/>\nPriekin\u0117 dalis: matin\u0117 balta PVC<br \/>\nKorpusas: baltas<br \/>\nRankena: 128 \u2013 1,278\/F713<br \/>\nPavaizduotas stalvir\u0161is: 28 mm \u201eLancelot Oak\u201c<br \/>\nEko balta kampin\u0117 apatin\u0117 spintel\u0117 89\u00d789 DN 1F BB \u2013 be stalvir\u0161io.<br \/>\nUniversali spintel\u0117, galima montuoti de\u0161in\u0117je arba kair\u0117je pus\u0117je.<\/p>","protected":false},"excerpt":{"rendered":"<p>Plotis [cm]: 83\/83<br \/>\nGylis be vir\u0161utinio sluoksnio [cm]: 52<br \/>\nGylis su stalvir\u0161iu [cm]: 60<br \/>\nPlotis [cm]: 83\/83<br \/>\nAuk\u0161tis be vir\u0161utinio vir\u0161utinio sluoksnio [cm]: 82<\/p>","protected":false},"featured_media":307758,"comment_status":"open","ping_status":"open","template":"","meta":[],"product_brand":[],"product_cat":[9234,9118],"product_tag":[],"class_list":{"0":"post-307757","1":"product","2":"type-product","3":"status-publish","4":"has-post-thumbnail","6":"product_cat-stolarz-lempert","7":"product_cat-kitchen-cabinets","9":"first","10":"instock","11":"purchasable","12":"product-type-simple"},"_links":{"self":[{"href":"https:\/\/baldumarket.lt\/lt\/wp-json\/wp\/v2\/product\/307757","targetHints":{"allow":["GET"]}}],"collection":[{"href":"https:\/\/baldumarket.lt\/lt\/wp-json\/wp\/v2\/product"}],"about":[{"href":"https:\/\/baldumarket.lt\/lt\/wp-json\/wp\/v2\/types\/product"}],"replies":[{"embeddable":true,"href":"https:\/\/baldumarket.lt\/lt\/wp-json\/wp\/v2\/comments?post=307757"}],"wp:featuredmedia":[{"embeddable":true,"href":"https:\/\/baldumarket.lt\/lt\/wp-json\/wp\/v2\/media\/307758"}],"wp:attachment":[{"href":"https:\/\/baldumarket.lt\/lt\/wp-json\/wp\/v2\/media?parent=307757"}],"wp:term":[{"taxonomy":"product_brand","embeddable":true,"href":"https:\/\/baldumarket.lt\/lt\/wp-json\/wp\/v2\/product_brand?post=307757"},{"taxonomy":"product_cat","embeddable":true,"href":"https:\/\/baldumarket.lt\/lt\/wp-json\/wp\/v2\/product_cat?post=307757"},{"taxonomy":"product_tag","embeddable":true,"href":"https:\/\/baldumarket.lt\/lt\/wp-json\/wp\/v2\/product_tag?post=307757"}],"curies":[{"name":"wp","href":"https:\/\/api.w.org\/{rel}","templated":true}]}}