{"id":307707,"date":"2026-01-16T06:56:56","date_gmt":"2026-01-16T03:56:56","guid":{"rendered":"https:\/\/baldumarket.lt\/product\/szafka-gorna-sara-lefkas-60-g-72\/"},"modified":"2026-04-23T19:08:14","modified_gmt":"2026-04-23T16:08:14","slug":"szafka-gorna-sara-lefkas-60-g-72","status":"publish","type":"product","link":"https:\/\/baldumarket.lt\/lt\/product\/szafka-gorna-sara-lefkas-60-g-72\/","title":{"rendered":"Vir\u0161utin\u0117 spintel\u0117 Sara lefkas 60 G-72"},"content":{"rendered":"<h5><span style=\"color: #54859b\">Apsilankykite m\u016bs\u0173 virtualioje Stolarz-Lempert prek\u0117s \u017eenklo parduotuv\u0117je<\/span><\/h5>\n<p> <a href=\"http:\/\/spacer.lempert.pl\/\" target=\"_blank\" rel=\"noopener\"><span style=\"color: #e47025\">http:\/\/spacer.lempert.pl\/<\/span><\/a><\/p>\n<p>\u201eSara Lefkas Oak Kitchen\u201c \u2013 tai virtuv\u0117s bald\u0173 komplektas, kurio paprastos, lengvos formos ir ry\u0161kios, madingos spalvos papildys bet kok\u012f modern\u0173 interjer\u0105, o horizontalus, \u0161viesus ra\u0161tas vizualiai padidins bet kuri\u0105 ma\u017e\u0105 virtuv\u0119.<br \/>\n\u012e rinkin\u012f \u012feina:<br \/>\nAuk\u0161tos kokyb\u0117s fasadai pagaminti i\u0161 laminuotos plok\u0161t\u0117s<br \/>\nErdvios spintel\u0117s<br \/>\nPlastikin\u0117s rankenos<br \/>\n2,8 cm arba 3,8 cm storio stalvir\u0161iai, pagaminti naudojant pokalimo technologij\u0105, su ergonomi\u0161kai u\u017eapvalinta priekine dalimi<br \/>\nMetaliniai vyriai ir stal\u010diai<br \/>\nVirtuv\u0117s spalvos:<br \/>\nFasadas: Lefkas \u0105\u017euolas<br \/>\nKorpusas: baltas<br \/>\nRankena: 128\u20131,278 \/ F713 \/ plastikas<br \/>\nPavaizduotas stalvir\u0161is: 28 mm travertinas<br \/>\nSara Lefkas 60 G-72 vir\u0161utin\u0117 spintel\u0117 \u2013 su lentyna viduje.<\/p>","protected":false},"excerpt":{"rendered":"<p>\u016agis [cm]: 71,5<br \/>\nGylis [cm]: 31<br \/>\nPlotis [cm]: 60<br \/>\n\u016agis [cm]: 71,5<\/p>","protected":false},"featured_media":307708,"comment_status":"open","ping_status":"open","template":"","meta":[],"product_brand":[],"product_cat":[9234,9118],"product_tag":[],"class_list":{"0":"post-307707","1":"product","2":"type-product","3":"status-publish","4":"has-post-thumbnail","6":"product_cat-stolarz-lempert","7":"product_cat-kitchen-cabinets","9":"first","10":"instock","11":"purchasable","12":"product-type-simple"},"_links":{"self":[{"href":"https:\/\/baldumarket.lt\/lt\/wp-json\/wp\/v2\/product\/307707","targetHints":{"allow":["GET"]}}],"collection":[{"href":"https:\/\/baldumarket.lt\/lt\/wp-json\/wp\/v2\/product"}],"about":[{"href":"https:\/\/baldumarket.lt\/lt\/wp-json\/wp\/v2\/types\/product"}],"replies":[{"embeddable":true,"href":"https:\/\/baldumarket.lt\/lt\/wp-json\/wp\/v2\/comments?post=307707"}],"wp:featuredmedia":[{"embeddable":true,"href":"https:\/\/baldumarket.lt\/lt\/wp-json\/wp\/v2\/media\/307708"}],"wp:attachment":[{"href":"https:\/\/baldumarket.lt\/lt\/wp-json\/wp\/v2\/media?parent=307707"}],"wp:term":[{"taxonomy":"product_brand","embeddable":true,"href":"https:\/\/baldumarket.lt\/lt\/wp-json\/wp\/v2\/product_brand?post=307707"},{"taxonomy":"product_cat","embeddable":true,"href":"https:\/\/baldumarket.lt\/lt\/wp-json\/wp\/v2\/product_cat?post=307707"},{"taxonomy":"product_tag","embeddable":true,"href":"https:\/\/baldumarket.lt\/lt\/wp-json\/wp\/v2\/product_tag?post=307707"}],"curies":[{"name":"wp","href":"https:\/\/api.w.org\/{rel}","templated":true}]}}