{"id":307687,"date":"2026-01-16T06:56:40","date_gmt":"2026-01-16T03:56:40","guid":{"rendered":"https:\/\/baldumarket.lt\/product\/szafka-slupek-sara-lefkas-40-dk-210-2f\/"},"modified":"2026-04-23T19:08:22","modified_gmt":"2026-04-23T16:08:22","slug":"szafka-slupek-sara-lefkas-40-dk-210-2f","status":"publish","type":"product","link":"https:\/\/baldumarket.lt\/lt\/product\/szafka-slupek-sara-lefkas-40-dk-210-2f\/","title":{"rendered":"Sara lefkas 40 DK-210 2F kolonin\u0117 spintel\u0117"},"content":{"rendered":"<h5><span style=\"color: #54859b\">Apsilankykite m\u016bs\u0173 virtualioje Stolarz-Lempert prek\u0117s \u017eenklo parduotuv\u0117je<\/span><\/h5>\n<p> <a href=\"http:\/\/spacer.lempert.pl\/\" target=\"_blank\" rel=\"noopener\"><span style=\"color: #e47025\">http:\/\/spacer.lempert.pl\/<\/span><\/a><\/p>\n<p>\u201eSara Lefkas Oak Kitchen\u201c \u2013 tai virtuv\u0117s bald\u0173 komplektas, kurio paprastos, lengvos formos ir ry\u0161kios, madingos spalvos papildys bet kok\u012f modern\u0173 interjer\u0105, o horizontalus, \u0161viesus ra\u0161tas vizualiai padidins bet kuri\u0105 ma\u017e\u0105 virtuv\u0119.<br \/>\n\u012e rinkin\u012f \u012feina:<br \/>\nauk\u0161tos kokyb\u0117s fasadai i\u0161 laminuotos plok\u0161t\u0117s<br \/>\nerdvios spintel\u0117s<br \/>\nplastikin\u0117s rankenos<br \/>\n2,8 cm arba 3,8 cm storio stalvir\u0161iai, pagaminti naudojant pokalimo technologij\u0105, su ergonomi\u0161kai u\u017eapvalinta priekine dalimi<br \/>\nmetaliniai vyriai ir stal\u010diai<br \/>\nVirtuv\u0117s spalvos:<br \/>\nFasadas: Lefkas \u0105\u017euolas<br \/>\nKorpusas: baltas<br \/>\nRankena: 128\u20131,278 \/ F713 \/ plastikas<br \/>\nPavaizduotas stalvir\u0161is: 28 mm travertinas<br \/>\n\u201eSara Lefkas 40 DK-210\u201c 2F kolonin\u0117 spintel\u0117 \u2013 su lentyna viduje.<\/p>","protected":false},"excerpt":{"rendered":"<p>Auk\u0161tis [cm]: 210<br \/>\nGylis [cm]: 57<br \/>\nPlotis [cm]: 40<br \/>\nAuk\u0161tis [cm]: 210<\/p>","protected":false},"featured_media":307688,"comment_status":"open","ping_status":"open","template":"","meta":[],"product_brand":[],"product_cat":[9234,9118],"product_tag":[],"class_list":{"0":"post-307687","1":"product","2":"type-product","3":"status-publish","4":"has-post-thumbnail","6":"product_cat-stolarz-lempert","7":"product_cat-kitchen-cabinets","9":"first","10":"instock","11":"purchasable","12":"product-type-simple"},"_links":{"self":[{"href":"https:\/\/baldumarket.lt\/lt\/wp-json\/wp\/v2\/product\/307687","targetHints":{"allow":["GET"]}}],"collection":[{"href":"https:\/\/baldumarket.lt\/lt\/wp-json\/wp\/v2\/product"}],"about":[{"href":"https:\/\/baldumarket.lt\/lt\/wp-json\/wp\/v2\/types\/product"}],"replies":[{"embeddable":true,"href":"https:\/\/baldumarket.lt\/lt\/wp-json\/wp\/v2\/comments?post=307687"}],"wp:featuredmedia":[{"embeddable":true,"href":"https:\/\/baldumarket.lt\/lt\/wp-json\/wp\/v2\/media\/307688"}],"wp:attachment":[{"href":"https:\/\/baldumarket.lt\/lt\/wp-json\/wp\/v2\/media?parent=307687"}],"wp:term":[{"taxonomy":"product_brand","embeddable":true,"href":"https:\/\/baldumarket.lt\/lt\/wp-json\/wp\/v2\/product_brand?post=307687"},{"taxonomy":"product_cat","embeddable":true,"href":"https:\/\/baldumarket.lt\/lt\/wp-json\/wp\/v2\/product_cat?post=307687"},{"taxonomy":"product_tag","embeddable":true,"href":"https:\/\/baldumarket.lt\/lt\/wp-json\/wp\/v2\/product_tag?post=307687"}],"curies":[{"name":"wp","href":"https:\/\/api.w.org\/{rel}","templated":true}]}}