{"id":307682,"date":"2026-01-16T06:56:36","date_gmt":"2026-01-16T03:56:36","guid":{"rendered":"https:\/\/baldumarket.lt\/product\/szafka-dolna-narozna-sara-lefkas-89x89-dn-1f-bb\/"},"modified":"2026-04-23T19:08:22","modified_gmt":"2026-04-23T16:08:22","slug":"szafka-dolna-narozna-sara-lefkas-89x89-dn-1f-bb","status":"publish","type":"product","link":"https:\/\/baldumarket.lt\/lt\/product\/szafka-dolna-narozna-sara-lefkas-89x89-dn-1f-bb\/","title":{"rendered":"Apatin\u0117 kampin\u0117 spintel\u0117 Sara lefkas 89\u00d789 DN 1F BB"},"content":{"rendered":"<h5><span style=\"color: #54859b\">Apsilankykite m\u016bs\u0173 virtualioje Stolarz-Lempert prek\u0117s \u017eenklo parduotuv\u0117je<\/span><\/h5>\n<p> <a href=\"http:\/\/spacer.lempert.pl\/\" target=\"_blank\" rel=\"noopener\"><span style=\"color: #e47025\">http:\/\/spacer.lempert.pl\/<\/span><\/a><\/p>\n<p>\u201eSara Lefkas Oak Kitchen\u201c \u2013 tai virtuv\u0117s bald\u0173 komplektas, kurio paprastos, lengvos formos ir ry\u0161kios, madingos spalvos papildys bet kok\u012f modern\u0173 interjer\u0105, o horizontalus, \u0161viesus ra\u0161tas vizualiai padidins bet kuri\u0105 ma\u017e\u0105 virtuv\u0119.<br \/>\n\u012e rinkin\u012f \u012feina:<br \/>\nauk\u0161tos kokyb\u0117s fasadai i\u0161 laminuotos plok\u0161t\u0117s<br \/>\nerdvios spintel\u0117s<br \/>\nplastikin\u0117s rankenos<br \/>\n2,8 cm arba 3,8 cm storio stalvir\u0161is, pagamintas naudojant pokalimo technologij\u0105, su ergonomi\u0161kai u\u017eapvalinta priekine dalimi<br \/>\nmetaliniai vyriai ir stal\u010diai<br \/>\nVirtuv\u0117s spalvos:<br \/>\nFasadas: Lefkas \u0105\u017euolas<br \/>\nKorpusas: baltas<br \/>\nRankena: 128\u20131,278 \/ F713 \/ plastikas<br \/>\nNuotraukoje esantis stalvir\u0161is: 28 mm travertinas<br \/>\nSara Lefkas kampin\u0117 apatin\u0117 spintel\u0117 89\u00d789 DN 1F BB \u2013 spintel\u0117 be stalvir\u0161io, su lentyna viduje. Universali spintel\u0117, montuojama de\u0161in\u0117je arba kair\u0117je.<\/p>","protected":false},"excerpt":{"rendered":"<p>Auk\u0161tis be vir\u0161utinio sluoksnio [cm]: 82<br \/>\nGylis be vir\u0161utinio sluoksnio [cm]: 48<br \/>\nPlotis [cm]: 83\/83<br \/>\nAuk\u0161tis be vir\u0161utinio sluoksnio [cm]: 82<\/p>","protected":false},"featured_media":307683,"comment_status":"open","ping_status":"open","template":"","meta":[],"product_brand":[],"product_cat":[9234,9118],"product_tag":[],"class_list":{"0":"post-307682","1":"product","2":"type-product","3":"status-publish","4":"has-post-thumbnail","6":"product_cat-stolarz-lempert","7":"product_cat-kitchen-cabinets","9":"first","10":"instock","11":"purchasable","12":"product-type-simple"},"_links":{"self":[{"href":"https:\/\/baldumarket.lt\/lt\/wp-json\/wp\/v2\/product\/307682","targetHints":{"allow":["GET"]}}],"collection":[{"href":"https:\/\/baldumarket.lt\/lt\/wp-json\/wp\/v2\/product"}],"about":[{"href":"https:\/\/baldumarket.lt\/lt\/wp-json\/wp\/v2\/types\/product"}],"replies":[{"embeddable":true,"href":"https:\/\/baldumarket.lt\/lt\/wp-json\/wp\/v2\/comments?post=307682"}],"wp:featuredmedia":[{"embeddable":true,"href":"https:\/\/baldumarket.lt\/lt\/wp-json\/wp\/v2\/media\/307683"}],"wp:attachment":[{"href":"https:\/\/baldumarket.lt\/lt\/wp-json\/wp\/v2\/media?parent=307682"}],"wp:term":[{"taxonomy":"product_brand","embeddable":true,"href":"https:\/\/baldumarket.lt\/lt\/wp-json\/wp\/v2\/product_brand?post=307682"},{"taxonomy":"product_cat","embeddable":true,"href":"https:\/\/baldumarket.lt\/lt\/wp-json\/wp\/v2\/product_cat?post=307682"},{"taxonomy":"product_tag","embeddable":true,"href":"https:\/\/baldumarket.lt\/lt\/wp-json\/wp\/v2\/product_tag?post=307682"}],"curies":[{"name":"wp","href":"https:\/\/api.w.org\/{rel}","templated":true}]}}