{"id":307652,"date":"2026-01-16T06:56:14","date_gmt":"2026-01-16T03:56:14","guid":{"rendered":"https:\/\/baldumarket.lt\/product\/wklad-na-sztucce-40-50-60-80-cm-producenta-10\/"},"modified":"2026-04-23T19:08:30","modified_gmt":"2026-04-23T16:08:30","slug":"wklad-na-sztucce-40-50-60-80-cm-producenta-10","status":"publish","type":"product","link":"https:\/\/baldumarket.lt\/lt\/product\/wklad-na-sztucce-40-50-60-80-cm-producenta-10\/","title":{"rendered":"\u012eranki\u0173 \u012fd\u0117klas 40, 50, 60, 80 cm gamintojas 10"},"content":{"rendered":"<h5><span style=\"color: #54859b\">Apsilankykite m\u016bs\u0173 virtualioje Stolarz-Lempert prek\u0117s \u017eenklo parduotuv\u0117je<\/span><\/h5>\n<p> <a href=\"http:\/\/spacer.lempert.pl\/\" target=\"_blank\" rel=\"noopener\"><span style=\"color: #e47025\">http:\/\/spacer.lempert.pl\/<\/span><\/a><\/p>\n<p>\u012eranki\u0173 \u012fd\u0117klas negiliam stal\u010diui, kurio plotis \u2013 40, 50, 60 arba 80 cm. \u012ed\u0117klo plot\u012f pasirinkite i\u0161 de\u0161in\u0117je esan\u010di\u0173 parink\u010di\u0173.<br \/>\nPASTABA: \u0160is \u012fd\u0117klas galimas tik perkant 10 serijos virtuv\u0119; jo negalima si\u0173sti atskirai.<\/p>","protected":false},"excerpt":{"rendered":"<p>plotis [cm]: 40, 60 arba 80 cm<\/p>","protected":false},"featured_media":307653,"comment_status":"open","ping_status":"open","template":"","meta":[],"product_brand":[],"product_cat":[9234,1043],"product_tag":[],"class_list":{"0":"post-307652","1":"product","2":"type-product","3":"status-publish","4":"has-post-thumbnail","6":"product_cat-stolarz-lempert","7":"product_cat-extras","9":"first","10":"instock","11":"purchasable","12":"product-type-simple"},"_links":{"self":[{"href":"https:\/\/baldumarket.lt\/lt\/wp-json\/wp\/v2\/product\/307652","targetHints":{"allow":["GET"]}}],"collection":[{"href":"https:\/\/baldumarket.lt\/lt\/wp-json\/wp\/v2\/product"}],"about":[{"href":"https:\/\/baldumarket.lt\/lt\/wp-json\/wp\/v2\/types\/product"}],"replies":[{"embeddable":true,"href":"https:\/\/baldumarket.lt\/lt\/wp-json\/wp\/v2\/comments?post=307652"}],"wp:featuredmedia":[{"embeddable":true,"href":"https:\/\/baldumarket.lt\/lt\/wp-json\/wp\/v2\/media\/307653"}],"wp:attachment":[{"href":"https:\/\/baldumarket.lt\/lt\/wp-json\/wp\/v2\/media?parent=307652"}],"wp:term":[{"taxonomy":"product_brand","embeddable":true,"href":"https:\/\/baldumarket.lt\/lt\/wp-json\/wp\/v2\/product_brand?post=307652"},{"taxonomy":"product_cat","embeddable":true,"href":"https:\/\/baldumarket.lt\/lt\/wp-json\/wp\/v2\/product_cat?post=307652"},{"taxonomy":"product_tag","embeddable":true,"href":"https:\/\/baldumarket.lt\/lt\/wp-json\/wp\/v2\/product_tag?post=307652"}],"curies":[{"name":"wp","href":"https:\/\/api.w.org\/{rel}","templated":true}]}}