{"id":307650,"date":"2026-01-16T06:56:13","date_gmt":"2026-01-16T03:56:13","guid":{"rendered":"https:\/\/baldumarket.lt\/product\/uszczelka-do-cokolow-producenta-10\/"},"modified":"2026-04-23T19:08:30","modified_gmt":"2026-04-23T16:08:30","slug":"uszczelka-do-cokolow-producenta-10","status":"publish","type":"product","link":"https:\/\/baldumarket.lt\/lt\/product\/uszczelka-do-cokolow-producenta-10\/","title":{"rendered":"Gamintojo kokolio sandariklis 10"},"content":{"rendered":"<h5><span style=\"color: #54859b\">Apsilankykite m\u016bs\u0173 virtualioje Stolarz-Lempert prek\u0117s \u017eenklo parduotuv\u0117je<\/span><\/h5>\n<p> <a href=\"http:\/\/spacer.lempert.pl\/\" target=\"_blank\" rel=\"noopener\"><span style=\"color: #e47025\">http:\/\/spacer.lempert.pl\/<\/span><\/a><\/p>\n<p>Gamintojo 10 cokolio sandarinimo juosta \u2013 perkant 1 vnt., perkate 3 metrus.<br \/>\nCokolinis sandariklis neleid\u017eia dr\u0117gmei liestis su cokoliu, neleid\u017eia jam sugerti vandens ir neleid\u017eia vandeniui prasiskverbti po spintel\u0117mis.<br \/>\nPASTABA \u2013 tarpin\u0117 parduodama tik perkant \u201eManufacturer 10\u201c virtuv\u0119. D\u0117l savo formos jos negalima si\u0173sti atskirai.<\/p>","protected":false},"excerpt":{"rendered":"<p>Plotis [cm]: 300<\/p>","protected":false},"featured_media":307651,"comment_status":"open","ping_status":"open","template":"","meta":[],"product_brand":[],"product_cat":[9234,1043],"product_tag":[],"class_list":{"0":"post-307650","1":"product","2":"type-product","3":"status-publish","4":"has-post-thumbnail","6":"product_cat-stolarz-lempert","7":"product_cat-extras","9":"first","10":"instock","11":"purchasable","12":"product-type-simple"},"_links":{"self":[{"href":"https:\/\/baldumarket.lt\/lt\/wp-json\/wp\/v2\/product\/307650","targetHints":{"allow":["GET"]}}],"collection":[{"href":"https:\/\/baldumarket.lt\/lt\/wp-json\/wp\/v2\/product"}],"about":[{"href":"https:\/\/baldumarket.lt\/lt\/wp-json\/wp\/v2\/types\/product"}],"replies":[{"embeddable":true,"href":"https:\/\/baldumarket.lt\/lt\/wp-json\/wp\/v2\/comments?post=307650"}],"wp:featuredmedia":[{"embeddable":true,"href":"https:\/\/baldumarket.lt\/lt\/wp-json\/wp\/v2\/media\/307651"}],"wp:attachment":[{"href":"https:\/\/baldumarket.lt\/lt\/wp-json\/wp\/v2\/media?parent=307650"}],"wp:term":[{"taxonomy":"product_brand","embeddable":true,"href":"https:\/\/baldumarket.lt\/lt\/wp-json\/wp\/v2\/product_brand?post=307650"},{"taxonomy":"product_cat","embeddable":true,"href":"https:\/\/baldumarket.lt\/lt\/wp-json\/wp\/v2\/product_cat?post=307650"},{"taxonomy":"product_tag","embeddable":true,"href":"https:\/\/baldumarket.lt\/lt\/wp-json\/wp\/v2\/product_tag?post=307650"}],"curies":[{"name":"wp","href":"https:\/\/api.w.org\/{rel}","templated":true}]}}