{"id":307626,"date":"2026-01-16T06:55:54","date_gmt":"2026-01-16T03:55:54","guid":{"rendered":"https:\/\/baldumarket.lt\/product\/komoda-rumba-3f-dab-sonoma\/"},"modified":"2026-04-23T19:08:30","modified_gmt":"2026-04-23T16:08:30","slug":"komoda-rumba-3f-dab-sonoma","status":"publish","type":"product","link":"https:\/\/baldumarket.lt\/lt\/product\/komoda-rumba-3f-dab-sonoma\/","title":{"rendered":"Rumba 3 stal\u010di\u0173 komoda, Sonoma \u0105\u017euolas"},"content":{"rendered":"<h5><span style=\"color: #54859b\">Apsilankykite m\u016bs\u0173 virtualioje Stolarz-Lempert prek\u0117s \u017eenklo parduotuv\u0117je<\/span><\/h5>\n<p> <a href=\"http:\/\/spacer.lempert.pl\/\" target=\"_blank\" rel=\"noopener\"><span style=\"color: #e47025\">http:\/\/spacer.lempert.pl\/<\/span><\/a><\/p>\n<p>\u201eRumba\u201c komoda yra modernus ir erdvus baldas, papildantis \u201eRumba\u201c ir \u201eRumba XL\u201c sienines spinteles.<br \/>\nKomoda turi tris spinteles, viduje yra lentyna.<br \/>\n\u012e paie\u0161kos laukel\u012f \u012fveskite \u017eod\u012f \u201eRumba\u201c \u2013 rasite dvi sienines spinteles ir komodas.<br \/>\nSpalva \u2013 Sonoma \u0105\u017euolo laminatas<\/p>","protected":false},"excerpt":{"rendered":"<p>Plotis [cm]: 148,8<br \/>\nAuk\u0161tis [cm]: 82<br \/>\ngylis [cm]: 40,3<\/p>","protected":false},"featured_media":307627,"comment_status":"open","ping_status":"open","template":"","meta":[],"product_brand":[],"product_cat":[9234,1173],"product_tag":[],"class_list":{"0":"post-307626","1":"product","2":"type-product","3":"status-publish","4":"has-post-thumbnail","6":"product_cat-stolarz-lempert","7":"product_cat-chests-of-drawers","9":"first","10":"instock","11":"purchasable","12":"product-type-simple"},"_links":{"self":[{"href":"https:\/\/baldumarket.lt\/lt\/wp-json\/wp\/v2\/product\/307626","targetHints":{"allow":["GET"]}}],"collection":[{"href":"https:\/\/baldumarket.lt\/lt\/wp-json\/wp\/v2\/product"}],"about":[{"href":"https:\/\/baldumarket.lt\/lt\/wp-json\/wp\/v2\/types\/product"}],"replies":[{"embeddable":true,"href":"https:\/\/baldumarket.lt\/lt\/wp-json\/wp\/v2\/comments?post=307626"}],"wp:featuredmedia":[{"embeddable":true,"href":"https:\/\/baldumarket.lt\/lt\/wp-json\/wp\/v2\/media\/307627"}],"wp:attachment":[{"href":"https:\/\/baldumarket.lt\/lt\/wp-json\/wp\/v2\/media?parent=307626"}],"wp:term":[{"taxonomy":"product_brand","embeddable":true,"href":"https:\/\/baldumarket.lt\/lt\/wp-json\/wp\/v2\/product_brand?post=307626"},{"taxonomy":"product_cat","embeddable":true,"href":"https:\/\/baldumarket.lt\/lt\/wp-json\/wp\/v2\/product_cat?post=307626"},{"taxonomy":"product_tag","embeddable":true,"href":"https:\/\/baldumarket.lt\/lt\/wp-json\/wp\/v2\/product_tag?post=307626"}],"curies":[{"name":"wp","href":"https:\/\/api.w.org\/{rel}","templated":true}]}}