{"id":307603,"date":"2026-01-16T06:55:36","date_gmt":"2026-01-16T03:55:36","guid":{"rendered":"https:\/\/baldumarket.lt\/product\/regal-ruchomy-narozny-karol-2\/"},"modified":"2026-03-23T13:00:26","modified_gmt":"2026-03-23T10:00:26","slug":"regal-ruchomy-narozny-karol-2","status":"publish","type":"product","link":"https:\/\/baldumarket.lt\/lt\/product\/regal-ruchomy-narozny-karol-2\/","title":{"rendered":"Karol 2 mobili kampin\u0117 lentyna"},"content":{"rendered":"<h5><span style=\"color: #54859b\">Apsilankykite m\u016bs\u0173 virtualioje Stolarz-Lempert prek\u0117s \u017eenklo parduotuv\u0117je<\/span><\/h5>\n<p> <a href=\"http:\/\/spacer.lempert.pl\/\" target=\"_blank\" rel=\"noopener\"><span style=\"color: #e47025\">http:\/\/spacer.lempert.pl\/<\/span><\/a><\/p>\n<p>\u2019Karol 2\u201c mobili kampin\u0117 lentyna \u2013 \u0161is baldas yra dviej\u0173 spalv\u0173, j\u012f galima naudoti kaip atskir\u0105 arba kampin\u012f bald\u0105, puikiai tinkant\u012f paaugli\u0173 kambariams.<br \/>\nSpalva:<br \/>\nPagaminta i\u0161 22 mm laminuotos plok\u0161t\u0117s su 0,4 mm PVC apvadu baltos ir sonoma spalvos.<\/p>","protected":false},"excerpt":{"rendered":"<p>Plotis [cm]: 72,5\u2013125<br \/>\n\u016agis [cm]: 188<br \/>\ngylis [cm]: 33<\/p>","protected":false},"featured_media":307604,"comment_status":"open","ping_status":"open","template":"","meta":[],"product_brand":[],"product_cat":[9234,1987],"product_tag":[],"class_list":{"0":"post-307603","1":"product","2":"type-product","3":"status-publish","4":"has-post-thumbnail","6":"product_cat-stolarz-lempert","7":"product_cat-shelving-units","9":"first","10":"instock","11":"purchasable","12":"product-type-simple"},"_links":{"self":[{"href":"https:\/\/baldumarket.lt\/lt\/wp-json\/wp\/v2\/product\/307603","targetHints":{"allow":["GET"]}}],"collection":[{"href":"https:\/\/baldumarket.lt\/lt\/wp-json\/wp\/v2\/product"}],"about":[{"href":"https:\/\/baldumarket.lt\/lt\/wp-json\/wp\/v2\/types\/product"}],"replies":[{"embeddable":true,"href":"https:\/\/baldumarket.lt\/lt\/wp-json\/wp\/v2\/comments?post=307603"}],"wp:featuredmedia":[{"embeddable":true,"href":"https:\/\/baldumarket.lt\/lt\/wp-json\/wp\/v2\/media\/307604"}],"wp:attachment":[{"href":"https:\/\/baldumarket.lt\/lt\/wp-json\/wp\/v2\/media?parent=307603"}],"wp:term":[{"taxonomy":"product_brand","embeddable":true,"href":"https:\/\/baldumarket.lt\/lt\/wp-json\/wp\/v2\/product_brand?post=307603"},{"taxonomy":"product_cat","embeddable":true,"href":"https:\/\/baldumarket.lt\/lt\/wp-json\/wp\/v2\/product_cat?post=307603"},{"taxonomy":"product_tag","embeddable":true,"href":"https:\/\/baldumarket.lt\/lt\/wp-json\/wp\/v2\/product_tag?post=307603"}],"curies":[{"name":"wp","href":"https:\/\/api.w.org\/{rel}","templated":true}]}}