{"id":307595,"date":"2026-01-16T06:55:31","date_gmt":"2026-01-16T03:55:31","guid":{"rendered":"https:\/\/baldumarket.lt\/product\/mebloscianka-paris-grafit-dab-sonoma\/"},"modified":"2026-03-23T13:00:26","modified_gmt":"2026-03-23T10:00:26","slug":"mebloscianka-paris-grafit-dab-sonoma","status":"publish","type":"product","link":"https:\/\/baldumarket.lt\/lt\/product\/mebloscianka-paris-grafit-dab-sonoma\/","title":{"rendered":"Pary\u017eiaus sienin\u0117 spintel\u0117 grafito spalvos &#8211; sonoma \u0105\u017euolas"},"content":{"rendered":"<h5><span style=\"color: #54859b\">Apsilankykite m\u016bs\u0173 virtualioje Stolarz-Lempert prek\u0117s \u017eenklo parduotuv\u0117je<\/span><\/h5>\n<p> <a href=\"http:\/\/spacer.lempert.pl\/\" target=\"_blank\" rel=\"noopener\"><span style=\"color: #e47025\">http:\/\/spacer.lempert.pl\/<\/span><\/a><\/p>\n<p>The Paris Graphite Wall Unit &#8211; Sonoma Oak &#8211; is a modern, extensive furniture set for a living room or large living room.<br \/>\nKomplekt\u0105 sudaro televizoriaus staliukas, spintel\u0117s su vitrinomis ir prailginta dalis su lentynomis.<br \/>\nThe wall unit is available in the following colors: Graphite MDF fronts \/ SONOMA OAK Laminate body, made of 16 mm thick laminated board.<br \/>\nThe cabinets on the sides of the wall unit feature shelves.<br \/>\nLED ap\u0161vietimas galimas u\u017e papildom\u0105 mokest\u012f (galima \u012fsigyti kaip papildom\u0105 \u012frang\u0105).<br \/>\nParis chests of drawers can also be purchased as an addition to the furniture set.<\/p>","protected":false},"excerpt":{"rendered":"<p>Plotis [cm]: 340<br \/>\n\u016agis [cm]: 197,5<br \/>\ngylis [cm]: 44<\/p>","protected":false},"featured_media":307596,"comment_status":"open","ping_status":"open","template":"","meta":[],"product_brand":[],"product_cat":[9234,2008],"product_tag":[],"class_list":{"0":"post-307595","1":"product","2":"type-product","3":"status-publish","4":"has-post-thumbnail","6":"product_cat-stolarz-lempert","7":"product_cat-wall-units","9":"first","10":"instock","11":"purchasable","12":"product-type-simple"},"_links":{"self":[{"href":"https:\/\/baldumarket.lt\/lt\/wp-json\/wp\/v2\/product\/307595","targetHints":{"allow":["GET"]}}],"collection":[{"href":"https:\/\/baldumarket.lt\/lt\/wp-json\/wp\/v2\/product"}],"about":[{"href":"https:\/\/baldumarket.lt\/lt\/wp-json\/wp\/v2\/types\/product"}],"replies":[{"embeddable":true,"href":"https:\/\/baldumarket.lt\/lt\/wp-json\/wp\/v2\/comments?post=307595"}],"wp:featuredmedia":[{"embeddable":true,"href":"https:\/\/baldumarket.lt\/lt\/wp-json\/wp\/v2\/media\/307596"}],"wp:attachment":[{"href":"https:\/\/baldumarket.lt\/lt\/wp-json\/wp\/v2\/media?parent=307595"}],"wp:term":[{"taxonomy":"product_brand","embeddable":true,"href":"https:\/\/baldumarket.lt\/lt\/wp-json\/wp\/v2\/product_brand?post=307595"},{"taxonomy":"product_cat","embeddable":true,"href":"https:\/\/baldumarket.lt\/lt\/wp-json\/wp\/v2\/product_cat?post=307595"},{"taxonomy":"product_tag","embeddable":true,"href":"https:\/\/baldumarket.lt\/lt\/wp-json\/wp\/v2\/product_tag?post=307595"}],"curies":[{"name":"wp","href":"https:\/\/api.w.org\/{rel}","templated":true}]}}