{"id":307591,"date":"2026-01-16T06:55:28","date_gmt":"2026-01-16T03:55:28","guid":{"rendered":"https:\/\/baldumarket.lt\/product\/komoda-paris-gr-3f3s-grafit-dab-sonoma\/"},"modified":"2026-04-23T19:08:40","modified_gmt":"2026-04-23T16:08:40","slug":"komoda-paris-gr-3f3s-grafit-dab-sonoma","status":"publish","type":"product","link":"https:\/\/baldumarket.lt\/lt\/product\/komoda-paris-gr-3f3s-grafit-dab-sonoma\/","title":{"rendered":"Paris GR 3F3S komoda \u2013 grafito spalvos \u2013 sonoma \u0105\u017euolas"},"content":{"rendered":"<h5><span style=\"color: #54859b\">Apsilankykite m\u016bs\u0173 virtualioje Stolarz-Lempert prek\u0117s \u017eenklo parduotuv\u0117je<\/span><\/h5>\n<p> <a href=\"http:\/\/spacer.lempert.pl\/\" target=\"_blank\" rel=\"noopener\"><span style=\"color: #e47025\">http:\/\/spacer.lempert.pl\/<\/span><\/a><\/p>\n<p>Komoda \u201eParis\u201c \u2013 grafito spalvos \u2013 Sonoma \u0105\u017euolo \u2013 tai modernus baldas. Komoda turi tris spinteles ir tris stal\u010dius.<br \/>\nSienin\u0119 spintel\u0119 \u201eParis\u201c galima u\u017esisakyti kaip derant\u012f element\u0105.<br \/>\nSpalva:<br \/>\nGrafito MDF fasadas \/ SONOMA \u0104\u017dUOLO laminato korpusas<br \/>\nKomodos pakuot\u0117s matmenys:<br \/>\n1\/2 pakuot\u0117s \u2013 390 x 690 x 60 mm \u2013 6 kg<br \/>\n2\/2 pakuot\u0117 \u2013 420 x 1130 x 14 mm \u2013 14 kg<br \/>\nM\u016bs\u0173 internetin\u0117 parduotuv\u0117 si\u016blo \u012fdomi\u0173 sprendim\u0173, kurie tikrai supaprastins daikt\u0173 laikym\u0105. Rasite \u012fvairi\u0173 kampini\u0173, modulini\u0173 ir stumdom\u0173 spint\u0173, taip pat komod\u0173, vitrin\u0173 ir indauj\u0173. \u201eSonoma\u201c komoda yra universalios spalvos, kuri dera prie beveik visko. J\u0105 galite lengvai derinti su kitais med\u017eio spalvos baldais, ji taip pat tiks ir ekstravaganti\u0161kesniuose i\u0161d\u0117stymuose. Klasikinis dizainas dera prie skandinavi\u0161ko, industrinio ir minimalistinio interjero. Ji pagaminta i\u0161 auk\u0161tos kokyb\u0117s med\u017eiag\u0173, kurios u\u017etikrina ilgamet\u012f malonum\u0105. Gamintojas suteikia 24 m\u0117nesi\u0173 garantij\u0105.<br \/>\nPriekin\u0117s dalys pagamintos i\u0161 MDF plok\u0161t\u0117s, o korpusas \u2013 i\u0161 Sonoma \u0105\u017euolo spalvos laminato. \u201eSonoma Paris\u201c komodai reikia minimalios prie\u017ei\u016bros. Pakanka reguliariai valyti dulkes, o kartais galima naudoti speciali\u0105 antistatin\u0119 priemon\u0119, kad suma\u017eintum\u0117te dulki\u0173 kaupim\u0105si.<br \/>\nUnikali \u201eSonoma\u201c komoda j\u016bs\u0173 interjerui<br \/>\nU\u017esakydami \u201eSonoma\u201c komod\u0105 m\u016bs\u0173 internetin\u0117je parduotuv\u0117je, prek\u0119 gausite atskirose pakuot\u0117se. J\u0105 reik\u0117s surinkti patiems. Tai n\u0117ra problema, nes kartu su baldais gausite ir ai\u0161kias instrukcijas bei visus reikalingus surinkimo priedus. U\u017esakym\u0105 galite atsiimti asmeni\u0161kai arba u\u017esisakyti pristatym\u0105 tiesiai \u012f j\u016bs\u0173 nurodyt\u0105 adres\u0105 per kurjer\u012f. Jei norite sukurti vientis\u0105 bald\u0173 komplekt\u0105 savo svetain\u0117je ar miegamajame, galite u\u017esisakyti tos pa\u010dios serijos sienin\u0119 spintel\u0119, kuri papildyt\u0173 \u201eSonoma\u201c komod\u0105. Funkcionalum\u0105 u\u017etikrina trys erdv\u016bs stal\u010diai, kuriuose tikrai liks vietos apatiniams drabu\u017eiams ir stalo \u012frankiams. Trys u\u017erakinamos lentynos suteikia daug vietos drabu\u017eiams, stalties\u0117ms, stalo \u012frankiams ir stalo \u012frankiams. Nepriklausomai nuo komodos vietos, galite b\u016bti tikri, kad joje tilps visi j\u016bs\u0173 reikalingi daiktai. \u0160\u012f bald\u0105 galima naudoti svetain\u0117je, miegamajame, darbo kambaryje ar jaunimo kambaryje. Jo dizainas taip pat papildys klasikinius biuro baldus. \u201eSonoma\u201c komoda yra esteti\u0161kai pagaminta, atsi\u017evelgiant \u012f smulkiausias detales. \u0160is baldas bus ir prakti\u0161kas, ir dekoratyvus. Jo matmenys \u2013 103,4 centimetro plo\u010dio, 70 centimetr\u0173 auk\u0161\u010dio ir 37 centimetr\u0173 gylio, tod\u0117l jis tinka tiek ma\u017eesniems, tiek didesniems interjerams. \u012erengdami namus, b\u016btinai per\u017ei\u016br\u0117kite vis\u0105 m\u016bs\u0173 asortiment\u0105!<\/p>","protected":false},"excerpt":{"rendered":"<p>Plotis [cm]: 103,4<br \/>\nAuk\u0161tis [cm]: 70<br \/>\nGylis [cm]: 37<br \/>\nKomodos stilius: modernus<br \/>\nMed\u017eiaga: laminuota plok\u0161t\u0117 + MDF<br \/>\nKomodos spalvos: Sonoma \u0105\u017euolas, gratitas<br \/>\nAtidarymo b\u016bdas: naudojant rankenas<br \/>\nStal\u010di\u0173 skai\u010dius: 3<br \/>\nKoj\u0173 tipas: be koj\u0173 \u2013 ant cokolio<\/p>","protected":false},"featured_media":307592,"comment_status":"open","ping_status":"open","template":"","meta":[],"product_brand":[],"product_cat":[9234,1173],"product_tag":[],"class_list":{"0":"post-307591","1":"product","2":"type-product","3":"status-publish","4":"has-post-thumbnail","6":"product_cat-stolarz-lempert","7":"product_cat-chests-of-drawers","9":"first","10":"instock","11":"purchasable","12":"product-type-simple"},"_links":{"self":[{"href":"https:\/\/baldumarket.lt\/lt\/wp-json\/wp\/v2\/product\/307591","targetHints":{"allow":["GET"]}}],"collection":[{"href":"https:\/\/baldumarket.lt\/lt\/wp-json\/wp\/v2\/product"}],"about":[{"href":"https:\/\/baldumarket.lt\/lt\/wp-json\/wp\/v2\/types\/product"}],"replies":[{"embeddable":true,"href":"https:\/\/baldumarket.lt\/lt\/wp-json\/wp\/v2\/comments?post=307591"}],"wp:featuredmedia":[{"embeddable":true,"href":"https:\/\/baldumarket.lt\/lt\/wp-json\/wp\/v2\/media\/307592"}],"wp:attachment":[{"href":"https:\/\/baldumarket.lt\/lt\/wp-json\/wp\/v2\/media?parent=307591"}],"wp:term":[{"taxonomy":"product_brand","embeddable":true,"href":"https:\/\/baldumarket.lt\/lt\/wp-json\/wp\/v2\/product_brand?post=307591"},{"taxonomy":"product_cat","embeddable":true,"href":"https:\/\/baldumarket.lt\/lt\/wp-json\/wp\/v2\/product_cat?post=307591"},{"taxonomy":"product_tag","embeddable":true,"href":"https:\/\/baldumarket.lt\/lt\/wp-json\/wp\/v2\/product_tag?post=307591"}],"curies":[{"name":"wp","href":"https:\/\/api.w.org\/{rel}","templated":true}]}}