{"id":307587,"date":"2026-01-16T06:55:25","date_gmt":"2026-01-16T03:55:25","guid":{"rendered":"https:\/\/baldumarket.lt\/product\/komoda-paris-gr-2f2s-grafit-dab-sonoma\/"},"modified":"2026-03-23T13:00:26","modified_gmt":"2026-03-23T10:00:26","slug":"komoda-paris-gr-2f2s-grafit-dab-sonoma","status":"publish","type":"product","link":"https:\/\/baldumarket.lt\/lt\/product\/komoda-paris-gr-2f2s-grafit-dab-sonoma\/","title":{"rendered":"Paris GR 2F2S komoda &#8211; grafito spalvos &#8211; sonoma \u0105\u017euolas"},"content":{"rendered":"<h5><span style=\"color: #54859b\">Apsilankykite m\u016bs\u0173 virtualioje Stolarz-Lempert prek\u0117s \u017eenklo parduotuv\u0117je<\/span><\/h5>\n<p> <a href=\"http:\/\/spacer.lempert.pl\/\" target=\"_blank\" rel=\"noopener\"><span style=\"color: #e47025\">http:\/\/spacer.lempert.pl\/<\/span><\/a><\/p>\n<p>Komoda \u201eParis\u201c \u2013 grafito spalvos \u2013 Sonoma \u0105\u017euolo spalvos \u2013 tai modernus baldas. Komoda turi dvi spinteles ir du stal\u010dius. Galima u\u017esisakyti ir prie jos deran\u010di\u0105 sienin\u0119 spintel\u0119 \u201eParis\u201c.<br \/>\nSpalva:<br \/>\nGrafito MDF fasadas \/ SONOMA \u0104\u017dUOLO laminato korpusas<br \/>\nKomodos pakuot\u0117s matmenys:<br \/>\nPakuot\u0117 1\/2 \u2013 390 x 690 x 40 mm \u2013 5,5 kg<br \/>\n2\/2 pakuot\u0117 \u2013 420 x 910 x 13 mm \u2013 13 kg<\/p>","protected":false},"excerpt":{"rendered":"<p>Plotis [cm]: 69<br \/>\nAuk\u0161tis [cm]: 70<br \/>\nGylis [cm]: 37<br \/>\nKomodos stilius: modernus<br \/>\nMed\u017eiaga: laminuota plok\u0161t\u0117 + MDF<br \/>\nKomodos spalvos: Sonoma \u0105\u017euolas, gratitas<br \/>\nAtidarymo b\u016bdas: naudojant rankenas<br \/>\nStal\u010di\u0173 skai\u010dius: 2<br \/>\nKoj\u0173 tipas: be koj\u0173 \u2013 ant cokolio<\/p>","protected":false},"featured_media":307588,"comment_status":"open","ping_status":"open","template":"","meta":[],"product_brand":[],"product_cat":[9234,1173],"product_tag":[],"class_list":{"0":"post-307587","1":"product","2":"type-product","3":"status-publish","4":"has-post-thumbnail","6":"product_cat-stolarz-lempert","7":"product_cat-chests-of-drawers","9":"first","10":"instock","11":"purchasable","12":"product-type-simple"},"_links":{"self":[{"href":"https:\/\/baldumarket.lt\/lt\/wp-json\/wp\/v2\/product\/307587","targetHints":{"allow":["GET"]}}],"collection":[{"href":"https:\/\/baldumarket.lt\/lt\/wp-json\/wp\/v2\/product"}],"about":[{"href":"https:\/\/baldumarket.lt\/lt\/wp-json\/wp\/v2\/types\/product"}],"replies":[{"embeddable":true,"href":"https:\/\/baldumarket.lt\/lt\/wp-json\/wp\/v2\/comments?post=307587"}],"wp:featuredmedia":[{"embeddable":true,"href":"https:\/\/baldumarket.lt\/lt\/wp-json\/wp\/v2\/media\/307588"}],"wp:attachment":[{"href":"https:\/\/baldumarket.lt\/lt\/wp-json\/wp\/v2\/media?parent=307587"}],"wp:term":[{"taxonomy":"product_brand","embeddable":true,"href":"https:\/\/baldumarket.lt\/lt\/wp-json\/wp\/v2\/product_brand?post=307587"},{"taxonomy":"product_cat","embeddable":true,"href":"https:\/\/baldumarket.lt\/lt\/wp-json\/wp\/v2\/product_cat?post=307587"},{"taxonomy":"product_tag","embeddable":true,"href":"https:\/\/baldumarket.lt\/lt\/wp-json\/wp\/v2\/product_tag?post=307587"}],"curies":[{"name":"wp","href":"https:\/\/api.w.org\/{rel}","templated":true}]}}