{"id":307543,"date":"2026-01-16T06:54:52","date_gmt":"2026-01-16T03:54:52","guid":{"rendered":"https:\/\/baldumarket.lt\/product\/szafka-gorna-okapowa-bordeaux-50-ok-40\/"},"modified":"2026-03-23T13:00:26","modified_gmt":"2026-03-23T10:00:26","slug":"szafka-gorna-okapowa-bordeaux-50-ok-40","status":"publish","type":"product","link":"https:\/\/baldumarket.lt\/lt\/product\/szafka-gorna-okapowa-bordeaux-50-ok-40\/","title":{"rendered":"Bordo 50 OK-40 vir\u0161utin\u0117 gartraukio spintel\u0117"},"content":{"rendered":"<h5><span style=\"color: #54859b\">Apsilankykite m\u016bs\u0173 virtualioje Stolarz-Lempert prek\u0117s \u017eenklo parduotuv\u0117je<\/span><\/h5>\n<p> <a href=\"http:\/\/spacer.lempert.pl\/\" target=\"_blank\" rel=\"noopener\"><span style=\"color: #e47025\">http:\/\/spacer.lempert.pl\/<\/span><\/a><\/p>\n<p>\u201eBordeaux\u201c virtuv\u0117 \u2013 tai itin prakti\u0161k\u0173 ir \u012fdomi\u0173 bald\u0173 komplektas, kuris tiks bet kokiam interjerui. Stiklin\u0117 vitrina suteikia kambariui subtilumo ir \u012fdomumo. Tvirtos rankenos suteikia charakterio ir palengvina prieig\u0105 prie viduje laikom\u0173 produkt\u0173. Jos puikiai dera prie bendro dizaino.<br \/>\nPaprastos formos \u2013 puikus pasirinkimas moderniai virtuvei. Komplekt\u0105 sudaro:<br \/>\nauk\u0161tos kokyb\u0117s fasadai i\u0161 laminuotos plok\u0161t\u0117s<br \/>\nerdvios spintel\u0117s<br \/>\nplastikin\u0117s rankenos<br \/>\n2,8 cm arba 3,8 cm storio stalvir\u0161iai, pagaminti naudojant postformavimo technologij\u0105, su ergonomi\u0161kai u\u017eapvalinta priekine dalimi<br \/>\nmetaliniai vyriai ir stal\u010diai<br \/>\nVirtuv\u0117s spalvos:<br \/>\nFasadas: Bordo \u0105\u017euolo PVC<br \/>\nKorpusas: Bordo \u0105\u017euolas<br \/>\nRankena: LEM-160<br \/>\nPaveiksl\u0117lyje parodytas stalvir\u0161is: 28 mm tamsus travertinas<br \/>\nBordeaux 50 OK-40 gaubto \u012frenginys.<br \/>\nPASTABA \u2013 spintel\u0117s auk\u0161tis: 40 cm.<\/p>","protected":false},"excerpt":{"rendered":"<p>Auk\u0161tis [cm]: 40<br \/>\nGylis [cm]: 31<br \/>\nPlotis [cm]: 50<br \/>\nAuk\u0161tis [cm]: 40<\/p>","protected":false},"featured_media":307544,"comment_status":"open","ping_status":"open","template":"","meta":[],"product_brand":[],"product_cat":[9234,9118],"product_tag":[],"class_list":{"0":"post-307543","1":"product","2":"type-product","3":"status-publish","4":"has-post-thumbnail","6":"product_cat-stolarz-lempert","7":"product_cat-kitchen-cabinets","9":"first","10":"instock","11":"purchasable","12":"product-type-simple"},"_links":{"self":[{"href":"https:\/\/baldumarket.lt\/lt\/wp-json\/wp\/v2\/product\/307543","targetHints":{"allow":["GET"]}}],"collection":[{"href":"https:\/\/baldumarket.lt\/lt\/wp-json\/wp\/v2\/product"}],"about":[{"href":"https:\/\/baldumarket.lt\/lt\/wp-json\/wp\/v2\/types\/product"}],"replies":[{"embeddable":true,"href":"https:\/\/baldumarket.lt\/lt\/wp-json\/wp\/v2\/comments?post=307543"}],"wp:featuredmedia":[{"embeddable":true,"href":"https:\/\/baldumarket.lt\/lt\/wp-json\/wp\/v2\/media\/307544"}],"wp:attachment":[{"href":"https:\/\/baldumarket.lt\/lt\/wp-json\/wp\/v2\/media?parent=307543"}],"wp:term":[{"taxonomy":"product_brand","embeddable":true,"href":"https:\/\/baldumarket.lt\/lt\/wp-json\/wp\/v2\/product_brand?post=307543"},{"taxonomy":"product_cat","embeddable":true,"href":"https:\/\/baldumarket.lt\/lt\/wp-json\/wp\/v2\/product_cat?post=307543"},{"taxonomy":"product_tag","embeddable":true,"href":"https:\/\/baldumarket.lt\/lt\/wp-json\/wp\/v2\/product_tag?post=307543"}],"curies":[{"name":"wp","href":"https:\/\/api.w.org\/{rel}","templated":true}]}}