{"id":307453,"date":"2026-01-16T06:53:38","date_gmt":"2026-01-16T03:53:38","guid":{"rendered":"https:\/\/baldumarket.lt\/product\/szafka-dolna-bordeaux-80-d-2f-bb\/"},"modified":"2026-04-23T19:09:08","modified_gmt":"2026-04-23T16:09:08","slug":"szafka-dolna-bordeaux-80-d-2f-bb","status":"publish","type":"product","link":"https:\/\/baldumarket.lt\/lt\/product\/szafka-dolna-bordeaux-80-d-2f-bb\/","title":{"rendered":"Bordeaux 80 D 2F BB apatin\u0117 spintel\u0117"},"content":{"rendered":"<h5><span style=\"color: #54859b\">Apsilankykite m\u016bs\u0173 virtualioje Stolarz-Lempert prek\u0117s \u017eenklo parduotuv\u0117je<\/span><\/h5>\n<p> <a href=\"http:\/\/spacer.lempert.pl\/\" target=\"_blank\" rel=\"noopener\"><span style=\"color: #e47025\">http:\/\/spacer.lempert.pl\/<\/span><\/a><\/p>\n<p>\u201eBordeaux\u201c virtuv\u0117 \u2013 tai itin prakti\u0161k\u0173 ir \u012fdomi\u0173 bald\u0173 komplektas, kuris tiks bet kokiam interjerui. Stiklin\u0117 vitrina suteikia kambariui subtilumo ir \u012fdomumo. Tvirtos rankenos suteikia charakterio ir palengvina prieig\u0105 prie viduje laikom\u0173 produkt\u0173. Jos puikiai dera prie bendro dizaino.<br \/>\nPaprastos formos \u2013 puikus pasirinkimas moderniai virtuvei. Komplekt\u0105 sudaro:<br \/>\nauk\u0161tos kokyb\u0117s fasadai i\u0161 laminuotos plok\u0161t\u0117s<br \/>\nerdvios spintel\u0117s<br \/>\nplastikin\u0117s rankenos<br \/>\n2,8 cm arba 3,8 cm storio stalvir\u0161iai, pagaminti naudojant postformavimo technologij\u0105, su ergonomi\u0161kai u\u017eapvalinta priekine dalimi<br \/>\nmetaliniai vyriai ir stal\u010diai<br \/>\nVirtuv\u0117s spalvos:<br \/>\nFasadas: Bordo \u0105\u017euolo PVC<br \/>\nKorpusas: Bordo \u0105\u017euolas<br \/>\nRankena: LEM-160<br \/>\nPaveiksl\u0117lyje parodytas stalvir\u0161is: 28 mm tamsus travertinas<br \/>\nBordeaux 80 D 2F BB apatin\u0117 spintel\u0117 \u2013 dviej\u0173 dur\u0173 spintel\u0117 \u2013 spintel\u0117 be stalvir\u0161io.<\/p>","protected":false},"excerpt":{"rendered":"<p>Plotis [cm]: 80<br \/>\nGylis be vir\u0161utinio sluoksnio [cm]: 52<br \/>\nGylis su stalvir\u0161iu [cm]: 60<br \/>\nPlotis [cm]: 80<br \/>\nAuk\u0161tis be vir\u0161utinio vir\u0161utinio sluoksnio [cm]: 82<\/p>","protected":false},"featured_media":307454,"comment_status":"open","ping_status":"open","template":"","meta":[],"product_brand":[],"product_cat":[9234,9118],"product_tag":[],"class_list":{"0":"post-307453","1":"product","2":"type-product","3":"status-publish","4":"has-post-thumbnail","6":"product_cat-stolarz-lempert","7":"product_cat-kitchen-cabinets","9":"first","10":"instock","11":"purchasable","12":"product-type-simple"},"_links":{"self":[{"href":"https:\/\/baldumarket.lt\/lt\/wp-json\/wp\/v2\/product\/307453","targetHints":{"allow":["GET"]}}],"collection":[{"href":"https:\/\/baldumarket.lt\/lt\/wp-json\/wp\/v2\/product"}],"about":[{"href":"https:\/\/baldumarket.lt\/lt\/wp-json\/wp\/v2\/types\/product"}],"replies":[{"embeddable":true,"href":"https:\/\/baldumarket.lt\/lt\/wp-json\/wp\/v2\/comments?post=307453"}],"wp:featuredmedia":[{"embeddable":true,"href":"https:\/\/baldumarket.lt\/lt\/wp-json\/wp\/v2\/media\/307454"}],"wp:attachment":[{"href":"https:\/\/baldumarket.lt\/lt\/wp-json\/wp\/v2\/media?parent=307453"}],"wp:term":[{"taxonomy":"product_brand","embeddable":true,"href":"https:\/\/baldumarket.lt\/lt\/wp-json\/wp\/v2\/product_brand?post=307453"},{"taxonomy":"product_cat","embeddable":true,"href":"https:\/\/baldumarket.lt\/lt\/wp-json\/wp\/v2\/product_cat?post=307453"},{"taxonomy":"product_tag","embeddable":true,"href":"https:\/\/baldumarket.lt\/lt\/wp-json\/wp\/v2\/product_tag?post=307453"}],"curies":[{"name":"wp","href":"https:\/\/api.w.org\/{rel}","templated":true}]}}