{"id":307357,"date":"2026-01-16T06:52:18","date_gmt":"2026-01-16T03:52:18","guid":{"rendered":"https:\/\/baldumarket.lt\/product\/szafka-slupek-chamonix-60-dk-210-2f\/"},"modified":"2026-03-23T13:00:26","modified_gmt":"2026-03-23T10:00:26","slug":"szafka-slupek-chamonix-60-dk-210-2f","status":"publish","type":"product","link":"https:\/\/baldumarket.lt\/lt\/product\/szafka-slupek-chamonix-60-dk-210-2f\/","title":{"rendered":"\u201eChamonix 60 DK-210\u201c 2F kolonin\u0117 spintel\u0117"},"content":{"rendered":"<h5><span style=\"color: #54859b\">Apsilankykite m\u016bs\u0173 virtualioje Stolarz-Lempert prek\u0117s \u017eenklo parduotuv\u0117je<\/span><\/h5>\n<p> <a href=\"http:\/\/spacer.lempert.pl\/\" target=\"_blank\" rel=\"noopener\"><span style=\"color: #e47025\">http:\/\/spacer.lempert.pl\/<\/span><\/a><\/p>\n<p>\u201eChamonix\u201c virtuv\u0117 \u2013 tai itin prakti\u0161k\u0173 ir \u012fdomi\u0173 bald\u0173 komplektas, kuris tiks bet kokiam interjerui. D\u0117l stiklin\u0117s vitrinos jie suteikia tinkam\u0105 dekoratyvin\u012f akcent\u0105, suteikdami kambariui subtil\u0173 ir \u012fdom\u0173 vaizd\u0105. Tvirtos rankenos suteikia charakterio ir palengvina prieig\u0105 prie viduje laikom\u0173 produkt\u0173. Jos puikiai dera prie bendro dizaino.<br \/>\nPaprastos formos ir kontrastingos spalvos \u2013 puikus pasirinkimas moderniai virtuvei. Komplekt\u0105 sudaro:<br \/>\nauk\u0161tos kokyb\u0117s fasadai i\u0161 laminuotos plok\u0161t\u0117s<br \/>\nerdvios spintel\u0117s<br \/>\nplastikin\u0117s rankenos<br \/>\n2,8 cm arba 3,8 cm storio stalvir\u0161iai, pagaminti naudojant postformavimo technologij\u0105, su ergonomi\u0161kai u\u017eapvalinta priekine dalimi<br \/>\nmetaliniai vyriai ir stal\u010diai<br \/>\nVirtuv\u0117s spalvos:<br \/>\nFasadas: Ferrara \u0105\u017euolas<br \/>\nPriekin\u0117 dalis: Tamsus Legno<br \/>\nKorpusas: Ferrara \u0105\u017euolas<br \/>\nRankena 160: 1,277 mm plastikas<br \/>\nNuotraukoje esantis stalvir\u0161is: 28 mm baltoji pu\u0161is<br \/>\n\u201eChamonix 60 DK-210\u201c 2F kolonin\u0117 spintel\u0117 \u2013 lentyna viduje.<\/p>","protected":false},"excerpt":{"rendered":"<p>Auk\u0161tis [cm]: 210<br \/>\nPlotis [cm]: 60<br \/>\nGylis [cm]: 57<br \/>\nAuk\u0161tis [cm]: 210<\/p>","protected":false},"featured_media":307358,"comment_status":"open","ping_status":"open","template":"","meta":[],"product_brand":[],"product_cat":[9234,9118],"product_tag":[],"class_list":{"0":"post-307357","1":"product","2":"type-product","3":"status-publish","4":"has-post-thumbnail","6":"product_cat-stolarz-lempert","7":"product_cat-kitchen-cabinets","9":"first","10":"instock","11":"purchasable","12":"product-type-simple"},"_links":{"self":[{"href":"https:\/\/baldumarket.lt\/lt\/wp-json\/wp\/v2\/product\/307357","targetHints":{"allow":["GET"]}}],"collection":[{"href":"https:\/\/baldumarket.lt\/lt\/wp-json\/wp\/v2\/product"}],"about":[{"href":"https:\/\/baldumarket.lt\/lt\/wp-json\/wp\/v2\/types\/product"}],"replies":[{"embeddable":true,"href":"https:\/\/baldumarket.lt\/lt\/wp-json\/wp\/v2\/comments?post=307357"}],"wp:featuredmedia":[{"embeddable":true,"href":"https:\/\/baldumarket.lt\/lt\/wp-json\/wp\/v2\/media\/307358"}],"wp:attachment":[{"href":"https:\/\/baldumarket.lt\/lt\/wp-json\/wp\/v2\/media?parent=307357"}],"wp:term":[{"taxonomy":"product_brand","embeddable":true,"href":"https:\/\/baldumarket.lt\/lt\/wp-json\/wp\/v2\/product_brand?post=307357"},{"taxonomy":"product_cat","embeddable":true,"href":"https:\/\/baldumarket.lt\/lt\/wp-json\/wp\/v2\/product_cat?post=307357"},{"taxonomy":"product_tag","embeddable":true,"href":"https:\/\/baldumarket.lt\/lt\/wp-json\/wp\/v2\/product_tag?post=307357"}],"curies":[{"name":"wp","href":"https:\/\/api.w.org\/{rel}","templated":true}]}}