{"id":30735,"date":"2025-11-14T20:37:10","date_gmt":"2025-11-14T17:37:10","guid":{"rendered":"https:\/\/baldumarket.lt\/product\/barold-biurko-dab-artisan-140\/"},"modified":"2026-03-24T18:17:32","modified_gmt":"2026-03-24T15:17:32","slug":"barold-biurko-dab-artisan-140","status":"publish","type":"product","link":"https:\/\/baldumarket.lt\/lt\/product\/barold-biurko-dab-artisan-140\/","title":{"rendered":"Barold Artisan \u0105\u017euolo formos ra\u0161omasis stalas 140"},"content":{"rendered":"<p>\u201eBarold\u201c stalas yra eleganti\u0161kas ir funkcionalus stalas, puikiai tinkantis \u012fvairioms biuro ar nam\u0173 erdv\u0117ms. 120\/140 x 75 x 60 centimetr\u0173 matmenys suteikia daug vietos darbui ir daiktams laikyti. \u201eBarold\u201c stalas yra puikus pasirinkimas tiems, kurie ie\u0161ko stilingo, funkcionalaus ir tvirto stalo savo darbo ar studij\u0173 erdvei.<\/p>","protected":false},"excerpt":{"rendered":"<p>\u201eBarold\u201c stalas yra eleganti\u0161kas ir funkcionalus stalas, puikiai tinkantis \u012fvairioms biuro ar nam\u0173 erdv\u0117ms. 120\/140 x 75 x 60 centimetr\u0173 matmenys suteikia daug vietos darbui ir daiktams laikyti. \u201eBarold\u201c stalas yra puikus pasirinkimas tiems, kurie ie\u0161ko stilingo, funkcionalaus ir tvirto stalo savo darbo ar studij\u0173 erdvei.<\/p>","protected":false},"featured_media":30726,"comment_status":"open","ping_status":"open","template":"","meta":[],"product_brand":[],"product_cat":[1312,2012,9162],"product_tag":[],"class_list":{"0":"post-30735","1":"product","2":"type-product","3":"status-publish","4":"has-post-thumbnail","6":"product_cat-desks","7":"product_cat-eltap","8":"product_cat-biurka-eltap","10":"first","11":"instock","12":"purchasable","13":"product-type-simple"},"_links":{"self":[{"href":"https:\/\/baldumarket.lt\/lt\/wp-json\/wp\/v2\/product\/30735","targetHints":{"allow":["GET"]}}],"collection":[{"href":"https:\/\/baldumarket.lt\/lt\/wp-json\/wp\/v2\/product"}],"about":[{"href":"https:\/\/baldumarket.lt\/lt\/wp-json\/wp\/v2\/types\/product"}],"replies":[{"embeddable":true,"href":"https:\/\/baldumarket.lt\/lt\/wp-json\/wp\/v2\/comments?post=30735"}],"wp:featuredmedia":[{"embeddable":true,"href":"https:\/\/baldumarket.lt\/lt\/wp-json\/wp\/v2\/media\/30726"}],"wp:attachment":[{"href":"https:\/\/baldumarket.lt\/lt\/wp-json\/wp\/v2\/media?parent=30735"}],"wp:term":[{"taxonomy":"product_brand","embeddable":true,"href":"https:\/\/baldumarket.lt\/lt\/wp-json\/wp\/v2\/product_brand?post=30735"},{"taxonomy":"product_cat","embeddable":true,"href":"https:\/\/baldumarket.lt\/lt\/wp-json\/wp\/v2\/product_cat?post=30735"},{"taxonomy":"product_tag","embeddable":true,"href":"https:\/\/baldumarket.lt\/lt\/wp-json\/wp\/v2\/product_tag?post=30735"}],"curies":[{"name":"wp","href":"https:\/\/api.w.org\/{rel}","templated":true}]}}