{"id":30713,"date":"2025-11-14T20:36:02","date_gmt":"2025-11-14T17:36:02","guid":{"rendered":"https:\/\/baldumarket.lt\/product\/bisett-biurko-dab-artisan-140\/"},"modified":"2026-03-24T18:17:40","modified_gmt":"2026-03-24T15:17:40","slug":"bisett-biurko-dab-artisan-140","status":"publish","type":"product","link":"https:\/\/baldumarket.lt\/lt\/product\/bisett-biurko-dab-artisan-140\/","title":{"rendered":"Bisett Oak Artisan 140 ra\u0161omasis stalas"},"content":{"rendered":"<p>\u201eBissett\u201c stalas \u2013 prakti\u0161kas ir eleganti\u0161kas sprendimas j\u016bs\u0173 biuro erdvei. Jo matmenys (120\/140 x 60 x 75 centimetrai) leid\u017eia patogiai dirbti, o keturi stal\u010diai u\u017etikrina tvark\u0105 ir lengv\u0105 prieig\u0105 prie b\u016btiniausi\u0173 daikt\u0173. Tvirta konstrukcija, auk\u0161tos kokyb\u0117s med\u017eiagos ir \u012fvairios spalvos leid\u017eia \u201eBissett\u201c stalui puikiai der\u0117ti prie \u012fvairi\u0173 interjero stili\u0173.<\/p>","protected":false},"excerpt":{"rendered":"<p>\u201eBissett\u201c stalas \u2013 prakti\u0161kas ir eleganti\u0161kas sprendimas j\u016bs\u0173 biuro erdvei. Jo matmenys (120\/140 x 60 x 75 centimetrai) leid\u017eia patogiai dirbti, o keturi stal\u010diai u\u017etikrina tvark\u0105 ir lengv\u0105 prieig\u0105 prie b\u016btiniausi\u0173 daikt\u0173. Tvirta konstrukcija, auk\u0161tos kokyb\u0117s med\u017eiagos ir \u012fvairios spalvos daro \u201eBissett\u201c stal\u0105 puikiai tinkan\u010diu \u012fvairiems interjerams [\u2026]<\/p>","protected":false},"featured_media":30714,"comment_status":"open","ping_status":"open","template":"","meta":[],"product_brand":[],"product_cat":[1312,2012,9162],"product_tag":[],"class_list":{"0":"post-30713","1":"product","2":"type-product","3":"status-publish","4":"has-post-thumbnail","6":"product_cat-desks","7":"product_cat-eltap","8":"product_cat-biurka-eltap","9":"pa_frame-material-undefined","10":"pa_frame-material-type-undefined","11":"pa_leg-color-undefined","12":"pa_leg-material-undefined","13":"pa_linen-box-undefined","14":"pa_main-color-artisan-oak","15":"pa_price-group-basic","16":"pa_seat-depth-undefined","17":"pa_seat-width-undefined","18":"pa_sleep-function-undefined","19":"pa_sleeping-area-length-undefined","20":"pa_sleeping-area-width-undefined","21":"pa_style-modern","22":"pa_textile-artisan-oak","23":"pa_upholstery-material-undefined","25":"first","26":"instock","27":"purchasable","28":"product-type-simple"},"_links":{"self":[{"href":"https:\/\/baldumarket.lt\/lt\/wp-json\/wp\/v2\/product\/30713","targetHints":{"allow":["GET"]}}],"collection":[{"href":"https:\/\/baldumarket.lt\/lt\/wp-json\/wp\/v2\/product"}],"about":[{"href":"https:\/\/baldumarket.lt\/lt\/wp-json\/wp\/v2\/types\/product"}],"replies":[{"embeddable":true,"href":"https:\/\/baldumarket.lt\/lt\/wp-json\/wp\/v2\/comments?post=30713"}],"wp:featuredmedia":[{"embeddable":true,"href":"https:\/\/baldumarket.lt\/lt\/wp-json\/wp\/v2\/media\/30714"}],"wp:attachment":[{"href":"https:\/\/baldumarket.lt\/lt\/wp-json\/wp\/v2\/media?parent=30713"}],"wp:term":[{"taxonomy":"product_brand","embeddable":true,"href":"https:\/\/baldumarket.lt\/lt\/wp-json\/wp\/v2\/product_brand?post=30713"},{"taxonomy":"product_cat","embeddable":true,"href":"https:\/\/baldumarket.lt\/lt\/wp-json\/wp\/v2\/product_cat?post=30713"},{"taxonomy":"product_tag","embeddable":true,"href":"https:\/\/baldumarket.lt\/lt\/wp-json\/wp\/v2\/product_tag?post=30713"}],"curies":[{"name":"wp","href":"https:\/\/api.w.org\/{rel}","templated":true}]}}