{"id":30712,"date":"2025-11-14T20:35:44","date_gmt":"2025-11-14T17:35:44","guid":{"rendered":"https:\/\/baldumarket.lt\/product\/nevy-biurko-biale-120\/"},"modified":"2026-03-24T18:17:40","modified_gmt":"2026-03-24T15:17:40","slug":"nevy-biurko-biale-120","status":"publish","type":"product","link":"https:\/\/baldumarket.lt\/lt\/product\/nevy-biurko-biale-120\/","title":{"rendered":"Nevy ra\u0161omasis stalas, baltas, 120"},"content":{"rendered":"<p>\u201eNevy\u201c stalas \u2013 modernus ir funkcionalus sprendimas j\u016bs\u0173 biuro erdvei. Jo matmenys \u2013 120\/140 x 60 x 75 centimetrai \u2013 suteikia daug darbo vietos neu\u017eimant per daug vietos. \u201eNevy\u201c stalas turi laid\u0173 valdymo sistem\u0105, kuri leid\u017eia tvarkingai pasl\u0117pti elektros laidus ir u\u017etikrinti tvarking\u0105 biuro erdv\u0119.<\/p>","protected":false},"excerpt":{"rendered":"<p>\u201eNevy\u201c stalas \u2013 modernus ir funkcionalus sprendimas j\u016bs\u0173 biuro erdvei. Jo matmenys \u2013 120\/140 x 60 x 75 centimetrai \u2013 suteikia daug darbo vietos neu\u017eimant per daug vietos. \u201eNevy\u201c stalas turi laid\u0173 valdymo sistem\u0105, kuri leid\u017eia tvarkingai pasl\u0117pti elektros laidus ir u\u017etikrinti tvarking\u0105 biuro erdv\u0119.<\/p>","protected":false},"featured_media":30704,"comment_status":"open","ping_status":"open","template":"","meta":[],"product_brand":[],"product_cat":[1312,2012,9162],"product_tag":[],"class_list":{"0":"post-30712","1":"product","2":"type-product","3":"status-publish","4":"has-post-thumbnail","6":"product_cat-desks","7":"product_cat-eltap","8":"product_cat-biurka-eltap","10":"first","11":"instock","12":"purchasable","13":"product-type-simple"},"_links":{"self":[{"href":"https:\/\/baldumarket.lt\/lt\/wp-json\/wp\/v2\/product\/30712","targetHints":{"allow":["GET"]}}],"collection":[{"href":"https:\/\/baldumarket.lt\/lt\/wp-json\/wp\/v2\/product"}],"about":[{"href":"https:\/\/baldumarket.lt\/lt\/wp-json\/wp\/v2\/types\/product"}],"replies":[{"embeddable":true,"href":"https:\/\/baldumarket.lt\/lt\/wp-json\/wp\/v2\/comments?post=30712"}],"wp:featuredmedia":[{"embeddable":true,"href":"https:\/\/baldumarket.lt\/lt\/wp-json\/wp\/v2\/media\/30704"}],"wp:attachment":[{"href":"https:\/\/baldumarket.lt\/lt\/wp-json\/wp\/v2\/media?parent=30712"}],"wp:term":[{"taxonomy":"product_brand","embeddable":true,"href":"https:\/\/baldumarket.lt\/lt\/wp-json\/wp\/v2\/product_brand?post=30712"},{"taxonomy":"product_cat","embeddable":true,"href":"https:\/\/baldumarket.lt\/lt\/wp-json\/wp\/v2\/product_cat?post=30712"},{"taxonomy":"product_tag","embeddable":true,"href":"https:\/\/baldumarket.lt\/lt\/wp-json\/wp\/v2\/product_tag?post=30712"}],"curies":[{"name":"wp","href":"https:\/\/api.w.org\/{rel}","templated":true}]}}