{"id":306998,"date":"2026-01-16T06:47:33","date_gmt":"2026-01-16T03:47:33","guid":{"rendered":"https:\/\/baldumarket.lt\/product\/mebloscianka-rumba-xl-dab-lefkas\/"},"modified":"2026-04-23T19:10:18","modified_gmt":"2026-04-23T16:10:18","slug":"mebloscianka-rumba-xl-dab-lefkas","status":"publish","type":"product","link":"https:\/\/baldumarket.lt\/lt\/product\/mebloscianka-rumba-xl-dab-lefkas\/","title":{"rendered":"Rumba XL sienin\u0117 spintel\u0117, Lefkas \u0105\u017euolas"},"content":{"rendered":"<h5><span style=\"color: #54859b\">Apsilankykite m\u016bs\u0173 virtualioje Stolarz-Lempert prek\u0117s \u017eenklo parduotuv\u0117je<\/span><\/h5>\n<p> <a href=\"http:\/\/spacer.lempert.pl\/\" target=\"_blank\" rel=\"noopener\"><span style=\"color: #e47025\">http:\/\/spacer.lempert.pl\/<\/span><\/a><\/p>\n<p>\u201eRumba XL\u201c sienin\u0117 spintel\u0117 \u2013 prabanga ranka pasiekiama<br \/>\n\u201eRumba XL\u201c sienin\u0117 spintel\u0117 \u2013 tai fantasti\u0161kas komplektas i\u0161 m\u016bs\u0173 nuostabios moderni\u0173 sienini\u0173 spinteli\u0173 kolekcijos. Jei \u0161iuo metu ie\u0161kote funkcionali\u0173 bald\u0173, kurie tilpt\u0173 ir eksponuot\u0173 daugyb\u0119 daikt\u0173 j\u016bs\u0173 svetain\u0117je, \u201eRumba XL\u201c sienin\u0117 spintel\u0117 neabejotinai yra geriausias pasirinkimas! \u0160i gra\u017ei\u0173, rafinuot\u0173 bald\u0173 kolekcija pasi\u017eymi moderniu stiliumi ir puikiu meistri\u0161kumu. Kuriant buvo atkreiptas d\u0117mesys \u012f kiekvien\u0105, net ir ma\u017eiausi\u0105, detal\u0119, siekiant u\u017etikrinti, kad klientai d\u017eiaugt\u0173si baldais, vertais did\u017eiausio pagyrimo. \u201eRumba XL\u201c sienin\u0117 spintel\u0117 atrodo pra\u0161matniai ir eleganti\u0161kai. Nepaisant didelio dyd\u017eio, baldai yra steb\u0117tinai lengvi ir lengvai i\u0161d\u0117stomi. Jie tiks prie bet kokio interjero, sukurdami nuostab\u0173 svetain\u0117s \u012fvaizd\u012f. Sienin\u0117s spintel\u0117s sugr\u012f\u017eta \u012f mad\u0105. \u201eRumba XL\u201c \u2013 puikus pavyzdys. \u0160is prakti\u0161kas komplektas papuo\u0161 j\u016bs\u0173 svetain\u0119 ir sustiprins jos \u017eaves\u012f ilgus metus.<br \/>\nKomplekt\u0105 sudaro televizoriaus staliukas, dvi vitrinos ir lentyna. Pasirinktinai galite \u012fsigyti komod\u0105, kuri parodyta papildomoje nuotraukoje.<br \/>\nSienin\u0117 spintel\u0117 gali b\u016bti \u0161i\u0173 spalv\u0173: \u201eLefkas Oak\u201c laminato fasadas \/ \u201eLefkas Oak\u201c laminato korpusas, pagamintas i\u0161 16 mm storio laminuotos plok\u0161t\u0117s.<br \/>\nAtskir\u0173 element\u0173 matmenys \u2013 plotis\/auk\u0161tis\/gylis:<br \/>\nVitrina \u2013 75\/190\/33,9 cm<br \/>\nLentyna \u2013 150\/16\/17,6 cm<br \/>\nTelevizoriaus staliukas \u2013 150\/31,5\/40,3 cm<br \/>\nLED ap\u0161vietimas galimas u\u017e papildom\u0105 mokest\u012f (galima \u012fsigyti kaip pasirinktin\u0119 parinkt\u012f).<br \/>\n\u201eLefkas\u201c \u0105\u017euolo lenta yra \u0161iek tiek tamsesn\u0117 nei pagrindinio dizaino nuotraukoje \u2013 lentos spalv\u0105 \u017er. paskutin\u0117je nuotraukoje.<\/p>","protected":false},"excerpt":{"rendered":"<p>Plotis [cm]: 300<br \/>\nAuk\u0161tis [cm]: 190<br \/>\ngylis [cm]: 40,2<\/p>","protected":false},"featured_media":306999,"comment_status":"open","ping_status":"open","template":"","meta":[],"product_brand":[],"product_cat":[9234,2008],"product_tag":[],"class_list":{"0":"post-306998","1":"product","2":"type-product","3":"status-publish","4":"has-post-thumbnail","6":"product_cat-stolarz-lempert","7":"product_cat-wall-units","9":"first","10":"instock","11":"purchasable","12":"product-type-simple"},"_links":{"self":[{"href":"https:\/\/baldumarket.lt\/lt\/wp-json\/wp\/v2\/product\/306998","targetHints":{"allow":["GET"]}}],"collection":[{"href":"https:\/\/baldumarket.lt\/lt\/wp-json\/wp\/v2\/product"}],"about":[{"href":"https:\/\/baldumarket.lt\/lt\/wp-json\/wp\/v2\/types\/product"}],"replies":[{"embeddable":true,"href":"https:\/\/baldumarket.lt\/lt\/wp-json\/wp\/v2\/comments?post=306998"}],"wp:featuredmedia":[{"embeddable":true,"href":"https:\/\/baldumarket.lt\/lt\/wp-json\/wp\/v2\/media\/306999"}],"wp:attachment":[{"href":"https:\/\/baldumarket.lt\/lt\/wp-json\/wp\/v2\/media?parent=306998"}],"wp:term":[{"taxonomy":"product_brand","embeddable":true,"href":"https:\/\/baldumarket.lt\/lt\/wp-json\/wp\/v2\/product_brand?post=306998"},{"taxonomy":"product_cat","embeddable":true,"href":"https:\/\/baldumarket.lt\/lt\/wp-json\/wp\/v2\/product_cat?post=306998"},{"taxonomy":"product_tag","embeddable":true,"href":"https:\/\/baldumarket.lt\/lt\/wp-json\/wp\/v2\/product_tag?post=306998"}],"curies":[{"name":"wp","href":"https:\/\/api.w.org\/{rel}","templated":true}]}}