{"id":306981,"date":"2026-01-16T06:47:22","date_gmt":"2026-01-16T03:47:22","guid":{"rendered":"https:\/\/baldumarket.lt\/product\/mebloscianka-paris-bialy-dab-sonoma\/"},"modified":"2026-04-23T19:10:18","modified_gmt":"2026-04-23T16:10:18","slug":"mebloscianka-paris-bialy-dab-sonoma","status":"publish","type":"product","link":"https:\/\/baldumarket.lt\/lt\/product\/mebloscianka-paris-bialy-dab-sonoma\/","title":{"rendered":"Pary\u017eiaus sienin\u0117 spintel\u0117, balta \u2013 sonoma \u0105\u017euolas"},"content":{"rendered":"<h5><span style=\"color: #54859b\">Apsilankykite m\u016bs\u0173 virtualioje Stolarz-Lempert prek\u0117s \u017eenklo parduotuv\u0117je<\/span><\/h5>\n<p> <a href=\"http:\/\/spacer.lempert.pl\/\" target=\"_blank\" rel=\"noopener\"><span style=\"color: #e47025\">http:\/\/spacer.lempert.pl\/<\/span><\/a><\/p>\n<p>Balta sienin\u0117 spintel\u0117 \u201eParis\u201c \u2013 sonoma \u0105\u017euolas \u2013 tai modernus, erdvus bald\u0173 komplektas svetainei arba didelei svetainei.<br \/>\nKomplekt\u0105 sudaro televizoriaus staliukas, spintel\u0117s su vitrinomis ir prailginta dalis su lentynomis.<br \/>\nSienin\u0117 spintel\u0117 gali b\u016bti gaminama i\u0161: balt\u0173 MDF fasad\u0173 \/ Sonoma \u0105\u017euolo laminato korpuso, pagaminto i\u0161 16 mm storio laminuotos plok\u0161t\u0117s.<br \/>\nLED ap\u0161vietimas galimas u\u017e papildom\u0105 mokest\u012f (galima \u012fsigyti kaip papildom\u0105 \u012frang\u0105).<br \/>\nKomodos \u201eParis\u201c taip pat gali b\u016bti \u012fsigyjamos kaip papildomas priedas.<\/p>","protected":false},"excerpt":{"rendered":"<p>Plotis [cm]: 340<br \/>\n\u016agis [cm]: 197,5<br \/>\ngylis [cm]: 44<\/p>","protected":false},"featured_media":306982,"comment_status":"open","ping_status":"open","template":"","meta":[],"product_brand":[],"product_cat":[9234,2008],"product_tag":[],"class_list":{"0":"post-306981","1":"product","2":"type-product","3":"status-publish","4":"has-post-thumbnail","6":"product_cat-stolarz-lempert","7":"product_cat-wall-units","9":"first","10":"instock","11":"purchasable","12":"product-type-simple"},"_links":{"self":[{"href":"https:\/\/baldumarket.lt\/lt\/wp-json\/wp\/v2\/product\/306981","targetHints":{"allow":["GET"]}}],"collection":[{"href":"https:\/\/baldumarket.lt\/lt\/wp-json\/wp\/v2\/product"}],"about":[{"href":"https:\/\/baldumarket.lt\/lt\/wp-json\/wp\/v2\/types\/product"}],"replies":[{"embeddable":true,"href":"https:\/\/baldumarket.lt\/lt\/wp-json\/wp\/v2\/comments?post=306981"}],"wp:featuredmedia":[{"embeddable":true,"href":"https:\/\/baldumarket.lt\/lt\/wp-json\/wp\/v2\/media\/306982"}],"wp:attachment":[{"href":"https:\/\/baldumarket.lt\/lt\/wp-json\/wp\/v2\/media?parent=306981"}],"wp:term":[{"taxonomy":"product_brand","embeddable":true,"href":"https:\/\/baldumarket.lt\/lt\/wp-json\/wp\/v2\/product_brand?post=306981"},{"taxonomy":"product_cat","embeddable":true,"href":"https:\/\/baldumarket.lt\/lt\/wp-json\/wp\/v2\/product_cat?post=306981"},{"taxonomy":"product_tag","embeddable":true,"href":"https:\/\/baldumarket.lt\/lt\/wp-json\/wp\/v2\/product_tag?post=306981"}],"curies":[{"name":"wp","href":"https:\/\/api.w.org\/{rel}","templated":true}]}}