{"id":306975,"date":"2026-01-16T06:47:17","date_gmt":"2026-01-16T03:47:17","guid":{"rendered":"https:\/\/baldumarket.lt\/product\/mebloscianka-paris-dab-sonoma\/"},"modified":"2026-04-23T19:10:18","modified_gmt":"2026-04-23T16:10:18","slug":"mebloscianka-paris-dab-sonoma","status":"publish","type":"product","link":"https:\/\/baldumarket.lt\/lt\/product\/mebloscianka-paris-dab-sonoma\/","title":{"rendered":"Pary\u017eiaus sienin\u0117 spintel\u0117, Sonoma \u0105\u017euolas"},"content":{"rendered":"<h5><span style=\"color: #54859b\">Apsilankykite m\u016bs\u0173 virtualioje Stolarz-Lempert prek\u0117s \u017eenklo parduotuv\u0117je<\/span><\/h5>\n<p> <a href=\"http:\/\/spacer.lempert.pl\/\" target=\"_blank\" rel=\"noopener\"><span style=\"color: #e47025\">http:\/\/spacer.lempert.pl\/<\/span><\/a><\/p>\n<p>\u012erengiant svetain\u0119 ar poilsio kambar\u012f, verta rasti vietos eleganti\u0161kiems stalo \u012frankiams, atostog\u0173 suvenyrams, televizoriui ir kelioms knygoms. Svetain\u0117 yra vieta, kur kvie\u010diame sve\u010dius, leid\u017eiame laik\u0105 su \u0161eima ir atsipalaiduojame po sunkios darbo dienos. \u201eSonoma\u201c \u0105\u017euolin\u0117 sienin\u0117 spintel\u0117 i\u0161 \u201eParis\u201c kolekcijos yra i\u0161skirtinai erdvus ir modernus pasirinkimas j\u016bs\u0173 svetainei ar poilsio kambariui, o didelis dydis leid\u017eia sutalpinti visus b\u016btiniausius daiktus.<br \/>\nStilingas pasirinkimas j\u016bs\u0173 svetainei<br \/>\n\u201eSonoma\u201c \u0105\u017euolin\u0117 sienin\u0117 spintel\u0117, priklausanti \u201eParis\u201c kolekcijai, yra 340 x 197,5 x 44 cm dyd\u017eio ir si\u016bloma eleganti\u0161kos \u201eSonoma\u201c \u0105\u017euolo apdailos. Komplekt\u0105 sudaro erdvus televizoriaus staliukas, kolon\u0117l\u0117s ir erdvios vitrinos, kuriose yra daug vietos knyg\u0173 kolekcijai ar virtuv\u0117s reikmenims, ypa\u010d jei j\u016bs\u0173 svetain\u0117 yra sujungta su valgomuoju. Be to, erdvi lentyn\u0173 zona puikiai tinka unikaliems dekoracij\u0173 elementams, suvenyrams ir \u0161eimos nuotraukoms. Taip pat verta pamin\u0117ti, kad spintel\u0117s \u0161onuose turi itin erdvias lentynas.<br \/>\nSvetain\u0117s bald\u0173 komplektas pagamintas i\u0161 16 mm storio laminuotos plok\u0161t\u0117s, tod\u0117l yra itin patvarus ir patikimas daugel\u012f met\u0173. Be to, \u201eSonoma\u201c \u0105\u017euolo \u201eParis\u201c sienin\u0117 spintel\u0117 u\u017e papildom\u0105 mokest\u012f gali b\u016bti apr\u016bpinta itin patraukliu ir funkcionaliu LED ap\u0161vietimu. Taip pat verta m\u016bs\u0173 moderni\u0105 svetain\u0119 apstatyti komodomis i\u0161 \u201eParis\u201c kolekcijos, kurias galite \u012fsigyti m\u016bs\u0173 svetain\u0117je. Tai u\u017etikrins, kad visi baldai puikiai der\u0117s tarpusavyje, o j\u016bs\u0173 svetain\u0117s dekoras d\u017eiugins kiekvien\u0105 sve\u010di\u0105.<br \/>\nEleganti\u0161ka Sonoma \u0105\u017euolo sienin\u0117 spintel\u0117 \u201eParis\u201c<br \/>\n\u0160is modernus bald\u0173 komplektas puikiai tinka didelei svetainei ar darbo kambariui. Erdviose spintel\u0117se su lentynomis tilps visi reikalingi daiktai, o televizoriaus staliukas leis patogiai \u017ei\u016br\u0117ti film\u0105 su \u0161eima ar draugais.<br \/>\nKvie\u010diame ap\u017ei\u016br\u0117ti pla\u010di\u0105 sienini\u0173 spinteli\u0173 kolekcij\u0105 m\u016bs\u0173 svetain\u0117je. M\u016bs\u0173 parduotuv\u0117je lengvai rasite baldus, pritaikytus j\u016bs\u0173 auk\u0161tiems standartams ir derinan\u010dius prie bet kokio stiliaus.<br \/>\nSonoma \u0105\u017euolo \u201eParis\u201c sieninei spintelei suteikiama 24 m\u0117nesi\u0173 garantija. U\u017e papildom\u0105 mokest\u012f j\u0105 taip pat galima \u012fsigyti su LED ap\u0161vietimu. Baldai pristatomi i\u0161ardomi, su tvirtinimo priedais ir i\u0161samiomis surinkimo instrukcijomis, kurias turite u\u017epildyti patys. Linkime s\u0117kmingo apsipirkimo!<br \/>\nLED ap\u0161vietimas galimas u\u017e papildom\u0105 mokest\u012f (galima \u012fsigyti kaip papildom\u0105 \u012frang\u0105).<br \/>\nKomodos \u201eParis\u201c taip pat gali b\u016bti naudojamos kaip bald\u0173 komplekto papildymas.<\/p>","protected":false},"excerpt":{"rendered":"<p>Plotis [cm]: 340<br \/>\n\u016agis [cm]: 197,5<br \/>\ngylis [cm]: 44<\/p>","protected":false},"featured_media":306976,"comment_status":"open","ping_status":"open","template":"","meta":[],"product_brand":[],"product_cat":[9234,2008],"product_tag":[],"class_list":{"0":"post-306975","1":"product","2":"type-product","3":"status-publish","4":"has-post-thumbnail","6":"product_cat-stolarz-lempert","7":"product_cat-wall-units","9":"first","10":"instock","11":"purchasable","12":"product-type-simple"},"_links":{"self":[{"href":"https:\/\/baldumarket.lt\/lt\/wp-json\/wp\/v2\/product\/306975","targetHints":{"allow":["GET"]}}],"collection":[{"href":"https:\/\/baldumarket.lt\/lt\/wp-json\/wp\/v2\/product"}],"about":[{"href":"https:\/\/baldumarket.lt\/lt\/wp-json\/wp\/v2\/types\/product"}],"replies":[{"embeddable":true,"href":"https:\/\/baldumarket.lt\/lt\/wp-json\/wp\/v2\/comments?post=306975"}],"wp:featuredmedia":[{"embeddable":true,"href":"https:\/\/baldumarket.lt\/lt\/wp-json\/wp\/v2\/media\/306976"}],"wp:attachment":[{"href":"https:\/\/baldumarket.lt\/lt\/wp-json\/wp\/v2\/media?parent=306975"}],"wp:term":[{"taxonomy":"product_brand","embeddable":true,"href":"https:\/\/baldumarket.lt\/lt\/wp-json\/wp\/v2\/product_brand?post=306975"},{"taxonomy":"product_cat","embeddable":true,"href":"https:\/\/baldumarket.lt\/lt\/wp-json\/wp\/v2\/product_cat?post=306975"},{"taxonomy":"product_tag","embeddable":true,"href":"https:\/\/baldumarket.lt\/lt\/wp-json\/wp\/v2\/product_tag?post=306975"}],"curies":[{"name":"wp","href":"https:\/\/api.w.org\/{rel}","templated":true}]}}