{"id":306972,"date":"2026-01-16T06:47:07","date_gmt":"2026-01-16T03:47:07","guid":{"rendered":"https:\/\/baldumarket.lt\/product\/komoda-michal-2\/"},"modified":"2026-04-23T19:10:30","modified_gmt":"2026-04-23T16:10:30","slug":"komoda-michal-2","status":"publish","type":"product","link":"https:\/\/baldumarket.lt\/lt\/product\/komoda-michal-2\/","title":{"rendered":"Komoda Michael 2"},"content":{"rendered":"<h5><span style=\"color: #54859b\">Apsilankykite m\u016bs\u0173 virtualioje Stolarz-Lempert prek\u0117s \u017eenklo parduotuv\u0117je<\/span><\/h5>\n<p> <a href=\"http:\/\/spacer.lempert.pl\/\" target=\"_blank\" rel=\"noopener\"><span style=\"color: #e47025\">http:\/\/spacer.lempert.pl\/<\/span><\/a><\/p>\n<p>Komoda \u201eMicha\u0142 2\u201c \u2013 tai modernus baldas su dviej\u0173 dur\u0173 spintele. Baldas pagamintas i\u0161 16 mm storio laminuotos plok\u0161t\u0117s.<br \/>\nPakuot\u0117s matmenys: 81,5 x 18 x 37 cm | svoris \u2013 22 kg<\/p>","protected":false},"excerpt":{"rendered":"<p>Plotis [cm]: 71<br \/>\nAuk\u0161tis [cm]: 75<br \/>\ngylis [cm]: 35<\/p>","protected":false},"featured_media":306973,"comment_status":"open","ping_status":"open","template":"","meta":[],"product_brand":[],"product_cat":[9234,1173],"product_tag":[],"class_list":{"0":"post-306972","1":"product","2":"type-product","3":"status-publish","4":"has-post-thumbnail","6":"product_cat-stolarz-lempert","7":"product_cat-chests-of-drawers","9":"first","10":"instock","11":"purchasable","12":"product-type-simple"},"_links":{"self":[{"href":"https:\/\/baldumarket.lt\/lt\/wp-json\/wp\/v2\/product\/306972","targetHints":{"allow":["GET"]}}],"collection":[{"href":"https:\/\/baldumarket.lt\/lt\/wp-json\/wp\/v2\/product"}],"about":[{"href":"https:\/\/baldumarket.lt\/lt\/wp-json\/wp\/v2\/types\/product"}],"replies":[{"embeddable":true,"href":"https:\/\/baldumarket.lt\/lt\/wp-json\/wp\/v2\/comments?post=306972"}],"wp:featuredmedia":[{"embeddable":true,"href":"https:\/\/baldumarket.lt\/lt\/wp-json\/wp\/v2\/media\/306973"}],"wp:attachment":[{"href":"https:\/\/baldumarket.lt\/lt\/wp-json\/wp\/v2\/media?parent=306972"}],"wp:term":[{"taxonomy":"product_brand","embeddable":true,"href":"https:\/\/baldumarket.lt\/lt\/wp-json\/wp\/v2\/product_brand?post=306972"},{"taxonomy":"product_cat","embeddable":true,"href":"https:\/\/baldumarket.lt\/lt\/wp-json\/wp\/v2\/product_cat?post=306972"},{"taxonomy":"product_tag","embeddable":true,"href":"https:\/\/baldumarket.lt\/lt\/wp-json\/wp\/v2\/product_tag?post=306972"}],"curies":[{"name":"wp","href":"https:\/\/api.w.org\/{rel}","templated":true}]}}