{"id":306922,"date":"2026-01-16T06:46:32","date_gmt":"2026-01-16T03:46:32","guid":{"rendered":"https:\/\/baldumarket.lt\/product\/komoda-salsa-dab-sonoma\/"},"modified":"2026-04-23T19:10:37","modified_gmt":"2026-04-23T16:10:37","slug":"komoda-salsa-dab-sonoma","status":"publish","type":"product","link":"https:\/\/baldumarket.lt\/lt\/product\/komoda-salsa-dab-sonoma\/","title":{"rendered":"Salsa komoda \u2013 Sonoma \u0105\u017euolas"},"content":{"rendered":"<h5><span style=\"color: #54859b\">Apsilankykite m\u016bs\u0173 virtualioje Stolarz-Lempert prek\u0117s \u017eenklo parduotuv\u0117je<\/span><\/h5>\n<p> <a href=\"http:\/\/spacer.lempert.pl\/\" target=\"_blank\" rel=\"noopener\"><span style=\"color: #e47025\">http:\/\/spacer.lempert.pl\/<\/span><\/a><\/p>\n<p>Komoda \u201eSalsa\u201c \u2013 tai modernus baldas su stikliniais fasadais, stal\u010diumi ir erdviomis lentynomis. Prie komodos galima u\u017esisakyti sienin\u0119 spintel\u0119 \u201eSalsa\u201c, o papildomai galima u\u017esisakyti ap\u0161vietim\u0105.<br \/>\nKomodos pakuot\u0117s matmenys:<br \/>\n1\/2 pakuot\u0117s \u2013 0,051 m\u00b3 | svoris \u2013 26 kg<br \/>\n2\/2 pakuot\u0117s \u2013 0,050 m\u00b3 | svoris \u2013 21 kg<br \/>\nPriekin\u0117s dalys ir r\u0117mai \u2013 Sonoma \u0105\u017euolas.<\/p>","protected":false},"excerpt":{"rendered":"<p>Plotis [cm]: 140<br \/>\nAuk\u0161tis [cm]: 80<br \/>\nGylis [cm]: 40<br \/>\nKomodos stilius: modernus<br \/>\nMed\u017eiaga: laminuota plok\u0161t\u0117<br \/>\nKomodos spalva: Sonoma \u0105\u017euolas<br \/>\nAtidarymo b\u016bdas: naudojant rankenas<br \/>\nStal\u010di\u0173 skai\u010dius: 1 stal\u010dius<br \/>\nKoj\u0173 tipas: be koj\u0173 \u2013 ant cokolio<\/p>","protected":false},"featured_media":306923,"comment_status":"open","ping_status":"open","template":"","meta":[],"product_brand":[],"product_cat":[9234,1173],"product_tag":[],"class_list":{"0":"post-306922","1":"product","2":"type-product","3":"status-publish","4":"has-post-thumbnail","6":"product_cat-stolarz-lempert","7":"product_cat-chests-of-drawers","9":"first","10":"instock","11":"purchasable","12":"product-type-simple"},"_links":{"self":[{"href":"https:\/\/baldumarket.lt\/lt\/wp-json\/wp\/v2\/product\/306922","targetHints":{"allow":["GET"]}}],"collection":[{"href":"https:\/\/baldumarket.lt\/lt\/wp-json\/wp\/v2\/product"}],"about":[{"href":"https:\/\/baldumarket.lt\/lt\/wp-json\/wp\/v2\/types\/product"}],"replies":[{"embeddable":true,"href":"https:\/\/baldumarket.lt\/lt\/wp-json\/wp\/v2\/comments?post=306922"}],"wp:featuredmedia":[{"embeddable":true,"href":"https:\/\/baldumarket.lt\/lt\/wp-json\/wp\/v2\/media\/306923"}],"wp:attachment":[{"href":"https:\/\/baldumarket.lt\/lt\/wp-json\/wp\/v2\/media?parent=306922"}],"wp:term":[{"taxonomy":"product_brand","embeddable":true,"href":"https:\/\/baldumarket.lt\/lt\/wp-json\/wp\/v2\/product_brand?post=306922"},{"taxonomy":"product_cat","embeddable":true,"href":"https:\/\/baldumarket.lt\/lt\/wp-json\/wp\/v2\/product_cat?post=306922"},{"taxonomy":"product_tag","embeddable":true,"href":"https:\/\/baldumarket.lt\/lt\/wp-json\/wp\/v2\/product_tag?post=306922"}],"curies":[{"name":"wp","href":"https:\/\/api.w.org\/{rel}","templated":true}]}}