{"id":306915,"date":"2026-01-16T06:46:27","date_gmt":"2026-01-16T03:46:27","guid":{"rendered":"https:\/\/baldumarket.lt\/product\/mebloscianka-salsa-dab-sonoma\/"},"modified":"2026-04-23T19:10:37","modified_gmt":"2026-04-23T16:10:37","slug":"mebloscianka-salsa-dab-sonoma","status":"publish","type":"product","link":"https:\/\/baldumarket.lt\/lt\/product\/mebloscianka-salsa-dab-sonoma\/","title":{"rendered":"Salsa sienin\u0117 spintel\u0117 \u2013 Sonoma \u0105\u017euolas"},"content":{"rendered":"<h5><span style=\"color: #54859b\">Apsilankykite m\u016bs\u0173 virtualioje Stolarz-Lempert prek\u0117s \u017eenklo parduotuv\u0117je<\/span><\/h5>\n<p> <a href=\"http:\/\/spacer.lempert.pl\/\" target=\"_blank\" rel=\"noopener\"><span style=\"color: #e47025\">http:\/\/spacer.lempert.pl\/<\/span><\/a><\/p>\n<p>\u201eSalsa\u201c sienin\u0117 spintel\u0117 \u2013 tai modernus svetain\u0117s bald\u0173 komplektas, kurio paprastas, kompakti\u0161kas dizainas tinka net ir ma\u017eoms erdv\u0117ms. Papildomai pasirenkamas LED ap\u0161vietimas suteikia unikal\u0173 akcent\u0105 ant sienos.<br \/>\nSpalva:<br \/>\nSonoma \u0105\u017euolo fasadai<br \/>\nSonoma \u0105\u017euolo korpusas<br \/>\nSienin\u0119 spintel\u0119 taip pat galima u\u017esisakyti su nuotraukoje pavaizduota komoda. Matmenys: 140,4 x 80 x 40,2 cm (plotis\/auk\u0161tis\/gylis)<br \/>\nElemento matmenys:<br \/>\nGrind\u0173 spintel\u0117s matmenys: 59,3 x 115 x 30,6 cm (plotis \/ auk\u0161tis \/ gylis)<br \/>\nSienin\u0117 spintel\u0117: 59,3 x 113 x 30,6 cm (plotis \/ auk\u0161tis \/ gylis)<br \/>\nTelevizoriaus stovas: 175,5 x 27,7 x 40,2 cm (plotis \/ auk\u0161tis \/ gylis)<br \/>\nSienin\u0117 lentyna: 102 x 16 x 17,5 cm (plotis \/ auk\u0161tis \/ gylis)<br \/>\nSienin\u0117s spintel\u0117s pakuot\u0117s matmenys:<br \/>\n1\/2 pakuot\u0117s \u2013 0,103 m3 | Svoris: 47 kg<br \/>\n2\/2 pakuot\u0117s \u2013 0,077 m3 | Svoris: 27 kg<br \/>\nKomod\u0173 pakuo\u010di\u0173 matmenys:<br \/>\n1\/2 pakuot\u0117s \u2013 0,051 m3 | Svoris \u2013 26 kg<br \/>\n2\/2 pakuot\u0117s \u2013 0,050 m3 | Svoris \u2013 21 kg<\/p>","protected":false},"excerpt":{"rendered":"<p>Apsilankykite m\u016bs\u0173 virtualioje \u201eStolarz-Lempert\u201c prek\u0117s \u017eenklo parduotuv\u0117je http:\/\/spacer.lempert.pl\/ \u201eSalsa\u201c sienin\u0117 spintel\u0117 \u2013 tai modernus svetain\u0117s bald\u0173 komplektas, kurio paprastas, kompakti\u0161kas dizainas tinka net ir ma\u017eoms erdv\u0117ms. Papildomai pasirenkamas LED ap\u0161vietimas suteikia unikal\u0173 akcent\u0105 ant sienos. Spalva: Sonoma \u0105\u017euolo fasadai, Sonoma \u0105\u017euolo korpusas. Sienin\u0119 spintel\u0119 taip pat galima u\u017esisakyti [\u2026]<\/p>","protected":false},"featured_media":306916,"comment_status":"open","ping_status":"open","template":"","meta":[],"product_brand":[],"product_cat":[9234,2008],"product_tag":[],"class_list":{"0":"post-306915","1":"product","2":"type-product","3":"status-publish","4":"has-post-thumbnail","6":"product_cat-stolarz-lempert","7":"product_cat-wall-units","9":"first","10":"instock","11":"purchasable","12":"product-type-simple"},"_links":{"self":[{"href":"https:\/\/baldumarket.lt\/lt\/wp-json\/wp\/v2\/product\/306915","targetHints":{"allow":["GET"]}}],"collection":[{"href":"https:\/\/baldumarket.lt\/lt\/wp-json\/wp\/v2\/product"}],"about":[{"href":"https:\/\/baldumarket.lt\/lt\/wp-json\/wp\/v2\/types\/product"}],"replies":[{"embeddable":true,"href":"https:\/\/baldumarket.lt\/lt\/wp-json\/wp\/v2\/comments?post=306915"}],"wp:featuredmedia":[{"embeddable":true,"href":"https:\/\/baldumarket.lt\/lt\/wp-json\/wp\/v2\/media\/306916"}],"wp:attachment":[{"href":"https:\/\/baldumarket.lt\/lt\/wp-json\/wp\/v2\/media?parent=306915"}],"wp:term":[{"taxonomy":"product_brand","embeddable":true,"href":"https:\/\/baldumarket.lt\/lt\/wp-json\/wp\/v2\/product_brand?post=306915"},{"taxonomy":"product_cat","embeddable":true,"href":"https:\/\/baldumarket.lt\/lt\/wp-json\/wp\/v2\/product_cat?post=306915"},{"taxonomy":"product_tag","embeddable":true,"href":"https:\/\/baldumarket.lt\/lt\/wp-json\/wp\/v2\/product_tag?post=306915"}],"curies":[{"name":"wp","href":"https:\/\/api.w.org\/{rel}","templated":true}]}}