{"id":306891,"date":"2026-01-15T19:06:33","date_gmt":"2026-01-15T16:06:33","guid":{"rendered":"https:\/\/baldumarket.lt\/product\/oswietlenie-led-rgb-200-adrk\/"},"modified":"2026-02-11T18:08:27","modified_gmt":"2026-02-11T15:08:27","slug":"oswietlenie-led-rgb-200-adrk","status":"publish","type":"product","link":"https:\/\/baldumarket.lt\/lt\/product\/oswietlenie-led-rgb-200-adrk\/","title":{"rendered":"RGB 200 ADRK LED ap\u0161vietimas"},"content":{"rendered":"<p>LED juostel\u0117s \u2013 puikus b\u016bdas ap\u0161viesti ir dekoruoti baldus. Jos gali b\u016bti naudojamos kaip lentyn\u0173, spinteli\u0173 ar spinteli\u0173 puo\u0161mena. Joms b\u016bdingas ma\u017eas energijos suvartojimas, jos yra ekologi\u0161kos ir energij\u0105 taupan\u010dios. \u0160viesos diodai tvirtinami ant lipnios juostos, tod\u0117l juos labai lengva montuoti. Juostos komplekte yra maitinimo \u0161altinis, skirtas prijungti prie maitinimo \u0161altinio, ir NUOTOLINIO VALDYMO PULTAS, skirtas lengvam valdymui. Nuotolinio valdymo pultas si\u016blo daug parink\u010di\u0173, \u012fskaitant spalv\u0173 keitim\u0105. I\u0161sami informacija: SMD 5050 \u0161viesos diodai, \u0161viesos diod\u0173 skai\u010dius: 30 \u0161viesos diod\u0173\/m, galia: 6 W\/m, \u012ftampa: 12 V nuolatin\u0117 srov\u0117, spindulio kampas: 120\u2070, apsaugos klas\u0117: IP20, LED juostel\u0117s pagrindo spalva: balta, \u0161viesos spalva: RGB, seka: +12; BGR.<\/p>","protected":false},"excerpt":{"rendered":"<p>Gylis (cm): 200<br \/>\nAsambl\u0117ja<br \/>\nSavaranki\u0161kas surinkimas<br \/>\nProdukto svoris [kg]: 1<\/p>","protected":false},"featured_media":306892,"comment_status":"open","ping_status":"open","template":"","meta":[],"product_brand":[],"product_cat":[9201,1043],"product_tag":[],"class_list":{"0":"post-306891","1":"product","2":"type-product","3":"status-publish","4":"has-post-thumbnail","6":"product_cat-adrk-furniture","7":"product_cat-extras","9":"first","10":"instock","11":"purchasable","12":"product-type-simple"},"_links":{"self":[{"href":"https:\/\/baldumarket.lt\/lt\/wp-json\/wp\/v2\/product\/306891","targetHints":{"allow":["GET"]}}],"collection":[{"href":"https:\/\/baldumarket.lt\/lt\/wp-json\/wp\/v2\/product"}],"about":[{"href":"https:\/\/baldumarket.lt\/lt\/wp-json\/wp\/v2\/types\/product"}],"replies":[{"embeddable":true,"href":"https:\/\/baldumarket.lt\/lt\/wp-json\/wp\/v2\/comments?post=306891"}],"wp:featuredmedia":[{"embeddable":true,"href":"https:\/\/baldumarket.lt\/lt\/wp-json\/wp\/v2\/media\/306892"}],"wp:attachment":[{"href":"https:\/\/baldumarket.lt\/lt\/wp-json\/wp\/v2\/media?parent=306891"}],"wp:term":[{"taxonomy":"product_brand","embeddable":true,"href":"https:\/\/baldumarket.lt\/lt\/wp-json\/wp\/v2\/product_brand?post=306891"},{"taxonomy":"product_cat","embeddable":true,"href":"https:\/\/baldumarket.lt\/lt\/wp-json\/wp\/v2\/product_cat?post=306891"},{"taxonomy":"product_tag","embeddable":true,"href":"https:\/\/baldumarket.lt\/lt\/wp-json\/wp\/v2\/product_tag?post=306891"}],"curies":[{"name":"wp","href":"https:\/\/api.w.org\/{rel}","templated":true}]}}