{"id":306887,"date":"2026-01-15T19:06:29","date_gmt":"2026-01-15T16:06:29","guid":{"rendered":"https:\/\/baldumarket.lt\/product\/samodomykacz-adrk\/"},"modified":"2026-02-11T18:08:27","modified_gmt":"2026-02-11T15:08:27","slug":"samodomykacz-adrk","status":"publish","type":"product","link":"https:\/\/baldumarket.lt\/lt\/product\/samodomykacz-adrk\/","title":{"rendered":"ADRK dur\u0173 pritrauk\u0117jas"},"content":{"rendered":"<p>\u0160velnus u\u017edarymo mechanizmas yra pasirenkamas priedas stumdomoms durims, veikian\u010dioms su STANDARTIN\u0116MIS b\u0117gel\u0117mis. Jis u\u017etikrina, kad durys u\u017esidaryt\u0173 skland\u017eiai ir tyliai.<\/p>","protected":false},"excerpt":{"rendered":"<p>Asambl\u0117ja<br \/>\nsavaranki\u0161kam surinkimui<br \/>\nProdukto svoris [kg]: 1<\/p>","protected":false},"featured_media":306888,"comment_status":"open","ping_status":"open","template":"","meta":[],"product_brand":[],"product_cat":[9201,1043],"product_tag":[],"class_list":{"0":"post-306887","1":"product","2":"type-product","3":"status-publish","4":"has-post-thumbnail","6":"product_cat-adrk-furniture","7":"product_cat-extras","9":"first","10":"instock","11":"purchasable","12":"product-type-simple"},"_links":{"self":[{"href":"https:\/\/baldumarket.lt\/lt\/wp-json\/wp\/v2\/product\/306887","targetHints":{"allow":["GET"]}}],"collection":[{"href":"https:\/\/baldumarket.lt\/lt\/wp-json\/wp\/v2\/product"}],"about":[{"href":"https:\/\/baldumarket.lt\/lt\/wp-json\/wp\/v2\/types\/product"}],"replies":[{"embeddable":true,"href":"https:\/\/baldumarket.lt\/lt\/wp-json\/wp\/v2\/comments?post=306887"}],"wp:featuredmedia":[{"embeddable":true,"href":"https:\/\/baldumarket.lt\/lt\/wp-json\/wp\/v2\/media\/306888"}],"wp:attachment":[{"href":"https:\/\/baldumarket.lt\/lt\/wp-json\/wp\/v2\/media?parent=306887"}],"wp:term":[{"taxonomy":"product_brand","embeddable":true,"href":"https:\/\/baldumarket.lt\/lt\/wp-json\/wp\/v2\/product_brand?post=306887"},{"taxonomy":"product_cat","embeddable":true,"href":"https:\/\/baldumarket.lt\/lt\/wp-json\/wp\/v2\/product_cat?post=306887"},{"taxonomy":"product_tag","embeddable":true,"href":"https:\/\/baldumarket.lt\/lt\/wp-json\/wp\/v2\/product_tag?post=306887"}],"curies":[{"name":"wp","href":"https:\/\/api.w.org\/{rel}","templated":true}]}}