{"id":30688,"date":"2025-11-14T20:34:29","date_gmt":"2025-11-14T17:34:29","guid":{"rendered":"https:\/\/baldumarket.lt\/product\/poduszka-wewnetrzna-40x40\/"},"modified":"2026-03-24T18:17:40","modified_gmt":"2026-03-24T15:17:40","slug":"poduszka-wewnetrzna-40x40","status":"publish","type":"product","link":"https:\/\/baldumarket.lt\/lt\/product\/poduszka-wewnetrzna-40x40\/","title":{"rendered":"Vidin\u0117 pagalv\u0117 40\u00d740"},"content":{"rendered":"<p>Patogi 40 \u00d7 40 cm vidin\u0117 pagalv\u0117, puikiai tinkanti naudoti svetain\u0117je, miegamajame ar biure. Pripildyta silikono kamuoliuk\u0173, ji suteikia komfort\u0105 ir atram\u0105. Pagaminta i\u0161 patvarios, lengvai pri\u017ei\u016brimos med\u017eiagos, ji yra puikus dekoratyvini\u0173 pagalvi\u0173 u\u017evalkal\u0173 pagrindas, suteikiantis komforto ir elegancijos. J\u0105 galima naudoti kaip sofos, lovos ar fotelio pried\u0105.<\/p>","protected":false},"excerpt":{"rendered":"<p>Patogi 40 \u00d7 40 cm vidin\u0117 pagalv\u0117, puikiai tinkanti naudoti svetain\u0117je, miegamajame ar biure. Pripildyta silikono kamuoliuko, ji suteikia komfort\u0105 ir atram\u0105. Pagaminta i\u0161 patvarios, lengvai pri\u017ei\u016brimos med\u017eiagos, ji yra puikus dekoratyvini\u0173 pagalvi\u0173 u\u017evalkal\u0173 pagrindas, suteikiantis komforto ir elegancijos. J\u0105 galima naudoti kaip sofos, lovos ar [\u2026] pried\u0105.<\/p>","protected":false},"featured_media":30689,"comment_status":"open","ping_status":"open","template":"","meta":[],"product_brand":[],"product_cat":[2012,1043],"product_tag":[],"class_list":{"0":"post-30688","1":"product","2":"type-product","3":"status-publish","4":"has-post-thumbnail","6":"product_cat-eltap","7":"product_cat-extras","9":"first","10":"instock","11":"purchasable","12":"product-type-simple"},"_links":{"self":[{"href":"https:\/\/baldumarket.lt\/lt\/wp-json\/wp\/v2\/product\/30688","targetHints":{"allow":["GET"]}}],"collection":[{"href":"https:\/\/baldumarket.lt\/lt\/wp-json\/wp\/v2\/product"}],"about":[{"href":"https:\/\/baldumarket.lt\/lt\/wp-json\/wp\/v2\/types\/product"}],"replies":[{"embeddable":true,"href":"https:\/\/baldumarket.lt\/lt\/wp-json\/wp\/v2\/comments?post=30688"}],"wp:featuredmedia":[{"embeddable":true,"href":"https:\/\/baldumarket.lt\/lt\/wp-json\/wp\/v2\/media\/30689"}],"wp:attachment":[{"href":"https:\/\/baldumarket.lt\/lt\/wp-json\/wp\/v2\/media?parent=30688"}],"wp:term":[{"taxonomy":"product_brand","embeddable":true,"href":"https:\/\/baldumarket.lt\/lt\/wp-json\/wp\/v2\/product_brand?post=30688"},{"taxonomy":"product_cat","embeddable":true,"href":"https:\/\/baldumarket.lt\/lt\/wp-json\/wp\/v2\/product_cat?post=30688"},{"taxonomy":"product_tag","embeddable":true,"href":"https:\/\/baldumarket.lt\/lt\/wp-json\/wp\/v2\/product_tag?post=30688"}],"curies":[{"name":"wp","href":"https:\/\/api.w.org\/{rel}","templated":true}]}}