{"id":306823,"date":"2026-01-15T19:05:32","date_gmt":"2026-01-15T16:05:32","guid":{"rendered":"https:\/\/baldumarket.lt\/product\/lozko-dzieciece-3-osobowe-leia-200x90-biala-adrk\/"},"modified":"2026-02-11T18:08:29","modified_gmt":"2026-02-11T15:08:29","slug":"lozko-dzieciece-3-osobowe-leia-200x90-biala-adrk","status":"publish","type":"product","link":"https:\/\/baldumarket.lt\/lt\/product\/lozko-dzieciece-3-osobowe-leia-200x90-biala-adrk\/","title":{"rendered":"Vaiki\u0161ka lova 3 asmenims Leia 200\u00d790 balta ADRK"},"content":{"rendered":"<p>Vaiki\u0161ka lova \u201eLeia\u201c \u2013 tai funkcionalus sprendimas, skirtas trims vaikams. Jos dizain\u0105 sudaro du auk\u0161tai ir papildoma i\u0161traukiama apatin\u0117 lova. Tvirtas r\u0117mas u\u017etikrina stabilum\u0105 ir saugum\u0105, o \u012fmontuotos kop\u0117\u010dios leid\u017eia lengvai pasiekti vir\u0161utin\u012f auk\u0161t\u0105. Apsauginiai tur\u0117klai vir\u0161utin\u0117je lovoje u\u017etikrina vaiko saugum\u0105 miegant. Be to, lovoje yra erdv\u016bs stal\u010diai, kuriuose prakti\u0161kai galima laikyti patalyn\u0119, \u017eaislus ir kitus vaik\u0173 aksesuarus. \u201eLeia\u201c derina funkcionalum\u0105 su moderniu dizainu, puikiai tinkan\u010diu vaiko kambariui.<\/p>","protected":false},"excerpt":{"rendered":"<p>Plotis (cm): 96<br \/>\n\u016agis (cm): 185<br \/>\nGylis (cm): 212<br \/>\nAsambl\u0117ja<br \/>\nSavaranki\u0161kas surinkimas<br \/>\nProdukto svoris [kg]: 122<br \/>\n\u010ciu\u017einio dydis<br \/>\n90&#215;200<\/p>","protected":false},"featured_media":306824,"comment_status":"open","ping_status":"open","template":"","meta":[],"product_brand":[],"product_cat":[9201,505],"product_tag":[],"class_list":{"0":"post-306823","1":"product","2":"type-product","3":"status-publish","4":"has-post-thumbnail","6":"product_cat-adrk-furniture","7":"product_cat-bedroom-beds","9":"first","10":"instock","11":"purchasable","12":"product-type-simple"},"_links":{"self":[{"href":"https:\/\/baldumarket.lt\/lt\/wp-json\/wp\/v2\/product\/306823","targetHints":{"allow":["GET"]}}],"collection":[{"href":"https:\/\/baldumarket.lt\/lt\/wp-json\/wp\/v2\/product"}],"about":[{"href":"https:\/\/baldumarket.lt\/lt\/wp-json\/wp\/v2\/types\/product"}],"replies":[{"embeddable":true,"href":"https:\/\/baldumarket.lt\/lt\/wp-json\/wp\/v2\/comments?post=306823"}],"wp:featuredmedia":[{"embeddable":true,"href":"https:\/\/baldumarket.lt\/lt\/wp-json\/wp\/v2\/media\/306824"}],"wp:attachment":[{"href":"https:\/\/baldumarket.lt\/lt\/wp-json\/wp\/v2\/media?parent=306823"}],"wp:term":[{"taxonomy":"product_brand","embeddable":true,"href":"https:\/\/baldumarket.lt\/lt\/wp-json\/wp\/v2\/product_brand?post=306823"},{"taxonomy":"product_cat","embeddable":true,"href":"https:\/\/baldumarket.lt\/lt\/wp-json\/wp\/v2\/product_cat?post=306823"},{"taxonomy":"product_tag","embeddable":true,"href":"https:\/\/baldumarket.lt\/lt\/wp-json\/wp\/v2\/product_tag?post=306823"}],"curies":[{"name":"wp","href":"https:\/\/api.w.org\/{rel}","templated":true}]}}