{"id":306775,"date":"2026-01-15T19:04:48","date_gmt":"2026-01-15T16:04:48","guid":{"rendered":"https:\/\/baldumarket.lt\/product\/lozko-dzieciece-kalia-200x90-biala-dab-adrk\/"},"modified":"2026-02-11T18:08:30","modified_gmt":"2026-02-11T15:08:30","slug":"lozko-dzieciece-kalia-200x90-biala-dab-adrk","status":"publish","type":"product","link":"https:\/\/baldumarket.lt\/lt\/product\/lozko-dzieciece-kalia-200x90-biala-dab-adrk\/","title":{"rendered":"Kalia vaiki\u0161ka lova 200\u00d790 balta\/\u0105\u017euolas ADRK"},"content":{"rendered":"<p>Vaiki\u0161ka lova \u201eKalia\u201c \u2013 tai modernaus dizaino ir funkcionalumo derinys. Pagaminta i\u0161 patvari\u0173 med\u017eiag\u0173, eleganti\u0161ka balta spalva dera su nat\u016braliu \u0160etlando \u0105\u017euolo atspalviu. Lovos \u0161onai yra u\u017eapvalinti, kad b\u016bt\u0173 u\u017etikrintas j\u016bs\u0173 vaiko saugumas miegant.<\/p>","protected":false},"excerpt":{"rendered":"<p>Plotis (cm): 96<br \/>\n\u016agis (cm): 74<br \/>\nGylis (cm): 212<br \/>\nAsambl\u0117ja<br \/>\nSavaranki\u0161kas surinkimas<br \/>\nProdukto svoris [kg]: 58<br \/>\n\u010ciu\u017einio dydis<br \/>\n90&#215;200<\/p>","protected":false},"featured_media":306776,"comment_status":"open","ping_status":"open","template":"","meta":[],"product_brand":[],"product_cat":[9201,505],"product_tag":[],"class_list":{"0":"post-306775","1":"product","2":"type-product","3":"status-publish","4":"has-post-thumbnail","6":"product_cat-adrk-furniture","7":"product_cat-bedroom-beds","9":"first","10":"instock","11":"purchasable","12":"product-type-simple"},"_links":{"self":[{"href":"https:\/\/baldumarket.lt\/lt\/wp-json\/wp\/v2\/product\/306775","targetHints":{"allow":["GET"]}}],"collection":[{"href":"https:\/\/baldumarket.lt\/lt\/wp-json\/wp\/v2\/product"}],"about":[{"href":"https:\/\/baldumarket.lt\/lt\/wp-json\/wp\/v2\/types\/product"}],"replies":[{"embeddable":true,"href":"https:\/\/baldumarket.lt\/lt\/wp-json\/wp\/v2\/comments?post=306775"}],"wp:featuredmedia":[{"embeddable":true,"href":"https:\/\/baldumarket.lt\/lt\/wp-json\/wp\/v2\/media\/306776"}],"wp:attachment":[{"href":"https:\/\/baldumarket.lt\/lt\/wp-json\/wp\/v2\/media?parent=306775"}],"wp:term":[{"taxonomy":"product_brand","embeddable":true,"href":"https:\/\/baldumarket.lt\/lt\/wp-json\/wp\/v2\/product_brand?post=306775"},{"taxonomy":"product_cat","embeddable":true,"href":"https:\/\/baldumarket.lt\/lt\/wp-json\/wp\/v2\/product_cat?post=306775"},{"taxonomy":"product_tag","embeddable":true,"href":"https:\/\/baldumarket.lt\/lt\/wp-json\/wp\/v2\/product_tag?post=306775"}],"curies":[{"name":"wp","href":"https:\/\/api.w.org\/{rel}","templated":true}]}}