{"id":306760,"date":"2026-01-15T19:04:36","date_gmt":"2026-01-15T16:04:36","guid":{"rendered":"https:\/\/baldumarket.lt\/product\/szafa-przesuwna-lizi-120-czarny-adrk\/"},"modified":"2026-02-11T18:08:31","modified_gmt":"2026-02-11T15:08:31","slug":"szafa-przesuwna-lizi-120-czarny-adrk","status":"publish","type":"product","link":"https:\/\/baldumarket.lt\/lt\/product\/szafa-przesuwna-lizi-120-czarny-adrk\/","title":{"rendered":"Lizi 120 stumdoma spinta su juoda rankena, ADRK"},"content":{"rendered":"<p>Moderni, 120 cm plo\u010dio \u201eLizi\u201c stumdoma spinta \u2013 puikus sprendimas miegamajam, prie\u0161kambariui ar persirengimo kambariui. Paprastas, minimalistinis dizainas puikiai dera su \u012fvairiais interjero stiliais \u2013 nuo modernaus iki klasikinio. R\u0117mas ir fasadai pagaminti i\u0161 patvarios, 16 mm storio laminuotos plok\u0161t\u0117s, u\u017etikrinan\u010dios tvirt\u0105 konstrukcij\u0105 ir atsparum\u0105 kasdieniam d\u0117v\u0117jimuisi. Stumdoma sistema leid\u017eia lengvai atidaryti duris net ir ank\u0161tose erdv\u0117se, tod\u0117l \u0161i spinta puikiai tinka ir ma\u017eesn\u0117ms patalpoms. Spinta pasi\u017eymi funkcionaliu interjeru su lentynomis ir drabu\u017ei\u0173 pakaba, tod\u0117l yra daug vietos drabu\u017eiams, batams ir aksesuarams laikyti. Gerai apgalvotas vidinis i\u0161d\u0117stymas leid\u017eia papras\u010diau ir efektyviau organizuoti spintas.<\/p>","protected":false},"excerpt":{"rendered":"<p>Plotis (cm): 120<br \/>\n\u016agis (cm): 200<br \/>\nGylis (cm): 58<br \/>\nAsambl\u0117ja<br \/>\nSavaranki\u0161kas surinkimas<br \/>\nProdukto svoris [kg]: 94<\/p>","protected":false},"featured_media":306761,"comment_status":"open","ping_status":"open","template":"","meta":[],"product_brand":[],"product_cat":[9201,1177],"product_tag":[],"class_list":{"0":"post-306760","1":"product","2":"type-product","3":"status-publish","4":"has-post-thumbnail","6":"product_cat-adrk-furniture","7":"product_cat-wardrobes","9":"first","10":"instock","11":"purchasable","12":"product-type-simple"},"_links":{"self":[{"href":"https:\/\/baldumarket.lt\/lt\/wp-json\/wp\/v2\/product\/306760","targetHints":{"allow":["GET"]}}],"collection":[{"href":"https:\/\/baldumarket.lt\/lt\/wp-json\/wp\/v2\/product"}],"about":[{"href":"https:\/\/baldumarket.lt\/lt\/wp-json\/wp\/v2\/types\/product"}],"replies":[{"embeddable":true,"href":"https:\/\/baldumarket.lt\/lt\/wp-json\/wp\/v2\/comments?post=306760"}],"wp:featuredmedia":[{"embeddable":true,"href":"https:\/\/baldumarket.lt\/lt\/wp-json\/wp\/v2\/media\/306761"}],"wp:attachment":[{"href":"https:\/\/baldumarket.lt\/lt\/wp-json\/wp\/v2\/media?parent=306760"}],"wp:term":[{"taxonomy":"product_brand","embeddable":true,"href":"https:\/\/baldumarket.lt\/lt\/wp-json\/wp\/v2\/product_brand?post=306760"},{"taxonomy":"product_cat","embeddable":true,"href":"https:\/\/baldumarket.lt\/lt\/wp-json\/wp\/v2\/product_cat?post=306760"},{"taxonomy":"product_tag","embeddable":true,"href":"https:\/\/baldumarket.lt\/lt\/wp-json\/wp\/v2\/product_tag?post=306760"}],"curies":[{"name":"wp","href":"https:\/\/api.w.org\/{rel}","templated":true}]}}