{"id":306740,"date":"2026-01-15T19:04:18","date_gmt":"2026-01-15T16:04:18","guid":{"rendered":"https:\/\/baldumarket.lt\/product\/szafa-przesuwna-z-lustrem-sonic-200-kaszmir-adrk\/"},"modified":"2026-02-11T18:08:31","modified_gmt":"2026-02-11T15:08:31","slug":"szafa-przesuwna-z-lustrem-sonic-200-kaszmir-adrk","status":"publish","type":"product","link":"https:\/\/baldumarket.lt\/lt\/product\/szafa-przesuwna-z-lustrem-sonic-200-kaszmir-adrk\/","title":{"rendered":"\u201eSonic 200 Cashmere ADRK\u201c stumdoma spinta su veidrod\u017eiu"},"content":{"rendered":"<p>\u201eSonic 200\u201c spinta su veidrod\u017eiu yra modernus ir funkcionalus baldas, puikiai tinkantis miegamajam, persirengimo kambariui ar prie\u0161kambariui. Stumdomos durys palengvina kasdien\u012f naudojim\u0105 ir taupo viet\u0105. Didelis, centre esantis veidrodis ne tik vizualiai padidina erdv\u0119, bet ir atlieka praktin\u0119 funkcij\u0105, palengvindamas kasdienius pasiruo\u0161imus. \u201eSonic\u201c spinta derina estetik\u0105 ir prakti\u0161kum\u0105, si\u016blo erdv\u0173 interjer\u0105 su lentynomis ir drabu\u017ei\u0173 pakaba, tod\u0117l tai puikus pasirinkimas moderniam interjerui.<\/p>","protected":false},"excerpt":{"rendered":"<p>Plotis (cm): 200<br \/>\n\u016agis (cm): 215<br \/>\nGylis (cm): 58<br \/>\nAsambl\u0117ja<br \/>\nSavaranki\u0161kas surinkimas<br \/>\nProdukto svoris [kg]: 161<\/p>","protected":false},"featured_media":306741,"comment_status":"open","ping_status":"open","template":"","meta":[],"product_brand":[],"product_cat":[9201,1177],"product_tag":[],"class_list":{"0":"post-306740","1":"product","2":"type-product","3":"status-publish","4":"has-post-thumbnail","6":"product_cat-adrk-furniture","7":"product_cat-wardrobes","9":"first","10":"instock","11":"purchasable","12":"product-type-simple"},"_links":{"self":[{"href":"https:\/\/baldumarket.lt\/lt\/wp-json\/wp\/v2\/product\/306740","targetHints":{"allow":["GET"]}}],"collection":[{"href":"https:\/\/baldumarket.lt\/lt\/wp-json\/wp\/v2\/product"}],"about":[{"href":"https:\/\/baldumarket.lt\/lt\/wp-json\/wp\/v2\/types\/product"}],"replies":[{"embeddable":true,"href":"https:\/\/baldumarket.lt\/lt\/wp-json\/wp\/v2\/comments?post=306740"}],"wp:featuredmedia":[{"embeddable":true,"href":"https:\/\/baldumarket.lt\/lt\/wp-json\/wp\/v2\/media\/306741"}],"wp:attachment":[{"href":"https:\/\/baldumarket.lt\/lt\/wp-json\/wp\/v2\/media?parent=306740"}],"wp:term":[{"taxonomy":"product_brand","embeddable":true,"href":"https:\/\/baldumarket.lt\/lt\/wp-json\/wp\/v2\/product_brand?post=306740"},{"taxonomy":"product_cat","embeddable":true,"href":"https:\/\/baldumarket.lt\/lt\/wp-json\/wp\/v2\/product_cat?post=306740"},{"taxonomy":"product_tag","embeddable":true,"href":"https:\/\/baldumarket.lt\/lt\/wp-json\/wp\/v2\/product_tag?post=306740"}],"curies":[{"name":"wp","href":"https:\/\/api.w.org\/{rel}","templated":true}]}}