{"id":306715,"date":"2026-01-15T19:03:56","date_gmt":"2026-01-15T16:03:56","guid":{"rendered":"https:\/\/baldumarket.lt\/product\/szafa-przesuwna-greta-200-kaszmir-adrk\/"},"modified":"2026-02-11T18:08:32","modified_gmt":"2026-02-11T15:08:32","slug":"szafa-przesuwna-greta-200-kaszmir-adrk","status":"publish","type":"product","link":"https:\/\/baldumarket.lt\/lt\/product\/szafa-przesuwna-greta-200-kaszmir-adrk\/","title":{"rendered":"Greta 200 Stumdoma spinta ka\u0161myras ADRK"},"content":{"rendered":"<p>Stumdoma spinta \u201eGreta 200\u201c \u2013 tai modernus ir funkcionalus sprendimas, puikiai papildantis bet kur\u012f miegam\u0105j\u012f, r\u016bbin\u0119 ar prie\u0161kambar\u012f. Minimalistin\u0117 forma, geometriniai fasado padaliniai ir kruop\u0161ti apdaila suteikia interjerui eleganti\u0161k\u0105 ir nesenstant\u012f charakter\u012f. Pagaminta i\u0161 auk\u0161tos kokyb\u0117s 16 mm laminuotos plok\u0161t\u0117s, ji yra atspari \u012fbr\u0117\u017eimams, dr\u0117gmei ir UV spinduliams, tod\u0117l u\u017etikrina patvarum\u0105 ir estetik\u0105 ilgus metus. Spinta turi stumdom\u0173 dur\u0173 sistem\u0105, kuri leid\u017eia lengvai atidaryti ir u\u017edaryti duris, taupant viet\u0105 \u2013 idealus sprendimas ma\u017eesn\u0117ms erdv\u0117ms. Spintos vidus sukurtas atsi\u017evelgiant \u012f maksimal\u0173 funkcionalum\u0105, jame yra lentyn\u0173 ir b\u0117geli\u0173 komplektas, leid\u017eiantis lengvai sutvarkyti drabu\u017eius, aksesuarus ir kitus kasdienius daiktus. \u201eGreta 200\u201c modelis yra penki\u0173 spalv\u0173: klasikin\u0117s baltos, eleganti\u0161kos juodos, modernaus baltos ir juodos spalvos derinio, juodos ir baltos bei madingo ka\u0161myro atspalvio.<\/p>","protected":false},"excerpt":{"rendered":"<p>Plotis (cm): 200<br \/>\n\u016agis (cm): 215<br \/>\nGylis (cm): 58<br \/>\nAsambl\u0117ja<br \/>\nSavaranki\u0161kas surinkimas<br \/>\nProdukto svoris [kg]: 156<\/p>","protected":false},"featured_media":306716,"comment_status":"open","ping_status":"open","template":"","meta":[],"product_brand":[],"product_cat":[9201,1177],"product_tag":[],"class_list":{"0":"post-306715","1":"product","2":"type-product","3":"status-publish","4":"has-post-thumbnail","6":"product_cat-adrk-furniture","7":"product_cat-wardrobes","9":"first","10":"instock","11":"purchasable","12":"product-type-simple"},"_links":{"self":[{"href":"https:\/\/baldumarket.lt\/lt\/wp-json\/wp\/v2\/product\/306715","targetHints":{"allow":["GET"]}}],"collection":[{"href":"https:\/\/baldumarket.lt\/lt\/wp-json\/wp\/v2\/product"}],"about":[{"href":"https:\/\/baldumarket.lt\/lt\/wp-json\/wp\/v2\/types\/product"}],"replies":[{"embeddable":true,"href":"https:\/\/baldumarket.lt\/lt\/wp-json\/wp\/v2\/comments?post=306715"}],"wp:featuredmedia":[{"embeddable":true,"href":"https:\/\/baldumarket.lt\/lt\/wp-json\/wp\/v2\/media\/306716"}],"wp:attachment":[{"href":"https:\/\/baldumarket.lt\/lt\/wp-json\/wp\/v2\/media?parent=306715"}],"wp:term":[{"taxonomy":"product_brand","embeddable":true,"href":"https:\/\/baldumarket.lt\/lt\/wp-json\/wp\/v2\/product_brand?post=306715"},{"taxonomy":"product_cat","embeddable":true,"href":"https:\/\/baldumarket.lt\/lt\/wp-json\/wp\/v2\/product_cat?post=306715"},{"taxonomy":"product_tag","embeddable":true,"href":"https:\/\/baldumarket.lt\/lt\/wp-json\/wp\/v2\/product_tag?post=306715"}],"curies":[{"name":"wp","href":"https:\/\/api.w.org\/{rel}","templated":true}]}}