{"id":306685,"date":"2026-01-15T19:03:35","date_gmt":"2026-01-15T16:03:35","guid":{"rendered":"https:\/\/baldumarket.lt\/product\/szafa-przesuwna-calma-150-czarny-adrk\/"},"modified":"2026-02-11T18:08:33","modified_gmt":"2026-02-11T15:08:33","slug":"szafa-przesuwna-calma-150-czarny-adrk","status":"publish","type":"product","link":"https:\/\/baldumarket.lt\/lt\/product\/szafa-przesuwna-calma-150-czarny-adrk\/","title":{"rendered":"Stumdoma spinta Calma 150, juoda, ADRK"},"content":{"rendered":"<p>Drabu\u017ein\u0117 \u201eCalma 150\u201c \u2013 puikus sprendimas miegamajam, prie\u0161kambariui ar persirengimo kambariui. Stumdomos durys u\u017etikrina patog\u0173 naudojim\u0105 net ir ma\u017eesn\u0117se erdv\u0117se. Moderni estetika leid\u017eia jai puikiai der\u0117ti tiek minimalistiniame, tiek klasikiniame interjere.<\/p>","protected":false},"excerpt":{"rendered":"<p>Plotis (cm): 150<br \/>\n\u016agis (cm): 200<br \/>\nGylis (cm): 58<br \/>\nAsambl\u0117ja<br \/>\nSavaranki\u0161kas surinkimas<br \/>\nProdukto svoris [kg]: 110<\/p>","protected":false},"featured_media":306686,"comment_status":"open","ping_status":"open","template":"","meta":[],"product_brand":[],"product_cat":[9201,1177],"product_tag":[],"class_list":{"0":"post-306685","1":"product","2":"type-product","3":"status-publish","4":"has-post-thumbnail","6":"product_cat-adrk-furniture","7":"product_cat-wardrobes","9":"first","10":"instock","11":"purchasable","12":"product-type-simple"},"_links":{"self":[{"href":"https:\/\/baldumarket.lt\/lt\/wp-json\/wp\/v2\/product\/306685","targetHints":{"allow":["GET"]}}],"collection":[{"href":"https:\/\/baldumarket.lt\/lt\/wp-json\/wp\/v2\/product"}],"about":[{"href":"https:\/\/baldumarket.lt\/lt\/wp-json\/wp\/v2\/types\/product"}],"replies":[{"embeddable":true,"href":"https:\/\/baldumarket.lt\/lt\/wp-json\/wp\/v2\/comments?post=306685"}],"wp:featuredmedia":[{"embeddable":true,"href":"https:\/\/baldumarket.lt\/lt\/wp-json\/wp\/v2\/media\/306686"}],"wp:attachment":[{"href":"https:\/\/baldumarket.lt\/lt\/wp-json\/wp\/v2\/media?parent=306685"}],"wp:term":[{"taxonomy":"product_brand","embeddable":true,"href":"https:\/\/baldumarket.lt\/lt\/wp-json\/wp\/v2\/product_brand?post=306685"},{"taxonomy":"product_cat","embeddable":true,"href":"https:\/\/baldumarket.lt\/lt\/wp-json\/wp\/v2\/product_cat?post=306685"},{"taxonomy":"product_tag","embeddable":true,"href":"https:\/\/baldumarket.lt\/lt\/wp-json\/wp\/v2\/product_tag?post=306685"}],"curies":[{"name":"wp","href":"https:\/\/api.w.org\/{rel}","templated":true}]}}