{"id":306610,"date":"2026-01-15T19:02:37","date_gmt":"2026-01-15T16:02:37","guid":{"rendered":"https:\/\/baldumarket.lt\/product\/lozko-dzieciece-pietrowe-jori-z-barierka-180x80-z-materacem-biala-sosna-adrk\/"},"modified":"2026-02-11T18:08:35","modified_gmt":"2026-02-11T15:08:35","slug":"lozko-dzieciece-pietrowe-jori-z-barierka-180x80-z-materacem-biala-sosna-adrk","status":"publish","type":"product","link":"https:\/\/baldumarket.lt\/lt\/product\/lozko-dzieciece-pietrowe-jori-z-barierka-180x80-z-materacem-biala-sosna-adrk\/","title":{"rendered":"Jori vaiki\u0161ka dviauk\u0161t\u0117 lova su tur\u0117klu 180\u00d780 su \u010diu\u017einiu, balta\/pu\u0161is, ADRK"},"content":{"rendered":"<p>Jori dviauk\u0161t\u0117 lova su tur\u0117klu \u2013 puikus pasirinkimas t\u0117vams, ie\u0161kantiems funkcionalaus ir stilingo sprendimo vaiko kambariui. D\u0117l gerai apgalvoto dizaino ji suteikia ne tik patogias miegojimo vietas dviem, bet ir papildomos vietos daiktams susid\u0117ti. Du erdv\u016bs stal\u010diai po apatiniu gultu idealiai tinka patalynei, \u017eaislams, drabu\u017eiams ir kitiems vaik\u0173 aksesuarams laikyti, taip padedant palaikyti tvark\u0105 kambaryje. Jori dviauk\u0161t\u0117 lova su tur\u0117klu derina modern\u0173 dizain\u0105 ir auk\u0161tos kokyb\u0117s meistri\u0161kum\u0105, tod\u0117l tarnaus ilgus metus. Tvirta konstrukcija ir saug\u016bs, u\u017eapvalinti kra\u0161tai u\u017etikrina vaik\u0173 komfort\u0105 ir saugum\u0105, o papildoma apsaugin\u0117 tur\u0117kla garantuoja ram\u0173 mieg\u0105 be i\u0161kritimo rizikos. D\u0117l to lova tinka tiek berniuk\u0173, tiek mergai\u010di\u0173 kambariams, suteikdama jauki\u0105 ir funkcionali\u0105 atmosfer\u0105.<\/p>","protected":false},"excerpt":{"rendered":"<p>Plotis (cm): 86<br \/>\n\u016agis (cm): 171<br \/>\nGylis (cm): 191<br \/>\nAsambl\u0117ja<br \/>\nSavaranki\u0161kas surinkimas<br \/>\nProdukto svoris [kg]: 104<br \/>\n\u010ciu\u017einio dydis<br \/>\n80&#215;180<\/p>","protected":false},"featured_media":306611,"comment_status":"open","ping_status":"open","template":"","meta":[],"product_brand":[],"product_cat":[9201,505],"product_tag":[],"class_list":{"0":"post-306610","1":"product","2":"type-product","3":"status-publish","4":"has-post-thumbnail","6":"product_cat-adrk-furniture","7":"product_cat-bedroom-beds","9":"first","10":"instock","11":"purchasable","12":"product-type-simple"},"_links":{"self":[{"href":"https:\/\/baldumarket.lt\/lt\/wp-json\/wp\/v2\/product\/306610","targetHints":{"allow":["GET"]}}],"collection":[{"href":"https:\/\/baldumarket.lt\/lt\/wp-json\/wp\/v2\/product"}],"about":[{"href":"https:\/\/baldumarket.lt\/lt\/wp-json\/wp\/v2\/types\/product"}],"replies":[{"embeddable":true,"href":"https:\/\/baldumarket.lt\/lt\/wp-json\/wp\/v2\/comments?post=306610"}],"wp:featuredmedia":[{"embeddable":true,"href":"https:\/\/baldumarket.lt\/lt\/wp-json\/wp\/v2\/media\/306611"}],"wp:attachment":[{"href":"https:\/\/baldumarket.lt\/lt\/wp-json\/wp\/v2\/media?parent=306610"}],"wp:term":[{"taxonomy":"product_brand","embeddable":true,"href":"https:\/\/baldumarket.lt\/lt\/wp-json\/wp\/v2\/product_brand?post=306610"},{"taxonomy":"product_cat","embeddable":true,"href":"https:\/\/baldumarket.lt\/lt\/wp-json\/wp\/v2\/product_cat?post=306610"},{"taxonomy":"product_tag","embeddable":true,"href":"https:\/\/baldumarket.lt\/lt\/wp-json\/wp\/v2\/product_tag?post=306610"}],"curies":[{"name":"wp","href":"https:\/\/api.w.org\/{rel}","templated":true}]}}