{"id":306520,"date":"2026-01-15T19:01:27","date_gmt":"2026-01-15T16:01:27","guid":{"rendered":"https:\/\/baldumarket.lt\/product\/szafa-przesuwna-etna-250-kaszmir-adrk\/"},"modified":"2026-02-11T18:08:38","modified_gmt":"2026-02-11T15:08:38","slug":"szafa-przesuwna-etna-250-kaszmir-adrk","status":"publish","type":"product","link":"https:\/\/baldumarket.lt\/lt\/product\/szafa-przesuwna-etna-250-kaszmir-adrk\/","title":{"rendered":"Etna 250 Stumdoma spinta Cashmere ADRK"},"content":{"rendered":"<p>Stumdoma spinta \u201eEtna 250\u201c \u2013 eleganti\u0161kas ir funkcionalus sprendimas bet kuriam miegamajam ar persirengimo kambariui. Jos modernus dizainas puikiai dera su \u012fvairiais interjero stiliais, o didelis veidrodis priekyje vizualiai padidina erdv\u0119 ir suteikia jai lengvumo. Spinta \u201eEtna 250\u201c \u2013 tai tobulas estetikos ir funkcionalumo derinys, u\u017etikrinantis patog\u0173 daikt\u0173 laikym\u0105 ir erdv\u0117s organizavim\u0105!<\/p>","protected":false},"excerpt":{"rendered":"<p>Plotis (cm): 250<br \/>\n\u016agis (cm): 215<br \/>\nGylis (cm): 58<br \/>\nAsambl\u0117ja<br \/>\nSavaranki\u0161kas surinkimas<br \/>\nProdukto svoris [kg]: 187<\/p>","protected":false},"featured_media":306521,"comment_status":"open","ping_status":"open","template":"","meta":[],"product_brand":[],"product_cat":[9201,1177],"product_tag":[],"class_list":{"0":"post-306520","1":"product","2":"type-product","3":"status-publish","4":"has-post-thumbnail","6":"product_cat-adrk-furniture","7":"product_cat-wardrobes","9":"first","10":"instock","11":"purchasable","12":"product-type-simple"},"_links":{"self":[{"href":"https:\/\/baldumarket.lt\/lt\/wp-json\/wp\/v2\/product\/306520","targetHints":{"allow":["GET"]}}],"collection":[{"href":"https:\/\/baldumarket.lt\/lt\/wp-json\/wp\/v2\/product"}],"about":[{"href":"https:\/\/baldumarket.lt\/lt\/wp-json\/wp\/v2\/types\/product"}],"replies":[{"embeddable":true,"href":"https:\/\/baldumarket.lt\/lt\/wp-json\/wp\/v2\/comments?post=306520"}],"wp:featuredmedia":[{"embeddable":true,"href":"https:\/\/baldumarket.lt\/lt\/wp-json\/wp\/v2\/media\/306521"}],"wp:attachment":[{"href":"https:\/\/baldumarket.lt\/lt\/wp-json\/wp\/v2\/media?parent=306520"}],"wp:term":[{"taxonomy":"product_brand","embeddable":true,"href":"https:\/\/baldumarket.lt\/lt\/wp-json\/wp\/v2\/product_brand?post=306520"},{"taxonomy":"product_cat","embeddable":true,"href":"https:\/\/baldumarket.lt\/lt\/wp-json\/wp\/v2\/product_cat?post=306520"},{"taxonomy":"product_tag","embeddable":true,"href":"https:\/\/baldumarket.lt\/lt\/wp-json\/wp\/v2\/product_tag?post=306520"}],"curies":[{"name":"wp","href":"https:\/\/api.w.org\/{rel}","templated":true}]}}