{"id":306440,"date":"2026-01-15T19:00:20","date_gmt":"2026-01-15T16:00:20","guid":{"rendered":"https:\/\/baldumarket.lt\/product\/szafa-przesuwna-laurencja-100-czarny-biala-adrk\/"},"modified":"2026-02-11T18:08:40","modified_gmt":"2026-02-11T15:08:40","slug":"szafa-przesuwna-laurencja-100-czarny-biala-adrk","status":"publish","type":"product","link":"https:\/\/baldumarket.lt\/lt\/product\/szafa-przesuwna-laurencja-100-czarny-biala-adrk\/","title":{"rendered":"Laurencja 100 stumdoma spinta, juoda\/balta, ADRK"},"content":{"rendered":"<p>\u201eLaurencja 100\u201c spinta pasi\u017eymi erdvia drabu\u017ei\u0173 saugykla su reguliuojamo auk\u0161\u010dio lentynomis, tod\u0117l galite pritaikyti interjer\u0105 pagal savo individualius poreikius. Tvirta konstrukcija ir eleganti\u0161kas, minimalistinis dizainas neutralioje spalvoje su subtiliomis detal\u0117mis puikiai tinka bet kokiam interjero stiliui \u2013 nuo klasikinio iki modernaus. D\u0117l lengvo surinkimo ir auk\u0161tos kokyb\u0117s med\u017eiag\u0173 \u201eLaurencja 100\u201c spinta tarnaus daugel\u012f met\u0173, bus patikima ir patogi. Tai puikus sprendimas tiems, kurie savo namuose ie\u0161ko funkcionalumo ir elegancijos derinio.<\/p>","protected":false},"excerpt":{"rendered":"<p>Plotis (cm): 100<br \/>\n\u016agis (cm): 200<br \/>\nGylis (cm): 58<br \/>\nAsambl\u0117ja<br \/>\nSavaranki\u0161kas surinkimas<br \/>\nProdukto svoris [kg]: 90<\/p>","protected":false},"featured_media":306441,"comment_status":"open","ping_status":"open","template":"","meta":[],"product_brand":[],"product_cat":[9201,1177],"product_tag":[],"class_list":{"0":"post-306440","1":"product","2":"type-product","3":"status-publish","4":"has-post-thumbnail","6":"product_cat-adrk-furniture","7":"product_cat-wardrobes","9":"first","10":"instock","11":"purchasable","12":"product-type-simple"},"_links":{"self":[{"href":"https:\/\/baldumarket.lt\/lt\/wp-json\/wp\/v2\/product\/306440","targetHints":{"allow":["GET"]}}],"collection":[{"href":"https:\/\/baldumarket.lt\/lt\/wp-json\/wp\/v2\/product"}],"about":[{"href":"https:\/\/baldumarket.lt\/lt\/wp-json\/wp\/v2\/types\/product"}],"replies":[{"embeddable":true,"href":"https:\/\/baldumarket.lt\/lt\/wp-json\/wp\/v2\/comments?post=306440"}],"wp:featuredmedia":[{"embeddable":true,"href":"https:\/\/baldumarket.lt\/lt\/wp-json\/wp\/v2\/media\/306441"}],"wp:attachment":[{"href":"https:\/\/baldumarket.lt\/lt\/wp-json\/wp\/v2\/media?parent=306440"}],"wp:term":[{"taxonomy":"product_brand","embeddable":true,"href":"https:\/\/baldumarket.lt\/lt\/wp-json\/wp\/v2\/product_brand?post=306440"},{"taxonomy":"product_cat","embeddable":true,"href":"https:\/\/baldumarket.lt\/lt\/wp-json\/wp\/v2\/product_cat?post=306440"},{"taxonomy":"product_tag","embeddable":true,"href":"https:\/\/baldumarket.lt\/lt\/wp-json\/wp\/v2\/product_tag?post=306440"}],"curies":[{"name":"wp","href":"https:\/\/api.w.org\/{rel}","templated":true}]}}