{"id":306430,"date":"2026-01-15T19:00:06","date_gmt":"2026-01-15T16:00:06","guid":{"rendered":"https:\/\/baldumarket.lt\/product\/szafa-przesuwna-verto-100-czarny-adrk\/"},"modified":"2026-02-11T18:08:40","modified_gmt":"2026-02-11T15:08:40","slug":"szafa-przesuwna-verto-100-czarny-adrk","status":"publish","type":"product","link":"https:\/\/baldumarket.lt\/lt\/product\/szafa-przesuwna-verto-100-czarny-adrk\/","title":{"rendered":"Verto 100 stumdoma spinta, juoda, ADRK"},"content":{"rendered":"<p>\u201eVerto 100\u201c spinta \u2013 funkcionalus ir esteti\u0161kai patrauklus baldas, kuris papildys bet kok\u012f interjer\u0105. Pagaminta i\u0161 16 mm storio laminuotos plok\u0161t\u0117s, ji yra atspari pa\u017eeidimams ir lengvai valoma. Joje \u012fmontuotos modernios aliuminio b\u0117gel\u0117s, u\u017etikrinan\u010dios skland\u0173 ir tyl\u0173 dur\u0173 jud\u0117jim\u0105. Paprastas dizainas ir tvirta konstrukcija paver\u010dia \u201eVerto 100\u201c spint\u0105 puikiu pasirinkimu miegamajam, prie\u0161kambariui ar biurui, derindama funkcionalum\u0105 su eleganti\u0161ka i\u0161vaizda.<\/p>","protected":false},"excerpt":{"rendered":"<p>Plotis (cm): 100<br \/>\n\u016agis (cm): 200<br \/>\nGylis (cm): 58<br \/>\nAsambl\u0117ja<br \/>\nSavaranki\u0161kas surinkimas<br \/>\nProdukto svoris [kg]: 84<\/p>","protected":false},"featured_media":306431,"comment_status":"open","ping_status":"open","template":"","meta":[],"product_brand":[],"product_cat":[9201,1177],"product_tag":[],"class_list":{"0":"post-306430","1":"product","2":"type-product","3":"status-publish","4":"has-post-thumbnail","6":"product_cat-adrk-furniture","7":"product_cat-wardrobes","9":"first","10":"instock","11":"purchasable","12":"product-type-simple"},"_links":{"self":[{"href":"https:\/\/baldumarket.lt\/lt\/wp-json\/wp\/v2\/product\/306430","targetHints":{"allow":["GET"]}}],"collection":[{"href":"https:\/\/baldumarket.lt\/lt\/wp-json\/wp\/v2\/product"}],"about":[{"href":"https:\/\/baldumarket.lt\/lt\/wp-json\/wp\/v2\/types\/product"}],"replies":[{"embeddable":true,"href":"https:\/\/baldumarket.lt\/lt\/wp-json\/wp\/v2\/comments?post=306430"}],"wp:featuredmedia":[{"embeddable":true,"href":"https:\/\/baldumarket.lt\/lt\/wp-json\/wp\/v2\/media\/306431"}],"wp:attachment":[{"href":"https:\/\/baldumarket.lt\/lt\/wp-json\/wp\/v2\/media?parent=306430"}],"wp:term":[{"taxonomy":"product_brand","embeddable":true,"href":"https:\/\/baldumarket.lt\/lt\/wp-json\/wp\/v2\/product_brand?post=306430"},{"taxonomy":"product_cat","embeddable":true,"href":"https:\/\/baldumarket.lt\/lt\/wp-json\/wp\/v2\/product_cat?post=306430"},{"taxonomy":"product_tag","embeddable":true,"href":"https:\/\/baldumarket.lt\/lt\/wp-json\/wp\/v2\/product_tag?post=306430"}],"curies":[{"name":"wp","href":"https:\/\/api.w.org\/{rel}","templated":true}]}}