{"id":306420,"date":"2026-01-15T18:59:55","date_gmt":"2026-01-15T15:59:55","guid":{"rendered":"https:\/\/baldumarket.lt\/product\/szafa-przesuwna-castello-120-czarny-adrk\/"},"modified":"2026-02-11T18:08:40","modified_gmt":"2026-02-11T15:08:40","slug":"szafa-przesuwna-castello-120-czarny-adrk","status":"publish","type":"product","link":"https:\/\/baldumarket.lt\/lt\/product\/szafa-przesuwna-castello-120-czarny-adrk\/","title":{"rendered":"Castello 120 stumdoma spinta su juodais langais, ADRK"},"content":{"rendered":"<p>120 cm plo\u010dio \u201eCastello\u201c spinta \u2013 eleganti\u0161kas ir funkcionalus baldas, puikiai papildantis modern\u0173 interjer\u0105. Minimalistinis dizainas ir \u012fvairios spalv\u0173 gamos leid\u017eia jai papildyti \u012fvairius interjerus. 120 cm plo\u010dio \u201eCastello\u201c spinta \u2013 tobulas stiliaus ir prakti\u0161kumo derinys \u2013 puikus pasirinkimas miegamajam, persirengimo kambariui ar prie\u0161kambariui!<\/p>","protected":false},"excerpt":{"rendered":"<p>Plotis (cm): 120<br \/>\n\u016agis (cm): 200<br \/>\nGylis (cm): 58<br \/>\nAsambl\u0117ja<br \/>\nSavaranki\u0161kas surinkimas<br \/>\nProdukto svoris [kg]: 99<\/p>","protected":false},"featured_media":306421,"comment_status":"open","ping_status":"open","template":"","meta":[],"product_brand":[],"product_cat":[9201,1177],"product_tag":[],"class_list":{"0":"post-306420","1":"product","2":"type-product","3":"status-publish","4":"has-post-thumbnail","6":"product_cat-adrk-furniture","7":"product_cat-wardrobes","9":"first","10":"instock","11":"purchasable","12":"product-type-simple"},"_links":{"self":[{"href":"https:\/\/baldumarket.lt\/lt\/wp-json\/wp\/v2\/product\/306420","targetHints":{"allow":["GET"]}}],"collection":[{"href":"https:\/\/baldumarket.lt\/lt\/wp-json\/wp\/v2\/product"}],"about":[{"href":"https:\/\/baldumarket.lt\/lt\/wp-json\/wp\/v2\/types\/product"}],"replies":[{"embeddable":true,"href":"https:\/\/baldumarket.lt\/lt\/wp-json\/wp\/v2\/comments?post=306420"}],"wp:featuredmedia":[{"embeddable":true,"href":"https:\/\/baldumarket.lt\/lt\/wp-json\/wp\/v2\/media\/306421"}],"wp:attachment":[{"href":"https:\/\/baldumarket.lt\/lt\/wp-json\/wp\/v2\/media?parent=306420"}],"wp:term":[{"taxonomy":"product_brand","embeddable":true,"href":"https:\/\/baldumarket.lt\/lt\/wp-json\/wp\/v2\/product_brand?post=306420"},{"taxonomy":"product_cat","embeddable":true,"href":"https:\/\/baldumarket.lt\/lt\/wp-json\/wp\/v2\/product_cat?post=306420"},{"taxonomy":"product_tag","embeddable":true,"href":"https:\/\/baldumarket.lt\/lt\/wp-json\/wp\/v2\/product_tag?post=306420"}],"curies":[{"name":"wp","href":"https:\/\/api.w.org\/{rel}","templated":true}]}}