{"id":306390,"date":"2026-01-15T18:59:32","date_gmt":"2026-01-15T15:59:32","guid":{"rendered":"https:\/\/baldumarket.lt\/product\/szafa-przesuwna-cardi-150-czarny-adrk\/"},"modified":"2026-02-11T18:08:42","modified_gmt":"2026-02-11T15:08:42","slug":"szafa-przesuwna-cardi-150-czarny-adrk","status":"publish","type":"product","link":"https:\/\/baldumarket.lt\/lt\/product\/szafa-przesuwna-cardi-150-czarny-adrk\/","title":{"rendered":"Cardi 150 stumdoma spinta, juoda, ADRK"},"content":{"rendered":"<p>\u201eCardi 150\u201c stumdoma spinta \u2013 puikus sprendimas tiems, kurie vertina stili\u0173, modernum\u0105 ir funkcionalum\u0105. D\u0117l baltos konstrukcijos ir eleganti\u0161kos juodos fasado derinio \u0161is baldas puikiai dera prie modernaus interjero, suteikdamas jam unikal\u0173 charakter\u012f. \u201eCardi 150\u201c spinta \u2013 puikus pasirinkimas tiems, kurie vertina stili\u0173, kokyb\u0119 ir patogum\u0105. Universali estetika leid\u017eia jai puikiai der\u0117ti prie bet kokio interjero, suteikiant elegancijos ir modernumo.<\/p>","protected":false},"excerpt":{"rendered":"<p>Plotis (cm): 150<br \/>\n\u016agis (cm): 200<br \/>\nGylis (cm): 58<br \/>\nAsambl\u0117ja<br \/>\nSavaranki\u0161kas surinkimas<br \/>\nProdukto svoris [kg]: 119<\/p>","protected":false},"featured_media":306391,"comment_status":"open","ping_status":"open","template":"","meta":[],"product_brand":[],"product_cat":[9201,1177],"product_tag":[],"class_list":{"0":"post-306390","1":"product","2":"type-product","3":"status-publish","4":"has-post-thumbnail","6":"product_cat-adrk-furniture","7":"product_cat-wardrobes","9":"first","10":"instock","11":"purchasable","12":"product-type-simple"},"_links":{"self":[{"href":"https:\/\/baldumarket.lt\/lt\/wp-json\/wp\/v2\/product\/306390","targetHints":{"allow":["GET"]}}],"collection":[{"href":"https:\/\/baldumarket.lt\/lt\/wp-json\/wp\/v2\/product"}],"about":[{"href":"https:\/\/baldumarket.lt\/lt\/wp-json\/wp\/v2\/types\/product"}],"replies":[{"embeddable":true,"href":"https:\/\/baldumarket.lt\/lt\/wp-json\/wp\/v2\/comments?post=306390"}],"wp:featuredmedia":[{"embeddable":true,"href":"https:\/\/baldumarket.lt\/lt\/wp-json\/wp\/v2\/media\/306391"}],"wp:attachment":[{"href":"https:\/\/baldumarket.lt\/lt\/wp-json\/wp\/v2\/media?parent=306390"}],"wp:term":[{"taxonomy":"product_brand","embeddable":true,"href":"https:\/\/baldumarket.lt\/lt\/wp-json\/wp\/v2\/product_brand?post=306390"},{"taxonomy":"product_cat","embeddable":true,"href":"https:\/\/baldumarket.lt\/lt\/wp-json\/wp\/v2\/product_cat?post=306390"},{"taxonomy":"product_tag","embeddable":true,"href":"https:\/\/baldumarket.lt\/lt\/wp-json\/wp\/v2\/product_tag?post=306390"}],"curies":[{"name":"wp","href":"https:\/\/api.w.org\/{rel}","templated":true}]}}