{"id":306370,"date":"2026-01-15T18:59:17","date_gmt":"2026-01-15T15:59:17","guid":{"rendered":"https:\/\/baldumarket.lt\/product\/regal-cleo-v-sonoma-adrk\/"},"modified":"2026-02-11T18:08:42","modified_gmt":"2026-02-11T15:08:42","slug":"regal-cleo-v-sonoma-adrk","status":"publish","type":"product","link":"https:\/\/baldumarket.lt\/lt\/product\/regal-cleo-v-sonoma-adrk\/","title":{"rendered":"Cleo V Sonoma ADRK knyg\u0173 lentyna"},"content":{"rendered":"<p>\u201eCleo V\u201c knyg\u0173 lentyna \u2013 puikus sprendimas ie\u0161kantiems erdvios ir stilingos vietos daiktams laikyti. Modernus dizainas, pasi\u017eymintis nesenstan\u010diu baltos spalvos ir nat\u016bralaus Sonoma \u0105\u017euolo atspalvio deriniu, suteikia elegancijos ir harmonijos bet kokiam interjerui, puikiai papildydamas tiek modern\u0173, tiek klasikin\u012f interjer\u0105. Sta\u010diakamp\u0117 \u201eCleo V\u201c knyg\u0173 lentynos konstrukcija su a\u0161tuoniomis erdviomis lentynomis suteikia daug vietos knygoms, dekoracijoms, dokumentams, d\u0117\u017e\u0117ms ir kitiems kasdieniams daiktams susid\u0117ti. Prakti\u0161kas i\u0161d\u0117stymas leid\u017eia patogiai planuoti erdv\u0119, tod\u0117l ji puikiai tinka svetainei, biurui, miegamajam ar vaik\u0173 kambariui. Baldas pagamintas i\u0161 patvari\u0173 med\u017eiag\u0173, u\u017etikrinan\u010di\u0173 patvarum\u0105 ir ilgaam\u017ei\u0161kum\u0105. Paprasta, ta\u010diau \u012fsp\u016bdinga i\u0161vaizda paver\u010dia j\u012f ne tik funkcionaliu, bet ir dekoratyviniu elementu. Eleganti\u0161kai sutvarkykite savo interjer\u0105 su \u201eCleo V\u201c knyg\u0173 lentyna \u2013 daugiau lentyn\u0173 rei\u0161kia daugiau galimybi\u0173!<\/p>","protected":false},"excerpt":{"rendered":"<p>Plotis (cm): 77<br \/>\n\u016agis (cm): 150<br \/>\nGylis (cm): 33<br \/>\nAsambl\u0117ja<br \/>\nSavaranki\u0161kas surinkimas<br \/>\nProdukto svoris [kg]: 43<\/p>","protected":false},"featured_media":306371,"comment_status":"open","ping_status":"open","template":"","meta":[],"product_brand":[],"product_cat":[9201,1987],"product_tag":[],"class_list":{"0":"post-306370","1":"product","2":"type-product","3":"status-publish","4":"has-post-thumbnail","6":"product_cat-adrk-furniture","7":"product_cat-shelving-units","9":"first","10":"instock","11":"purchasable","12":"product-type-simple"},"_links":{"self":[{"href":"https:\/\/baldumarket.lt\/lt\/wp-json\/wp\/v2\/product\/306370","targetHints":{"allow":["GET"]}}],"collection":[{"href":"https:\/\/baldumarket.lt\/lt\/wp-json\/wp\/v2\/product"}],"about":[{"href":"https:\/\/baldumarket.lt\/lt\/wp-json\/wp\/v2\/types\/product"}],"replies":[{"embeddable":true,"href":"https:\/\/baldumarket.lt\/lt\/wp-json\/wp\/v2\/comments?post=306370"}],"wp:featuredmedia":[{"embeddable":true,"href":"https:\/\/baldumarket.lt\/lt\/wp-json\/wp\/v2\/media\/306371"}],"wp:attachment":[{"href":"https:\/\/baldumarket.lt\/lt\/wp-json\/wp\/v2\/media?parent=306370"}],"wp:term":[{"taxonomy":"product_brand","embeddable":true,"href":"https:\/\/baldumarket.lt\/lt\/wp-json\/wp\/v2\/product_brand?post=306370"},{"taxonomy":"product_cat","embeddable":true,"href":"https:\/\/baldumarket.lt\/lt\/wp-json\/wp\/v2\/product_cat?post=306370"},{"taxonomy":"product_tag","embeddable":true,"href":"https:\/\/baldumarket.lt\/lt\/wp-json\/wp\/v2\/product_tag?post=306370"}],"curies":[{"name":"wp","href":"https:\/\/api.w.org\/{rel}","templated":true}]}}