{"id":306360,"date":"2026-01-15T18:59:09","date_gmt":"2026-01-15T15:59:09","guid":{"rendered":"https:\/\/baldumarket.lt\/product\/regal-cleo-vi-sonoma-adrk\/"},"modified":"2026-02-11T18:08:42","modified_gmt":"2026-02-11T15:08:42","slug":"regal-cleo-vi-sonoma-adrk","status":"publish","type":"product","link":"https:\/\/baldumarket.lt\/lt\/product\/regal-cleo-vi-sonoma-adrk\/","title":{"rendered":"Cleo VI Sonoma ADRK knyg\u0173 lentyna"},"content":{"rendered":"<p>\u201eCleo VI\u201c knyg\u0173 lentyna \u2013 tai funkcionalus ir stilingas baldas, kuriame dera modernus dizainas ir maksimali talpa. Kvadratin\u0117 konstrukcija su devyniomis simetri\u0161komis lentynomis \u2013 idealus sprendimas tiek laikyti, tiek eksponuoti m\u0117gstamus daiktus. Klasikin\u0117 spalv\u0173 gama \u2013 balta ir Sonoma \u0105\u017euolo \u2013 suteikia baldui eleganti\u0161k\u0105 charakter\u012f, kuris puikiai tiks prie \u012fvairi\u0173 interjero dizain\u0173 \u2013 nuo minimalistinio iki klasikinio. D\u0117l gerai apgalvoto i\u0161d\u0117stymo \u201eCleo V\u201c knyg\u0173 lentyna si\u016blo daug vietos knygoms, dekoracijoms, segtuvams, augalams ir organizacin\u0117ms d\u0117\u017e\u0117ms. Universalus stilius puikiai tinka svetain\u0117ms, miegamiesiems, biurams ar vaik\u0173 kambariams. Knyg\u0173 lentyna pagaminta i\u0161 patvari\u0173 med\u017eiag\u0173, u\u017etikrinan\u010di\u0173 jos ilgaam\u017ei\u0161kum\u0105 ir atsparum\u0105 kasdieniam naudojimui. Paprastas, geometrinis dizainas ne tik padeda organizuoti daiktus, bet ir suteikia estetin\u0119 tvark\u0105 bet kuriame kambaryje. Rinkit\u0117s \u201eCleo V\u201c knyg\u0173 lentyn\u0105, jei vertinate erdvum\u0105, funkcionalum\u0105 ir nesenstant\u012f stili\u0173!<\/p>","protected":false},"excerpt":{"rendered":"<p>Plotis (cm): 113,5<br \/>\n\u016agis (cm): 113,5<br \/>\nGylis (cm): 33<br \/>\nAsambl\u0117ja<br \/>\nSavaranki\u0161kas surinkimas<br \/>\nProdukto svoris [kg]: 50<\/p>","protected":false},"featured_media":306361,"comment_status":"open","ping_status":"open","template":"","meta":[],"product_brand":[],"product_cat":[9201,1987],"product_tag":[],"class_list":{"0":"post-306360","1":"product","2":"type-product","3":"status-publish","4":"has-post-thumbnail","6":"product_cat-adrk-furniture","7":"product_cat-shelving-units","9":"first","10":"instock","11":"purchasable","12":"product-type-simple"},"_links":{"self":[{"href":"https:\/\/baldumarket.lt\/lt\/wp-json\/wp\/v2\/product\/306360","targetHints":{"allow":["GET"]}}],"collection":[{"href":"https:\/\/baldumarket.lt\/lt\/wp-json\/wp\/v2\/product"}],"about":[{"href":"https:\/\/baldumarket.lt\/lt\/wp-json\/wp\/v2\/types\/product"}],"replies":[{"embeddable":true,"href":"https:\/\/baldumarket.lt\/lt\/wp-json\/wp\/v2\/comments?post=306360"}],"wp:featuredmedia":[{"embeddable":true,"href":"https:\/\/baldumarket.lt\/lt\/wp-json\/wp\/v2\/media\/306361"}],"wp:attachment":[{"href":"https:\/\/baldumarket.lt\/lt\/wp-json\/wp\/v2\/media?parent=306360"}],"wp:term":[{"taxonomy":"product_brand","embeddable":true,"href":"https:\/\/baldumarket.lt\/lt\/wp-json\/wp\/v2\/product_brand?post=306360"},{"taxonomy":"product_cat","embeddable":true,"href":"https:\/\/baldumarket.lt\/lt\/wp-json\/wp\/v2\/product_cat?post=306360"},{"taxonomy":"product_tag","embeddable":true,"href":"https:\/\/baldumarket.lt\/lt\/wp-json\/wp\/v2\/product_tag?post=306360"}],"curies":[{"name":"wp","href":"https:\/\/api.w.org\/{rel}","templated":true}]}}