{"id":306350,"date":"2026-01-15T18:59:02","date_gmt":"2026-01-15T15:59:02","guid":{"rendered":"https:\/\/baldumarket.lt\/product\/regal-cleo-iii-sonoma-adrk\/"},"modified":"2026-02-11T18:08:43","modified_gmt":"2026-02-11T15:08:43","slug":"regal-cleo-iii-sonoma-adrk","status":"publish","type":"product","link":"https:\/\/baldumarket.lt\/lt\/product\/regal-cleo-iii-sonoma-adrk\/","title":{"rendered":"Cleo III Sonoma ADRK knyg\u0173 lentyna"},"content":{"rendered":"<p>\u201eCleo III\u201c knyg\u0173 lentyna \u2013 tai modernus baldas, kuriame dera stilius ir funkcionalumas. Eleganti\u0161ka spalv\u0173 gama, kurioje klasikin\u0117 balta spalva derinama su nat\u016braliu Sonoma \u0105\u017euolo atspalviu, puikiai tinka bet kokiai erdvei \u2013 nuo svetaini\u0173 ir miegam\u0173j\u0173 iki biur\u0173 ir vaik\u0173 kambari\u0173. Kvadratinis dizainas ir keturios simetri\u0161kos lentynos sukuria harmoning\u0105 i\u0161d\u0117stym\u0105, kuris yra ne tik prakti\u0161kas, bet ir dekoratyvus. Ji idealiai tinka knygoms, dokumentams, organizacin\u0117ms d\u0117\u017e\u0117ms laikyti arba dekoracijoms ir augalams eksponuoti. Kompakti\u0161ki knyg\u0173 lentynos matmenys leid\u017eia j\u0105 pritaikyti tiek didesniems, tiek ma\u017eesniems interjerams, neu\u017egriozdinant erdv\u0117s. Pagaminta i\u0161 patvari\u0173 med\u017eiag\u0173, \u201eCleo III\u201c i\u0161siskiria savo patvarumu ir atsparumu kasdieniam naudojimui. Paprasta forma ir universalus stilius daro j\u0105 puikiu pasirinkimu tiems, kurie vertina estetik\u0105 ir prakti\u0161kum\u0105. Rinkit\u0117s tvark\u0105 ir dizain\u0105 su \u201eCleo III\u201c knyg\u0173 lentyna!<\/p>","protected":false},"excerpt":{"rendered":"<p>Plotis (cm): 77<br \/>\n\u016agis (cm): 77<br \/>\nGylis (cm): 33<br \/>\nAsambl\u0117ja<br \/>\nSavaranki\u0161kas surinkimas<br \/>\nProdukto svoris [kg]: 24<\/p>","protected":false},"featured_media":306351,"comment_status":"open","ping_status":"open","template":"","meta":[],"product_brand":[],"product_cat":[9201,1987],"product_tag":[],"class_list":{"0":"post-306350","1":"product","2":"type-product","3":"status-publish","4":"has-post-thumbnail","6":"product_cat-adrk-furniture","7":"product_cat-shelving-units","9":"first","10":"instock","11":"purchasable","12":"product-type-simple"},"_links":{"self":[{"href":"https:\/\/baldumarket.lt\/lt\/wp-json\/wp\/v2\/product\/306350","targetHints":{"allow":["GET"]}}],"collection":[{"href":"https:\/\/baldumarket.lt\/lt\/wp-json\/wp\/v2\/product"}],"about":[{"href":"https:\/\/baldumarket.lt\/lt\/wp-json\/wp\/v2\/types\/product"}],"replies":[{"embeddable":true,"href":"https:\/\/baldumarket.lt\/lt\/wp-json\/wp\/v2\/comments?post=306350"}],"wp:featuredmedia":[{"embeddable":true,"href":"https:\/\/baldumarket.lt\/lt\/wp-json\/wp\/v2\/media\/306351"}],"wp:attachment":[{"href":"https:\/\/baldumarket.lt\/lt\/wp-json\/wp\/v2\/media?parent=306350"}],"wp:term":[{"taxonomy":"product_brand","embeddable":true,"href":"https:\/\/baldumarket.lt\/lt\/wp-json\/wp\/v2\/product_brand?post=306350"},{"taxonomy":"product_cat","embeddable":true,"href":"https:\/\/baldumarket.lt\/lt\/wp-json\/wp\/v2\/product_cat?post=306350"},{"taxonomy":"product_tag","embeddable":true,"href":"https:\/\/baldumarket.lt\/lt\/wp-json\/wp\/v2\/product_tag?post=306350"}],"curies":[{"name":"wp","href":"https:\/\/api.w.org\/{rel}","templated":true}]}}