{"id":306330,"date":"2026-01-15T18:58:47","date_gmt":"2026-01-15T15:58:47","guid":{"rendered":"https:\/\/baldumarket.lt\/product\/regal-cleo-ii-biala-adrk\/"},"modified":"2026-02-11T18:08:43","modified_gmt":"2026-02-11T15:08:43","slug":"regal-cleo-ii-biala-adrk","status":"publish","type":"product","link":"https:\/\/baldumarket.lt\/lt\/product\/regal-cleo-ii-biala-adrk\/","title":{"rendered":"Cleo II knyg\u0173 lentyna, balta, ADRK"},"content":{"rendered":"<p>\u201eCleo II\u201c knyg\u0173 lentyna \u2013 tai eleganti\u0161kas ir prakti\u0161kas modernaus stiliaus daikt\u0173 laikymo sprendimas. Baltos ir nat\u016bralaus Sonoma \u0105\u017euolo apdailos derinys suteikia jai nesenstant\u012f charakter\u012f, kuris skland\u017eiai dera prie \u012fvairi\u0173 interjero dizain\u0173 \u2013 nuo klasikinio iki minimalistinio. Sta\u010diakamp\u0117 \u201eCleo II\u201c knyg\u0173 lentyna ir keturios erdvios lentynos suteikia daug vietos knygoms, dekoracijoms, dokumentams ir kitiems reikalingiems daiktams susid\u0117ti. D\u0117l plono dizaino ji idealiai tinka tiek ma\u017eesniems, tiek erdviems kambariams, neu\u017eimant per daug vietos. Pagaminta i\u0161 auk\u0161tos kokyb\u0117s med\u017eiag\u0173, knyg\u0173 lentyna yra tvirta ir patvari, o minimalistinis dizainas suteikia bet kokiam interjerui lengvumo. \u201eCleo II\u201c \u2013 tai funkcionalus baldas, kuriame derinamas modernus stilius ir prakti\u0161kumas. Sutvarkykite savo erdv\u0119 stilingai su \u201eCleo II\u201c knyg\u0173 lentyna!<\/p>","protected":false},"excerpt":{"rendered":"<p>Plotis (cm): 40,5<br \/>\n\u016agis (cm): 150<br \/>\nGylis (cm): 33<br \/>\nAsambl\u0117ja<br \/>\nSavaranki\u0161kas surinkimas<br \/>\nProdukto svoris [kg]: 24<\/p>","protected":false},"featured_media":306331,"comment_status":"open","ping_status":"open","template":"","meta":[],"product_brand":[],"product_cat":[9201,1987],"product_tag":[],"class_list":{"0":"post-306330","1":"product","2":"type-product","3":"status-publish","4":"has-post-thumbnail","6":"product_cat-adrk-furniture","7":"product_cat-shelving-units","9":"first","10":"instock","11":"purchasable","12":"product-type-simple"},"_links":{"self":[{"href":"https:\/\/baldumarket.lt\/lt\/wp-json\/wp\/v2\/product\/306330","targetHints":{"allow":["GET"]}}],"collection":[{"href":"https:\/\/baldumarket.lt\/lt\/wp-json\/wp\/v2\/product"}],"about":[{"href":"https:\/\/baldumarket.lt\/lt\/wp-json\/wp\/v2\/types\/product"}],"replies":[{"embeddable":true,"href":"https:\/\/baldumarket.lt\/lt\/wp-json\/wp\/v2\/comments?post=306330"}],"wp:featuredmedia":[{"embeddable":true,"href":"https:\/\/baldumarket.lt\/lt\/wp-json\/wp\/v2\/media\/306331"}],"wp:attachment":[{"href":"https:\/\/baldumarket.lt\/lt\/wp-json\/wp\/v2\/media?parent=306330"}],"wp:term":[{"taxonomy":"product_brand","embeddable":true,"href":"https:\/\/baldumarket.lt\/lt\/wp-json\/wp\/v2\/product_brand?post=306330"},{"taxonomy":"product_cat","embeddable":true,"href":"https:\/\/baldumarket.lt\/lt\/wp-json\/wp\/v2\/product_cat?post=306330"},{"taxonomy":"product_tag","embeddable":true,"href":"https:\/\/baldumarket.lt\/lt\/wp-json\/wp\/v2\/product_tag?post=306330"}],"curies":[{"name":"wp","href":"https:\/\/api.w.org\/{rel}","templated":true}]}}