{"id":306315,"date":"2026-01-15T18:58:35","date_gmt":"2026-01-15T15:58:35","guid":{"rendered":"https:\/\/baldumarket.lt\/product\/regal-cleo-i-sonoma-adrk\/"},"modified":"2026-02-11T18:08:44","modified_gmt":"2026-02-11T15:08:44","slug":"regal-cleo-i-sonoma-adrk","status":"publish","type":"product","link":"https:\/\/baldumarket.lt\/lt\/product\/regal-cleo-i-sonoma-adrk\/","title":{"rendered":"Cleo I Sonoma ADRK knyg\u0173 lentyna"},"content":{"rendered":"<p>\u201eCleo I\u201c knyg\u0173 lentyna derina modern\u0173 dizain\u0105 ir funkcionalum\u0105. Universali spalv\u0173 gama, kurioje dera klasikin\u0117 balta spalva su eleganti\u0161ka Sonoma \u0105\u017euolo apdaila, puikiai tinka bet kokiam interjerui \u2013 nuo svetain\u0117s iki miegamojo, biuro ar vaik\u0173 kambario. Trimis erdviomis lentynomis apr\u016bpinta knyg\u0173 lentyna suteikia daug vietos knygoms, dekoracijoms, dokumentams ir kitiems kasdieniams daiktams laikyti. D\u0117l kompakti\u0161k\u0173 matmen\u0173 ji idealiai tinka tiek ma\u017eoms, tiek didesn\u0117ms erdv\u0117ms. \u201eCleo I\u201c pagaminta i\u0161 patvari\u0173 med\u017eiag\u0173, u\u017etikrinan\u010di\u0173 jos ilgaam\u017ei\u0161kum\u0105 ir atsparum\u0105 kasdieniam naudojimui. Paprastas, bet stilingas dizainas paver\u010dia j\u0105 ne tik prakti\u0161ku baldu, bet ir esteti\u0161ku bet kokio interjero papildymu. Rinkit\u0117s funkcionalum\u0105 ir modern\u0173 stili\u0173 su \u201eCleo I\u201c knyg\u0173 lentyna!<\/p>","protected":false},"excerpt":{"rendered":"<p>Plotis (cm): 40,5<br \/>\n\u016agis (cm): 113,5<br \/>\nGylis (cm): 33<br \/>\nSurinkimas: Savaranki\u0161kas surinkimas<br \/>\nProdukto svoris [kg]: 23<\/p>","protected":false},"featured_media":306316,"comment_status":"open","ping_status":"open","template":"","meta":[],"product_brand":[],"product_cat":[9201,1987],"product_tag":[],"class_list":{"0":"post-306315","1":"product","2":"type-product","3":"status-publish","4":"has-post-thumbnail","6":"product_cat-adrk-furniture","7":"product_cat-shelving-units","9":"first","10":"instock","11":"purchasable","12":"product-type-simple"},"_links":{"self":[{"href":"https:\/\/baldumarket.lt\/lt\/wp-json\/wp\/v2\/product\/306315","targetHints":{"allow":["GET"]}}],"collection":[{"href":"https:\/\/baldumarket.lt\/lt\/wp-json\/wp\/v2\/product"}],"about":[{"href":"https:\/\/baldumarket.lt\/lt\/wp-json\/wp\/v2\/types\/product"}],"replies":[{"embeddable":true,"href":"https:\/\/baldumarket.lt\/lt\/wp-json\/wp\/v2\/comments?post=306315"}],"wp:featuredmedia":[{"embeddable":true,"href":"https:\/\/baldumarket.lt\/lt\/wp-json\/wp\/v2\/media\/306316"}],"wp:attachment":[{"href":"https:\/\/baldumarket.lt\/lt\/wp-json\/wp\/v2\/media?parent=306315"}],"wp:term":[{"taxonomy":"product_brand","embeddable":true,"href":"https:\/\/baldumarket.lt\/lt\/wp-json\/wp\/v2\/product_brand?post=306315"},{"taxonomy":"product_cat","embeddable":true,"href":"https:\/\/baldumarket.lt\/lt\/wp-json\/wp\/v2\/product_cat?post=306315"},{"taxonomy":"product_tag","embeddable":true,"href":"https:\/\/baldumarket.lt\/lt\/wp-json\/wp\/v2\/product_tag?post=306315"}],"curies":[{"name":"wp","href":"https:\/\/api.w.org\/{rel}","templated":true}]}}