{"id":306270,"date":"2026-01-15T18:57:59","date_gmt":"2026-01-15T15:57:59","guid":{"rendered":"https:\/\/baldumarket.lt\/product\/szafka-rtv-lorello-jodelka-155-cm-dab-craft-adrk\/"},"modified":"2026-02-11T18:08:44","modified_gmt":"2026-02-11T15:08:44","slug":"szafka-rtv-lorello-jodelka-155-cm-dab-craft-adrk","status":"publish","type":"product","link":"https:\/\/baldumarket.lt\/lt\/product\/szafka-rtv-lorello-jodelka-155-cm-dab-craft-adrk\/","title":{"rendered":"Lorello \u201eEglut\u0117s ra\u0161to\u201c TV spintel\u0117, 155 cm, \u0105\u017euolo spalvos, ADRK"},"content":{"rendered":"<p>\u201eLorello\u201c televizoriaus staliukas \u2013 tai tobulas elegancijos ir modernumo derinys, suteikiantis j\u016bs\u0173 interjerui unikalaus charakterio. Jo fasadai puo\u0161ti subtiliais groteli\u0173 motyvais ir ry\u0161kiu eglut\u0117s ra\u0161tu, suteikian\u010diu baldui unikal\u0173 stili\u0173, \u012fkv\u0117pt\u0105 skandinavi\u0161ko ir pramoninio dizaino. Juodos metalin\u0117s kojel\u0117s pabr\u0117\u017eia minimalistin\u0119 estetik\u0105, kartu u\u017etikrindamos stabilum\u0105 ir ilgaam\u017ei\u0161kum\u0105. D\u0117l apgalvoto vidinio organizavimo \u201eLorello\u201c staliukas si\u016blo daug vietos televizoriaus \u012frangai, priedams ir kitiems nieku\u010diams laikyti. Prakti\u0161kos lentynos ir stal\u010diai leid\u017eia lengvai palaikyti tvark\u0105, o kabeli\u0173 lizdai paslepia laidus. \u201eLorello\u201c televizoriaus staliukas \u2013 puikus pasirinkimas tiems, kurie vertina funkcionalum\u0105, stili\u0173 ir auk\u0161tos kokyb\u0117s meistri\u0161kum\u0105. Jis puikiai tiks svetain\u0117se, dekoruotose lofto, moderniu ar klasikiniu stiliumi su elegancijos prisilietimu.<\/p>","protected":false},"excerpt":{"rendered":"<p>Plotis (cm): 155<br \/>\n\u016agis (cm): 49<br \/>\nGylis (cm): 40<br \/>\nAsambl\u0117ja<br \/>\nSavaranki\u0161kas surinkimas<br \/>\nProdukto svoris [kg]: 30<\/p>","protected":false},"featured_media":306271,"comment_status":"open","ping_status":"open","template":"","meta":[],"product_brand":[],"product_cat":[9201,1175],"product_tag":[],"class_list":{"0":"post-306270","1":"product","2":"type-product","3":"status-publish","4":"has-post-thumbnail","6":"product_cat-adrk-furniture","7":"product_cat-tv-stands","9":"first","10":"instock","11":"purchasable","12":"product-type-simple"},"_links":{"self":[{"href":"https:\/\/baldumarket.lt\/lt\/wp-json\/wp\/v2\/product\/306270","targetHints":{"allow":["GET"]}}],"collection":[{"href":"https:\/\/baldumarket.lt\/lt\/wp-json\/wp\/v2\/product"}],"about":[{"href":"https:\/\/baldumarket.lt\/lt\/wp-json\/wp\/v2\/types\/product"}],"replies":[{"embeddable":true,"href":"https:\/\/baldumarket.lt\/lt\/wp-json\/wp\/v2\/comments?post=306270"}],"wp:featuredmedia":[{"embeddable":true,"href":"https:\/\/baldumarket.lt\/lt\/wp-json\/wp\/v2\/media\/306271"}],"wp:attachment":[{"href":"https:\/\/baldumarket.lt\/lt\/wp-json\/wp\/v2\/media?parent=306270"}],"wp:term":[{"taxonomy":"product_brand","embeddable":true,"href":"https:\/\/baldumarket.lt\/lt\/wp-json\/wp\/v2\/product_brand?post=306270"},{"taxonomy":"product_cat","embeddable":true,"href":"https:\/\/baldumarket.lt\/lt\/wp-json\/wp\/v2\/product_cat?post=306270"},{"taxonomy":"product_tag","embeddable":true,"href":"https:\/\/baldumarket.lt\/lt\/wp-json\/wp\/v2\/product_tag?post=306270"}],"curies":[{"name":"wp","href":"https:\/\/api.w.org\/{rel}","templated":true}]}}