{"id":30617,"date":"2025-11-14T20:31:45","date_gmt":"2025-11-14T17:31:45","guid":{"rendered":"https:\/\/baldumarket.lt\/product\/poszewka-dekoracyjna-40x40\/"},"modified":"2026-03-24T16:28:04","modified_gmt":"2026-03-24T13:28:04","slug":"poszewka-dekoracyjna-40x40","status":"publish","type":"product","link":"https:\/\/baldumarket.lt\/lt\/product\/poszewka-dekoracyjna-40x40\/","title":{"rendered":"Dekoratyvinis pagalv\u0117s u\u017evalkalas 40\u00d740"},"content":{"rendered":"<p>\u0160is eleganti\u0161kas 40 \u00d7 40 cm dekoratyvinis pagalv\u0117s u\u017evalkalas puikiai tiks norint suteikti j\u016bs\u0173 namams elegancijos. Jis pagamintas i\u0161 \u012fvairi\u0173 auk\u0161tos kokyb\u0117s audini\u0173, kad atitikt\u0173 j\u016bs\u0173 stili\u0173 ir pageidavimus, i\u0161 auk\u0161\u010diausios kokyb\u0117s med\u017eiag\u0173, tod\u0117l yra patvarus ir lengvai pri\u017ei\u016brimas. Pagalv\u0117s u\u017evalkalas turi tvirt\u0105 u\u017etrauktuk\u0105, kad b\u016bt\u0173 lengva \u012fd\u0117ti ir i\u0161imti. \u012ed\u0117klas nepridedamas, j\u012f galima \u012fsigyti atskirai.<\/p>","protected":false},"excerpt":{"rendered":"<p>\u0160is eleganti\u0161kas 40 \u00d7 40 cm dekoratyvinis pagalv\u0117s u\u017evalkalas puikiai tiks norint suteikti j\u016bs\u0173 namams elegancijos. Jis pagamintas i\u0161 \u012fvairi\u0173 auk\u0161tos kokyb\u0117s audini\u0173, kad atitikt\u0173 j\u016bs\u0173 stili\u0173 ir pageidavimus, i\u0161 auk\u0161\u010diausios kokyb\u0117s med\u017eiag\u0173, tod\u0117l yra patvarus ir lengvai pri\u017ei\u016brimas. Pagalv\u0117s u\u017evalkalas turi tvirt\u0105 u\u017etrauktuk\u0105, kad b\u016bt\u0173 lengva \u012fd\u0117ti ir i\u0161imti. \u012ed\u0117klas yra [\u2026]<\/p>","protected":false},"featured_media":30618,"comment_status":"open","ping_status":"open","template":"","meta":[],"product_brand":[],"product_cat":[2012,1043],"product_tag":[],"class_list":{"0":"post-30617","1":"product","2":"type-product","3":"status-publish","4":"has-post-thumbnail","6":"product_cat-eltap","7":"product_cat-extras","8":"pa_frame-material-undefined","9":"pa_frame-material-type-undefined","10":"pa_leg-color-undefined","11":"pa_leg-material-undefined","12":"pa_linen-box-undefined","13":"pa_main-color-beige","14":"pa_main-color-black","15":"pa_main-color-dark-blue","16":"pa_main-color-dark-gray","17":"pa_main-color-dark-green","18":"pa_main-color-golden","19":"pa_main-color-gray","20":"pa_main-color-green","21":"pa_main-color-light-brown","22":"pa_price-group-prestige","23":"pa_price-group-classic","24":"pa_price-group-premium","25":"pa_price-group-standard","26":"pa_seat-depth-undefined","27":"pa_seat-width-undefined","28":"pa_sleep-function-undefined","29":"pa_sleeping-area-length-undefined","30":"pa_sleeping-area-width-undefined","31":"pa_style-undefined","32":"pa_textile-cover-02","33":"pa_textile-gusto-86","34":"pa_textile-kronos-07","35":"pa_textile-mat-velvet-75","36":"pa_textile-monolith-09","37":"pa_textile-monolith-37","38":"pa_textile-monolith-48","39":"pa_textile-monolith-77","40":"pa_textile-monolith-84","41":"pa_textile-paros-02","42":"pa_textile-poco-100","43":"pa_textile-rivera-36","44":"pa_textile-sawana-21","45":"pa_textile-solar-96","46":"pa_textile-soro-93","47":"pa_upholstery-material-polyester","49":"first","50":"instock","51":"purchasable","52":"product-type-variable","53":"wvs-archive-product-wrapper"},"_links":{"self":[{"href":"https:\/\/baldumarket.lt\/lt\/wp-json\/wp\/v2\/product\/30617","targetHints":{"allow":["GET"]}}],"collection":[{"href":"https:\/\/baldumarket.lt\/lt\/wp-json\/wp\/v2\/product"}],"about":[{"href":"https:\/\/baldumarket.lt\/lt\/wp-json\/wp\/v2\/types\/product"}],"replies":[{"embeddable":true,"href":"https:\/\/baldumarket.lt\/lt\/wp-json\/wp\/v2\/comments?post=30617"}],"wp:featuredmedia":[{"embeddable":true,"href":"https:\/\/baldumarket.lt\/lt\/wp-json\/wp\/v2\/media\/30618"}],"wp:attachment":[{"href":"https:\/\/baldumarket.lt\/lt\/wp-json\/wp\/v2\/media?parent=30617"}],"wp:term":[{"taxonomy":"product_brand","embeddable":true,"href":"https:\/\/baldumarket.lt\/lt\/wp-json\/wp\/v2\/product_brand?post=30617"},{"taxonomy":"product_cat","embeddable":true,"href":"https:\/\/baldumarket.lt\/lt\/wp-json\/wp\/v2\/product_cat?post=30617"},{"taxonomy":"product_tag","embeddable":true,"href":"https:\/\/baldumarket.lt\/lt\/wp-json\/wp\/v2\/product_tag?post=30617"}],"curies":[{"name":"wp","href":"https:\/\/api.w.org\/{rel}","templated":true}]}}