{"id":306150,"date":"2026-01-15T18:56:23","date_gmt":"2026-01-15T15:56:23","guid":{"rendered":"https:\/\/baldumarket.lt\/product\/regal-rolin-zloty-bialy-polysk-adrk\/"},"modified":"2026-02-11T18:08:47","modified_gmt":"2026-02-11T15:08:47","slug":"regal-rolin-zloty-bialy-polysk-adrk","status":"publish","type":"product","link":"https:\/\/baldumarket.lt\/lt\/product\/regal-rolin-zloty-bialy-polysk-adrk\/","title":{"rendered":"Rolin aukso\/balto blizgesio ADRK knyg\u0173 lentyna"},"content":{"rendered":"<p>\u201eRolin\u201c lentyn\u0173 blokas \u2013 tai modernus ir funkcionalus daikt\u0173 laikymo sprendimas, puikiai tiksiantis bet kokiame interjere \u2013 nuo svetain\u0117s, biuro iki dirbtuvi\u0173. Tvirtas minimalistinio dizaino metalinis r\u0117mas u\u017etikrina stabilum\u0105 ir ilgaam\u017ei\u0161kum\u0105 net ir esant didel\u0117ms apkrovoms. Laminuotos plok\u0161t\u0117s lentynos yra atsparios \u012fbr\u0117\u017eimams ir dr\u0117gmei, lengvai valomos, tod\u0117l blokas yra prakti\u0161kas ir esteti\u0161kai patrauklus. D\u0117l paprasto ir universalaus dizaino \u201eRolin\u201c lentyn\u0173 blokas puikiai dera su pramoniniu, skandinavi\u0161ku ir lofto stiliaus interjerais. Galima rinktis i\u0161 \u012fvairi\u0173 spalv\u0173, tod\u0117l j\u012f galima pritaikyti pagal individualius poreikius ir skon\u012f. Idealiai tinka dekoracijoms, knygoms eksponuoti ir kasdieniams daiktams laikyti. Paprastas surinkimas ir patvari konstrukcija paver\u010dia \u201eRolin\u201c ilgalaike investicija.<\/p>","protected":false},"excerpt":{"rendered":"<p>Plotis (cm): 40<br \/>\n\u016agis (cm): 80<br \/>\nGylis (cm): 40<br \/>\nAsambl\u0117ja<br \/>\nSavaranki\u0161kas surinkimas<br \/>\nProdukto svoris [kg]: 10<\/p>","protected":false},"featured_media":306151,"comment_status":"open","ping_status":"open","template":"","meta":[],"product_brand":[],"product_cat":[9201,1987],"product_tag":[],"class_list":{"0":"post-306150","1":"product","2":"type-product","3":"status-publish","4":"has-post-thumbnail","6":"product_cat-adrk-furniture","7":"product_cat-shelving-units","9":"first","10":"instock","11":"purchasable","12":"product-type-simple"},"_links":{"self":[{"href":"https:\/\/baldumarket.lt\/lt\/wp-json\/wp\/v2\/product\/306150","targetHints":{"allow":["GET"]}}],"collection":[{"href":"https:\/\/baldumarket.lt\/lt\/wp-json\/wp\/v2\/product"}],"about":[{"href":"https:\/\/baldumarket.lt\/lt\/wp-json\/wp\/v2\/types\/product"}],"replies":[{"embeddable":true,"href":"https:\/\/baldumarket.lt\/lt\/wp-json\/wp\/v2\/comments?post=306150"}],"wp:featuredmedia":[{"embeddable":true,"href":"https:\/\/baldumarket.lt\/lt\/wp-json\/wp\/v2\/media\/306151"}],"wp:attachment":[{"href":"https:\/\/baldumarket.lt\/lt\/wp-json\/wp\/v2\/media?parent=306150"}],"wp:term":[{"taxonomy":"product_brand","embeddable":true,"href":"https:\/\/baldumarket.lt\/lt\/wp-json\/wp\/v2\/product_brand?post=306150"},{"taxonomy":"product_cat","embeddable":true,"href":"https:\/\/baldumarket.lt\/lt\/wp-json\/wp\/v2\/product_cat?post=306150"},{"taxonomy":"product_tag","embeddable":true,"href":"https:\/\/baldumarket.lt\/lt\/wp-json\/wp\/v2\/product_tag?post=306150"}],"curies":[{"name":"wp","href":"https:\/\/api.w.org\/{rel}","templated":true}]}}