{"id":306105,"date":"2026-01-15T18:55:49","date_gmt":"2026-01-15T15:55:49","guid":{"rendered":"https:\/\/baldumarket.lt\/product\/polka-ravi-dab-craft-zloty-czarny-adrk\/"},"modified":"2026-02-11T18:08:48","modified_gmt":"2026-02-11T15:08:48","slug":"polka-ravi-dab-craft-zloty-czarny-adrk","status":"publish","type":"product","link":"https:\/\/baldumarket.lt\/lt\/product\/polka-ravi-dab-craft-zloty-czarny-adrk\/","title":{"rendered":"Ravi lentyna, \u0105\u017euolo spalvos, auksin\u0117\/juoda, ADRK"},"content":{"rendered":"<p>\u201eRavi\u201c 100 cm lentyna \u2013 stilingas ir prakti\u0161kas sprendimas bet kokiam interjerui. Pagaminta i\u0161 auk\u0161tos kokyb\u0117s med\u017eiag\u0173, ji derina funkcionalum\u0105 su moderniu dizainu. Minimalistin\u0117 forma puikiai dera prie \u012fvairi\u0173 interjer\u0173 \u2013 nuo klasikinio iki industrinio. Ji suteikia daug vietos knygoms, dekoracijoms ir kitiems smulkiems daiktams laikyti, taip padeda palaikyti tvark\u0105 kambaryje. D\u0117l tvirtos konstrukcijos \u201eRavi\u201c lentyna yra patvari ir atspari kasdieniam naudojimui. Ji puikiai tiks svetain\u0117je, miegamajame, koridoriuje ar biure, suteikdama interjerui elegancijos ir harmonijos.<\/p>","protected":false},"excerpt":{"rendered":"<p>Plotis (cm): 100<br \/>\n\u016agis (cm): 18<br \/>\nGylis (cm): 16<br \/>\nAsambl\u0117ja<br \/>\nsavaranki\u0161kam surinkimui<br \/>\nProdukto svoris [kg]: 11<\/p>","protected":false},"featured_media":306106,"comment_status":"open","ping_status":"open","template":"","meta":[],"product_brand":[],"product_cat":[9201,1174],"product_tag":[],"class_list":{"0":"post-306105","1":"product","2":"type-product","3":"status-publish","4":"has-post-thumbnail","6":"product_cat-adrk-furniture","7":"product_cat-hanging-shelves","9":"first","10":"instock","11":"purchasable","12":"product-type-simple"},"_links":{"self":[{"href":"https:\/\/baldumarket.lt\/lt\/wp-json\/wp\/v2\/product\/306105","targetHints":{"allow":["GET"]}}],"collection":[{"href":"https:\/\/baldumarket.lt\/lt\/wp-json\/wp\/v2\/product"}],"about":[{"href":"https:\/\/baldumarket.lt\/lt\/wp-json\/wp\/v2\/types\/product"}],"replies":[{"embeddable":true,"href":"https:\/\/baldumarket.lt\/lt\/wp-json\/wp\/v2\/comments?post=306105"}],"wp:featuredmedia":[{"embeddable":true,"href":"https:\/\/baldumarket.lt\/lt\/wp-json\/wp\/v2\/media\/306106"}],"wp:attachment":[{"href":"https:\/\/baldumarket.lt\/lt\/wp-json\/wp\/v2\/media?parent=306105"}],"wp:term":[{"taxonomy":"product_brand","embeddable":true,"href":"https:\/\/baldumarket.lt\/lt\/wp-json\/wp\/v2\/product_brand?post=306105"},{"taxonomy":"product_cat","embeddable":true,"href":"https:\/\/baldumarket.lt\/lt\/wp-json\/wp\/v2\/product_cat?post=306105"},{"taxonomy":"product_tag","embeddable":true,"href":"https:\/\/baldumarket.lt\/lt\/wp-json\/wp\/v2\/product_tag?post=306105"}],"curies":[{"name":"wp","href":"https:\/\/api.w.org\/{rel}","templated":true}]}}