{"id":306090,"date":"2026-01-15T18:55:37","date_gmt":"2026-01-15T15:55:37","guid":{"rendered":"https:\/\/baldumarket.lt\/product\/komoda-beni-bialy-adrk\/"},"modified":"2026-02-11T18:08:48","modified_gmt":"2026-02-11T15:08:48","slug":"komoda-beni-bialy-adrk","status":"publish","type":"product","link":"https:\/\/baldumarket.lt\/lt\/product\/komoda-beni-bialy-adrk\/","title":{"rendered":"Beni komoda, balta, ADRK"},"content":{"rendered":"<p>Atraskite \u201eBeni\u201c komod\u0105, kurioje dera funkcionalumas ir i\u0161skirtinis stilius! Skandinavi\u0161kas minimalizmas kartu su bohemi\u0161komis detal\u0117mis, tokiomis kaip medin\u0117s kojel\u0117s ir virvin\u0117s rankenos, paver\u010dia \u0161\u012f bald\u0105 tinkan\u010diu bet kokiam interjerui \u2013 nuo svetain\u0117s iki miegamojo. Erdv\u016bs stal\u010diai su \u0161velnaus u\u017edarymo funkcija ir patvari konstrukcija, pagaminta i\u0161 auk\u0161tos kokyb\u0117s med\u017eiag\u0173, u\u017etikrina komfort\u0105 ir ilgaam\u017ei\u0161kum\u0105. Su \u0161ia unikalia komoda susikurkite \u0161ilt\u0105, stiling\u0105 erdv\u0119 ir atraskite likusi\u0105 kolekcijos dal\u012f!<\/p>","protected":false},"excerpt":{"rendered":"<p>Plotis (cm): 100<br \/>\n\u016agis (cm): 85<br \/>\nGylis (cm): 41<br \/>\nAsambl\u0117ja<br \/>\nsavaranki\u0161kam surinkimui<br \/>\nProdukto svoris [kg]: 38,9<\/p>","protected":false},"featured_media":306091,"comment_status":"open","ping_status":"open","template":"","meta":[],"product_brand":[],"product_cat":[9201,1173],"product_tag":[],"class_list":{"0":"post-306090","1":"product","2":"type-product","3":"status-publish","4":"has-post-thumbnail","6":"product_cat-adrk-furniture","7":"product_cat-chests-of-drawers","9":"first","10":"instock","11":"purchasable","12":"product-type-simple"},"_links":{"self":[{"href":"https:\/\/baldumarket.lt\/lt\/wp-json\/wp\/v2\/product\/306090","targetHints":{"allow":["GET"]}}],"collection":[{"href":"https:\/\/baldumarket.lt\/lt\/wp-json\/wp\/v2\/product"}],"about":[{"href":"https:\/\/baldumarket.lt\/lt\/wp-json\/wp\/v2\/types\/product"}],"replies":[{"embeddable":true,"href":"https:\/\/baldumarket.lt\/lt\/wp-json\/wp\/v2\/comments?post=306090"}],"wp:featuredmedia":[{"embeddable":true,"href":"https:\/\/baldumarket.lt\/lt\/wp-json\/wp\/v2\/media\/306091"}],"wp:attachment":[{"href":"https:\/\/baldumarket.lt\/lt\/wp-json\/wp\/v2\/media?parent=306090"}],"wp:term":[{"taxonomy":"product_brand","embeddable":true,"href":"https:\/\/baldumarket.lt\/lt\/wp-json\/wp\/v2\/product_brand?post=306090"},{"taxonomy":"product_cat","embeddable":true,"href":"https:\/\/baldumarket.lt\/lt\/wp-json\/wp\/v2\/product_cat?post=306090"},{"taxonomy":"product_tag","embeddable":true,"href":"https:\/\/baldumarket.lt\/lt\/wp-json\/wp\/v2\/product_tag?post=306090"}],"curies":[{"name":"wp","href":"https:\/\/api.w.org\/{rel}","templated":true}]}}